{"id":9784,"date":"2024-11-22T21:22:38","date_gmt":"2024-11-22T20:22:38","guid":{"rendered":"https:\/\/www.konstantinbax.com\/?post_type=product&#038;p=9784"},"modified":"2025-04-25T19:34:14","modified_gmt":"2025-04-25T18:34:14","slug":"wings","status":"publish","type":"product","link":"https:\/\/www.konstantinbax.com\/de\/produkt\/wings\/","title":{"rendered":"Sad Wings of Destiny"},"content":{"rendered":"<h3 style=\"text-align: center;\"><span style=\"color: #6ea1b7;\"><strong>Fragments of Sound Series<\/strong><\/span><\/h3>\n<p style=\"text-align: center;\"><strong>&#8220;Sad Wings of Destiny&#8221;<\/strong><\/p>\n<p>&nbsp;<\/p>\n<h4><img decoding=\"async\" class=\"aligncenter wp-image-9776 lazyload\" data-src=\"https:\/\/www.konstantinbax.com\/wp-content\/uploads\/2024\/11\/Bax-WingsofDestiny1-472x590.jpg\" alt=\"Konstantin Bax Original Psychedelic visionary contemporary art hamburg psychedelische kunst 38\" width=\"400\" height=\"500\" data-srcset=\"https:\/\/www.konstantinbax.com\/wp-content\/uploads\/2024\/11\/Bax-WingsofDestiny1-472x590.jpg 472w, https:\/\/www.konstantinbax.com\/wp-content\/uploads\/2024\/11\/Bax-WingsofDestiny1-760x950.jpg 760w, https:\/\/www.konstantinbax.com\/wp-content\/uploads\/2024\/11\/Bax-WingsofDestiny1-768x960.jpg 768w, https:\/\/www.konstantinbax.com\/wp-content\/uploads\/2024\/11\/Bax-WingsofDestiny1-10x12.jpg 10w, https:\/\/www.konstantinbax.com\/wp-content\/uploads\/2024\/11\/Bax-WingsofDestiny1-370x463.jpg 370w, https:\/\/www.konstantinbax.com\/wp-content\/uploads\/2024\/11\/Bax-WingsofDestiny1-1040x1300.jpg 1040w, https:\/\/www.konstantinbax.com\/wp-content\/uploads\/2024\/11\/Bax-WingsofDestiny1-600x750.jpg 600w, https:\/\/www.konstantinbax.com\/wp-content\/uploads\/2024\/11\/Bax-WingsofDestiny1.jpg 1080w\" data-sizes=\"(max-width: 400px) 100vw, 400px\" src=\"data:image\/svg+xml;base64,PHN2ZyB3aWR0aD0iMSIgaGVpZ2h0PSIxIiB4bWxucz0iaHR0cDovL3d3dy53My5vcmcvMjAwMC9zdmciPjwvc3ZnPg==\" style=\"--smush-placeholder-width: 400px; --smush-placeholder-aspect-ratio: 400\/500;\" \/><\/h4>\n<h2><img decoding=\"async\" class=\"aligncenter wp-image-9779 lazyload\" data-src=\"https:\/\/www.konstantinbax.com\/wp-content\/uploads\/2024\/11\/Bax-WingsofDestiny4-472x590.jpg\" alt=\"Konstantin Bax Original Psychedelic visionary contemporary art hamburg psychedelische kunst 40\" width=\"400\" height=\"500\" data-srcset=\"https:\/\/www.konstantinbax.com\/wp-content\/uploads\/2024\/11\/Bax-WingsofDestiny4-472x590.jpg 472w, https:\/\/www.konstantinbax.com\/wp-content\/uploads\/2024\/11\/Bax-WingsofDestiny4-760x950.jpg 760w, https:\/\/www.konstantinbax.com\/wp-content\/uploads\/2024\/11\/Bax-WingsofDestiny4-768x960.jpg 768w, https:\/\/www.konstantinbax.com\/wp-content\/uploads\/2024\/11\/Bax-WingsofDestiny4-10x12.jpg 10w, https:\/\/www.konstantinbax.com\/wp-content\/uploads\/2024\/11\/Bax-WingsofDestiny4-370x463.jpg 370w, https:\/\/www.konstantinbax.com\/wp-content\/uploads\/2024\/11\/Bax-WingsofDestiny4-1040x1300.jpg 1040w, https:\/\/www.konstantinbax.com\/wp-content\/uploads\/2024\/11\/Bax-WingsofDestiny4-600x750.jpg 600w, https:\/\/www.konstantinbax.com\/wp-content\/uploads\/2024\/11\/Bax-WingsofDestiny4.jpg 1080w\" data-sizes=\"(max-width: 400px) 100vw, 400px\" src=\"data:image\/svg+xml;base64,PHN2ZyB3aWR0aD0iMSIgaGVpZ2h0PSIxIiB4bWxucz0iaHR0cDovL3d3dy53My5vcmcvMjAwMC9zdmciPjwvc3ZnPg==\" style=\"--smush-placeholder-width: 400px; --smush-placeholder-aspect-ratio: 400\/500;\" \/><\/h2>\n<p>&nbsp;<\/p>\n<p>&nbsp;<\/p>\n<h3 style=\"text-align: center;\">The Process<\/h3>\n<p style=\"text-align: justify;\">Mit den Bildern der zwei Serien \u201eCubes of Chaos\u201c und \u201eFragments of Sound\u201c habe ich einen sehr abstrakten Ansatz f\u00fcr die klassische psychedelische Kunst gew\u00e4hlt. Die Gem\u00e4lde sind mit sehr groben Pinselstrichen gearbeitet und mein Fokus lag darauf, auf kleinstem Raum so viel Textur wie m\u00f6glich zu erschaffen. Diese Bilder leben von ihren leuchtenden Farben, dem spontanen Farbauftrag und der Tiefe der Details, die aus dem Chaos der fl\u00fcssigen Farbe hervorgegangen sind.<\/p>\n<p>&nbsp;<\/p>\n<p style=\"text-align: justify;\">Erm\u00f6glicht wird diese Technik durch ein spezielles Hightech-Papier, auf dem die Farbe in sehr hoher Aufl\u00f6sung trocknen kann. Ich habe Bl\u00e4tter im Format 40 x 50 bemalt, sie dann zerschnitten und einige davon neu angeordnet. Das Papier wurde dann auf 16 mm starkes schwarzes MDF aufgezogen und mit einer H\u00e4ngung versehen.<\/p>\n<p>&nbsp;<\/p>\n<p style=\"text-align: justify;\">Es gibt noch 66 weitere dieser kleinen Miniaturbilder aus dieser Serie, die Teil meines limitierten Box Sets <a href=\"https:\/\/www.konstantinbax.com\/de\/produkt\/greatest-hits-vol-1-collectors-edition\/\" target=\"_blank\" rel=\"noopener\">Greatest Hits \u2013 Collector\u2019s Edition<\/a>sind. Jede Box enth\u00e4lt eines dieser Originale.<\/p>\n<p>&nbsp;<\/p>\n<p>&nbsp;<\/p>\n<p>&nbsp;<\/p>\n<p><img decoding=\"async\" class=\"aligncenter size-thumbnail wp-image-7114 lazyload\" data-src=\"https:\/\/www.konstantinbax.com\/wp-content\/uploads\/2019\/04\/Unbenannt-2-200x200.png\" alt=\"\" width=\"200\" height=\"200\" data-srcset=\"https:\/\/www.konstantinbax.com\/wp-content\/uploads\/2019\/04\/Unbenannt-2-200x200.png 200w, https:\/\/www.konstantinbax.com\/wp-content\/uploads\/2019\/04\/Unbenannt-2-100x100.png 100w\" data-sizes=\"(max-width: 200px) 100vw, 200px\" src=\"data:image\/svg+xml;base64,PHN2ZyB3aWR0aD0iMSIgaGVpZ2h0PSIxIiB4bWxucz0iaHR0cDovL3d3dy53My5vcmcvMjAwMC9zdmciPjwvc3ZnPg==\" style=\"--smush-placeholder-width: 200px; --smush-placeholder-aspect-ratio: 200\/200;\" \/><\/p>\n<p><span style=\"color: #161616;\">.<\/span><\/p>\n<h3 style=\"text-align: center;\"><a href=\"https:\/\/www.konstantinbax.com\/de\/produkt-kategorie\/artprints\/\">ART PRINTS<\/a><\/h3>\n<h3 style=\"text-align: center;\"><a href=\"https:\/\/www.konstantinbax.com\/de\/produkt-kategorie\/limited-editions-canvas\/\">FINE ART EDITIONS<\/a><\/h3>\n<h3 style=\"text-align: center;\"><a href=\"https:\/\/www.konstantinbax.com\/de\/produkt-kategorie\/books\/\">BOOKS<\/a><\/h3>\n<h3 style=\"text-align: center;\"><a href=\"https:\/\/www.konstantinbax.com\/de\/produkt-kategorie\/acrylic-masterclass\/\">MASTERCLASS<\/a><\/h3>\n<p>&nbsp;<\/p>","protected":false},"excerpt":{"rendered":"<p>&nbsp;<\/p>\n<p><strong><span style=\"color: #585455;\">Acrylic on High Tec Paper<\/span><\/strong><\/p>\n<p><span style=\"color: #99b5b1;\">ORIGINAL ARTWORK<\/span><\/p>\n<p>&nbsp;<\/p>\n<ul>\n<li><span style=\"color: #808080;\">11cm x 11cm | 4&#8243; x 4&#8243;<\/span><\/li>\n<li><span style=\"color: #808080;\">signed on the front and back&nbsp;<\/span><\/li>\n<li><span style=\"color: #808080;\">with certificate of authenticity<\/span><\/li>\n<li><span style=\"color: #808080;\">frame and mat included (20x26cm | 8&#8243;x11&#8243;)<\/span><\/li>\n<li>free shipping worldwide<\/li>\n<\/ul>\n<p>&nbsp;<\/p>\n<p>&nbsp;<\/p>\n<p style=\"padding-left: 60px;\">&nbsp;&nbsp;<a href=\"https:\/\/www.konstantinbax.com\/shop\/order-info\/\" target=\"_blank\" rel=\"noopener noreferrer\">| order info |<\/a>&nbsp;<br \/>\n&nbsp;<br \/>\n[woocommerce_currency_switcher_drop_down_box]<\/p>\n","protected":false},"featured_media":9777,"template":"","meta":{"_editorskit_title_hidden":false,"_editorskit_reading_time":0,"_editorskit_is_block_options_detached":false,"_editorskit_block_options_position":"{}","ngg_post_thumbnail":0},"product_brand":[],"product_cat":[308],"product_tag":[],"class_list":{"0":"post-9784","1":"product","2":"type-product","3":"status-publish","4":"has-post-thumbnail","6":"product_cat-originals","8":"first","9":"instock","10":"sold-individually","11":"shipping-taxable","12":"purchasable","13":"product-type-simple"},"yoast_head":"<!-- This site is optimized with the Yoast SEO plugin v26.9 - https:\/\/yoast.com\/product\/yoast-seo-wordpress\/ -->\n<title>A Bax Original &quot;Wings of Destiny&quot; | Contemporary Psychedelic Art<\/title>\n<meta name=\"description\" content=\"Original Artwork by german artist Konstantin Bax. Finest abstract psychedlic visions directly from the artist&#039;s studio in Hamburg.\" \/>\n<meta name=\"robots\" content=\"index, follow, max-snippet:-1, max-image-preview:large, max-video-preview:-1\" \/>\n<link rel=\"canonical\" href=\"https:\/\/www.konstantinbax.com\/de\/produkt\/wings\/\" \/>\n<meta property=\"og:locale\" content=\"de_DE\" \/>\n<meta property=\"og:type\" content=\"article\" \/>\n<meta property=\"og:title\" content=\"A Bax Original &quot;Wings of Destiny&quot; | Contemporary Psychedelic Art\" \/>\n<meta property=\"og:description\" content=\"Original Artwork by german artist Konstantin Bax. Finest abstract psychedlic visions directly from the artist&#039;s studio in Hamburg.\" \/>\n<meta property=\"og:url\" content=\"https:\/\/www.konstantinbax.com\/de\/produkt\/wings\/\" \/>\n<meta property=\"og:site_name\" content=\"The Art of Konstantin Bax\" \/>\n<meta property=\"article:publisher\" content=\"https:\/\/www.facebook.com\/denniskonstantinbax\/\" \/>\n<meta property=\"article:modified_time\" content=\"2025-04-25T18:34:14+00:00\" \/>\n<meta property=\"og:image\" content=\"https:\/\/www.konstantinbax.com\/wp-content\/uploads\/2024\/11\/Bax-WingsofDestiny2.jpg\" \/>\n\t<meta property=\"og:image:width\" content=\"1080\" \/>\n\t<meta property=\"og:image:height\" content=\"1080\" \/>\n\t<meta property=\"og:image:type\" content=\"image\/jpeg\" \/>\n<meta name=\"twitter:card\" content=\"summary_large_image\" \/>\n<meta name=\"twitter:label1\" content=\"Gesch\u00e4tzte Lesezeit\" \/>\n\t<meta name=\"twitter:data1\" content=\"2\u00a0Minuten\" \/>\n<script type=\"application\/ld+json\" class=\"yoast-schema-graph\">{\"@context\":\"https:\/\/schema.org\",\"@graph\":[{\"@type\":\"WebPage\",\"@id\":\"https:\/\/www.konstantinbax.com\/product\/wings\/\",\"url\":\"https:\/\/www.konstantinbax.com\/product\/wings\/\",\"name\":\"A Bax Original \\\"Wings of Destiny\\\" | Contemporary Psychedelic Art\",\"isPartOf\":{\"@id\":\"https:\/\/www.konstantinbax.com\/#website\"},\"primaryImageOfPage\":{\"@id\":\"https:\/\/www.konstantinbax.com\/product\/wings\/#primaryimage\"},\"image\":{\"@id\":\"https:\/\/www.konstantinbax.com\/product\/wings\/#primaryimage\"},\"thumbnailUrl\":\"https:\/\/www.konstantinbax.com\/wp-content\/uploads\/2024\/11\/Bax-WingsofDestiny2.jpg\",\"datePublished\":\"2024-11-22T20:22:38+00:00\",\"dateModified\":\"2025-04-25T18:34:14+00:00\",\"description\":\"Original Artwork by german artist Konstantin Bax. Finest abstract psychedlic visions directly from the artist's studio in Hamburg.\",\"breadcrumb\":{\"@id\":\"https:\/\/www.konstantinbax.com\/product\/wings\/#breadcrumb\"},\"inLanguage\":\"de\",\"potentialAction\":[{\"@type\":\"ReadAction\",\"target\":[\"https:\/\/www.konstantinbax.com\/product\/wings\/\"]}]},{\"@type\":\"ImageObject\",\"inLanguage\":\"de\",\"@id\":\"https:\/\/www.konstantinbax.com\/product\/wings\/#primaryimage\",\"url\":\"https:\/\/www.konstantinbax.com\/wp-content\/uploads\/2024\/11\/Bax-WingsofDestiny2.jpg\",\"contentUrl\":\"https:\/\/www.konstantinbax.com\/wp-content\/uploads\/2024\/11\/Bax-WingsofDestiny2.jpg\",\"width\":1080,\"height\":1080,\"caption\":\"Konstantin Bax Original Psychedelic visionary contemporary art hamburg psychedelische kunst 39\"},{\"@type\":\"BreadcrumbList\",\"@id\":\"https:\/\/www.konstantinbax.com\/product\/wings\/#breadcrumb\",\"itemListElement\":[{\"@type\":\"ListItem\",\"position\":1,\"name\":\"Home\",\"item\":\"https:\/\/www.konstantinbax.com\/\"},{\"@type\":\"ListItem\",\"position\":2,\"name\":\"THE BAX ARTSTORE\",\"item\":\"https:\/\/www.konstantinbax.com\/shop\/\"},{\"@type\":\"ListItem\",\"position\":3,\"name\":\"Sad Wings of Destiny\"}]},{\"@type\":\"WebSite\",\"@id\":\"https:\/\/www.konstantinbax.com\/#website\",\"url\":\"https:\/\/www.konstantinbax.com\/\",\"name\":\"The Art of Konstantin Bax\",\"description\":\"Windows to Infinity\",\"publisher\":{\"@id\":\"https:\/\/www.konstantinbax.com\/#organization\"},\"potentialAction\":[{\"@type\":\"SearchAction\",\"target\":{\"@type\":\"EntryPoint\",\"urlTemplate\":\"https:\/\/www.konstantinbax.com\/?s={search_term_string}\"},\"query-input\":{\"@type\":\"PropertyValueSpecification\",\"valueRequired\":true,\"valueName\":\"search_term_string\"}}],\"inLanguage\":\"de\"},{\"@type\":\"Organization\",\"@id\":\"https:\/\/www.konstantinbax.com\/#organization\",\"name\":\"The Art of Konstantin Bax\",\"url\":\"https:\/\/www.konstantinbax.com\/\",\"logo\":{\"@type\":\"ImageObject\",\"inLanguage\":\"de\",\"@id\":\"https:\/\/www.konstantinbax.com\/#\/schema\/logo\/image\/\",\"url\":\"https:\/\/www.konstantinbax.com\/wp-content\/uploads\/2024\/05\/LogoFinal5DD2.png\",\"contentUrl\":\"https:\/\/www.konstantinbax.com\/wp-content\/uploads\/2024\/05\/LogoFinal5DD2.png\",\"width\":397,\"height\":370,\"caption\":\"The Art of Konstantin Bax\"},\"image\":{\"@id\":\"https:\/\/www.konstantinbax.com\/#\/schema\/logo\/image\/\"},\"sameAs\":[\"https:\/\/www.facebook.com\/denniskonstantinbax\/\",\"https:\/\/www.instagram.com\/denniskonstantinbax\/\",\"https:\/\/de.pinterest.com\/beyondomega\/\"]}]}<\/script>\n<!-- \/ Yoast SEO plugin. -->","yoast_head_json":{"title":"A Bax Original \"Wings of Destiny\" | Contemporary Psychedelic Art","description":"Original Artwork by german artist Konstantin Bax. Finest abstract psychedlic visions directly from the artist's studio in Hamburg.","robots":{"index":"index","follow":"follow","max-snippet":"max-snippet:-1","max-image-preview":"max-image-preview:large","max-video-preview":"max-video-preview:-1"},"canonical":"https:\/\/www.konstantinbax.com\/de\/produkt\/wings\/","og_locale":"de_DE","og_type":"article","og_title":"A Bax Original \"Wings of Destiny\" | Contemporary Psychedelic Art","og_description":"Original Artwork by german artist Konstantin Bax. Finest abstract psychedlic visions directly from the artist's studio in Hamburg.","og_url":"https:\/\/www.konstantinbax.com\/de\/produkt\/wings\/","og_site_name":"The Art of Konstantin Bax","article_publisher":"https:\/\/www.facebook.com\/denniskonstantinbax\/","article_modified_time":"2025-04-25T18:34:14+00:00","og_image":[{"width":1080,"height":1080,"url":"https:\/\/www.konstantinbax.com\/wp-content\/uploads\/2024\/11\/Bax-WingsofDestiny2.jpg","type":"image\/jpeg"}],"twitter_card":"summary_large_image","twitter_misc":{"Gesch\u00e4tzte Lesezeit":"2\u00a0Minuten"},"schema":{"@context":"https:\/\/schema.org","@graph":[{"@type":"WebPage","@id":"https:\/\/www.konstantinbax.com\/product\/wings\/","url":"https:\/\/www.konstantinbax.com\/product\/wings\/","name":"A Bax Original \"Wings of Destiny\" | Contemporary Psychedelic Art","isPartOf":{"@id":"https:\/\/www.konstantinbax.com\/#website"},"primaryImageOfPage":{"@id":"https:\/\/www.konstantinbax.com\/product\/wings\/#primaryimage"},"image":{"@id":"https:\/\/www.konstantinbax.com\/product\/wings\/#primaryimage"},"thumbnailUrl":"https:\/\/www.konstantinbax.com\/wp-content\/uploads\/2024\/11\/Bax-WingsofDestiny2.jpg","datePublished":"2024-11-22T20:22:38+00:00","dateModified":"2025-04-25T18:34:14+00:00","description":"Original Artwork by german artist Konstantin Bax. Finest abstract psychedlic visions directly from the artist's studio in Hamburg.","breadcrumb":{"@id":"https:\/\/www.konstantinbax.com\/product\/wings\/#breadcrumb"},"inLanguage":"de","potentialAction":[{"@type":"ReadAction","target":["https:\/\/www.konstantinbax.com\/product\/wings\/"]}]},{"@type":"ImageObject","inLanguage":"de","@id":"https:\/\/www.konstantinbax.com\/product\/wings\/#primaryimage","url":"https:\/\/www.konstantinbax.com\/wp-content\/uploads\/2024\/11\/Bax-WingsofDestiny2.jpg","contentUrl":"https:\/\/www.konstantinbax.com\/wp-content\/uploads\/2024\/11\/Bax-WingsofDestiny2.jpg","width":1080,"height":1080,"caption":"Konstantin Bax Original Psychedelic visionary contemporary art hamburg psychedelische kunst 39"},{"@type":"BreadcrumbList","@id":"https:\/\/www.konstantinbax.com\/product\/wings\/#breadcrumb","itemListElement":[{"@type":"ListItem","position":1,"name":"Home","item":"https:\/\/www.konstantinbax.com\/"},{"@type":"ListItem","position":2,"name":"THE BAX ARTSTORE","item":"https:\/\/www.konstantinbax.com\/shop\/"},{"@type":"ListItem","position":3,"name":"Sad Wings of Destiny"}]},{"@type":"WebSite","@id":"https:\/\/www.konstantinbax.com\/#website","url":"https:\/\/www.konstantinbax.com\/","name":"The Art of Konstantin Bax","description":"Windows to Infinity","publisher":{"@id":"https:\/\/www.konstantinbax.com\/#organization"},"potentialAction":[{"@type":"SearchAction","target":{"@type":"EntryPoint","urlTemplate":"https:\/\/www.konstantinbax.com\/?s={search_term_string}"},"query-input":{"@type":"PropertyValueSpecification","valueRequired":true,"valueName":"search_term_string"}}],"inLanguage":"de"},{"@type":"Organization","@id":"https:\/\/www.konstantinbax.com\/#organization","name":"The Art of Konstantin Bax","url":"https:\/\/www.konstantinbax.com\/","logo":{"@type":"ImageObject","inLanguage":"de","@id":"https:\/\/www.konstantinbax.com\/#\/schema\/logo\/image\/","url":"https:\/\/www.konstantinbax.com\/wp-content\/uploads\/2024\/05\/LogoFinal5DD2.png","contentUrl":"https:\/\/www.konstantinbax.com\/wp-content\/uploads\/2024\/05\/LogoFinal5DD2.png","width":397,"height":370,"caption":"The Art of Konstantin Bax"},"image":{"@id":"https:\/\/www.konstantinbax.com\/#\/schema\/logo\/image\/"},"sameAs":["https:\/\/www.facebook.com\/denniskonstantinbax\/","https:\/\/www.instagram.com\/denniskonstantinbax\/","https:\/\/de.pinterest.com\/beyondomega\/"]}]}},"_links":{"self":[{"href":"https:\/\/www.konstantinbax.com\/de\/wp-json\/wp\/v2\/product\/9784","targetHints":{"allow":["GET"]}}],"collection":[{"href":"https:\/\/www.konstantinbax.com\/de\/wp-json\/wp\/v2\/product"}],"about":[{"href":"https:\/\/www.konstantinbax.com\/de\/wp-json\/wp\/v2\/types\/product"}],"wp:featuredmedia":[{"embeddable":true,"href":"https:\/\/www.konstantinbax.com\/de\/wp-json\/wp\/v2\/media\/9777"}],"wp:attachment":[{"href":"https:\/\/www.konstantinbax.com\/de\/wp-json\/wp\/v2\/media?parent=9784"}],"wp:term":[{"taxonomy":"product_brand","embeddable":true,"href":"https:\/\/www.konstantinbax.com\/de\/wp-json\/wp\/v2\/product_brand?post=9784"},{"taxonomy":"product_cat","embeddable":true,"href":"https:\/\/www.konstantinbax.com\/de\/wp-json\/wp\/v2\/product_cat?post=9784"},{"taxonomy":"product_tag","embeddable":true,"href":"https:\/\/www.konstantinbax.com\/de\/wp-json\/wp\/v2\/product_tag?post=9784"}],"curies":[{"name":"wp","href":"https:\/\/api.w.org\/{rel}","templated":true}]}}