{"id":9597,"date":"2024-11-02T12:06:42","date_gmt":"2024-11-02T11:06:42","guid":{"rendered":"https:\/\/www.konstantinbax.com\/?post_type=product&#038;p=9597"},"modified":"2025-06-09T16:48:58","modified_gmt":"2025-06-09T15:48:58","slug":"manic-mansion","status":"publish","type":"product","link":"https:\/\/www.konstantinbax.com\/de\/produkt\/manic-mansion\/","title":{"rendered":"Manic Mansion I"},"content":{"rendered":"<p style=\"padding-left: 30px;\">&nbsp;<\/p>\n<h2><img decoding=\"async\" class=\"aligncenter wp-image-10313 size-full lazyload\" data-src=\"https:\/\/www.konstantinbax.com\/wp-content\/uploads\/2025\/04\/Psychedelic-Art-Prints-Bax-2.jpg\" alt=\"\" width=\"1200\" height=\"626\" data-srcset=\"https:\/\/www.konstantinbax.com\/wp-content\/uploads\/2025\/04\/Psychedelic-Art-Prints-Bax-2.jpg 1200w, https:\/\/www.konstantinbax.com\/wp-content\/uploads\/2025\/04\/Psychedelic-Art-Prints-Bax-2-590x308.jpg 590w, https:\/\/www.konstantinbax.com\/wp-content\/uploads\/2025\/04\/Psychedelic-Art-Prints-Bax-2-950x496.jpg 950w, https:\/\/www.konstantinbax.com\/wp-content\/uploads\/2025\/04\/Psychedelic-Art-Prints-Bax-2-768x401.jpg 768w, https:\/\/www.konstantinbax.com\/wp-content\/uploads\/2025\/04\/Psychedelic-Art-Prints-Bax-2-18x9.jpg 18w, https:\/\/www.konstantinbax.com\/wp-content\/uploads\/2025\/04\/Psychedelic-Art-Prints-Bax-2-370x193.jpg 370w, https:\/\/www.konstantinbax.com\/wp-content\/uploads\/2025\/04\/Psychedelic-Art-Prints-Bax-2-1040x543.jpg 1040w, https:\/\/www.konstantinbax.com\/wp-content\/uploads\/2025\/04\/Psychedelic-Art-Prints-Bax-2-600x313.jpg 600w\" data-sizes=\"(max-width: 1200px) 100vw, 1200px\" src=\"data:image\/svg+xml;base64,PHN2ZyB3aWR0aD0iMSIgaGVpZ2h0PSIxIiB4bWxucz0iaHR0cDovL3d3dy53My5vcmcvMjAwMC9zdmciPjwvc3ZnPg==\" style=\"--smush-placeholder-width: 1200px; --smush-placeholder-aspect-ratio: 1200\/626;\" \/><\/h2>\n<p>&nbsp;<\/p>\n<h2><img decoding=\"async\" class=\"alignright wp-image-7393 lazyload\" data-src=\"https:\/\/www.konstantinbax.com\/wp-content\/uploads\/2019\/10\/soul-medicin-psychedelic-artprints-logo-200x200.jpg\" alt=\"\" width=\"300\" height=\"308\" data-srcset=\"https:\/\/www.konstantinbax.com\/wp-content\/uploads\/2019\/10\/soul-medicin-psychedelic-artprints-logo-370x380.jpg 370w, https:\/\/www.konstantinbax.com\/wp-content\/uploads\/2019\/10\/soul-medicin-psychedelic-artprints-logo.jpg 500w\" data-sizes=\"(max-width: 300px) 100vw, 300px\" src=\"data:image\/svg+xml;base64,PHN2ZyB3aWR0aD0iMSIgaGVpZ2h0PSIxIiB4bWxucz0iaHR0cDovL3d3dy53My5vcmcvMjAwMC9zdmciPjwvc3ZnPg==\" style=\"--smush-placeholder-width: 300px; --smush-placeholder-aspect-ratio: 300\/308;\" \/><\/h2>\n<h3><span style=\"color: #6ea1b7;\"><strong>Die Soul Medicine Kunstboxen<\/strong><\/span><\/h3>\n<p style=\"text-align: justify;\">Wenn ich an einem Bild arbeite, habe ich oft eine vage Vorstellung davon, was ich ausdr\u00fccken m\u00f6chte. Wenn ich w\u00e4hrend des Malens z. B. ein Konzept wie Freiheit oder Vertrauen im Kopf habe, strahlt das Kunstwerk am Ende meist auch diesen Gedanken aus.<\/p>\n<p><span style=\"color: #161616;\">.<\/span><\/p>\n<p style=\"text-align: justify;\">Die 'Soul Medicine' Kunstboxen sind aus der Idee heraus entstanden, die besondere Energie, die meinen Bildern innewohnt, zu vermitteln. Jede Box ist mit dem Begriff beschriftet, der mich beim Malen inspiriert und begleitet hat. So hat jede Box, jedes Bild, seine eigene \u201eSuperkraft\u201c.<\/p>\n<p><span style=\"color: #161616;\">.<\/span><\/p>\n<p style=\"text-align: justify;\"><strong>Dies Box mit \u201cManic Mansion I\u201d tr\u00e4gt den Begriff<span style=\"color: #6ea1b7;\">&nbsp;<span style=\"color: #e3689b;\">*EIGENSINN<\/span><\/span><\/strong><\/p>\n<p><span style=\"color: #161616;\">.<\/span><\/p>\n<h3><span style=\"color: #6ea1b7;\"><strong>Ein Geschenk f\u00fcr die Seele<\/strong><\/span><\/h3>\n<p style=\"text-align: justify;\">Ich glaube an die heilende Kraft der Kunst. In einer Welt, die mehr denn je vom Verstand regiert wird, ist sie die Insel, auf der sich die Seele ausruhen kann. Sie \u00f6ffnet uns das Tor in die Freiheit der Gedanken, in eine Welt der M\u00f6glichkeiten jenseits der reinen Logik.<\/p>\n<p><span style=\"color: #161616;\">.<\/span><\/p>\n<p style=\"text-align: justify;\">Die verschiedenen 'Soul Medicine' Boxen sind eine Erinnerung an die eigenen St\u00e4rken und M\u00f6glichkeiten, Quellen der Inspiration, die sich auch wunderbar als Geschenk f\u00fcr gute Freunde eignen. Jeder Kunstdruck kommt in einer liebevoll gestalteten Box mit Sicherheitshologramm. Dieses befindet sich auch nochmal auf der R\u00fcckseite der Drucke selbst.<\/p>\n<p><span style=\"color: #161616;\">.<\/span><\/p>\n<p><span style=\"color: #161616;\">.<\/span><\/p>\n<p><span style=\"color: #161616;\">.<\/span><\/p>\n<p><img decoding=\"async\" class=\"aligncenter wp-image-10330 size-full lazyload\" data-src=\"https:\/\/www.konstantinbax.com\/wp-content\/uploads\/2025\/04\/Psychedelic-Art-Prints-Bax-1.jpg\" alt=\"\" width=\"1200\" height=\"762\" data-srcset=\"https:\/\/www.konstantinbax.com\/wp-content\/uploads\/2025\/04\/Psychedelic-Art-Prints-Bax-1.jpg 1200w, https:\/\/www.konstantinbax.com\/wp-content\/uploads\/2025\/04\/Psychedelic-Art-Prints-Bax-1-590x375.jpg 590w, https:\/\/www.konstantinbax.com\/wp-content\/uploads\/2025\/04\/Psychedelic-Art-Prints-Bax-1-950x603.jpg 950w, https:\/\/www.konstantinbax.com\/wp-content\/uploads\/2025\/04\/Psychedelic-Art-Prints-Bax-1-768x488.jpg 768w, https:\/\/www.konstantinbax.com\/wp-content\/uploads\/2025\/04\/Psychedelic-Art-Prints-Bax-1-18x12.jpg 18w, https:\/\/www.konstantinbax.com\/wp-content\/uploads\/2025\/04\/Psychedelic-Art-Prints-Bax-1-370x235.jpg 370w, https:\/\/www.konstantinbax.com\/wp-content\/uploads\/2025\/04\/Psychedelic-Art-Prints-Bax-1-1040x660.jpg 1040w, https:\/\/www.konstantinbax.com\/wp-content\/uploads\/2025\/04\/Psychedelic-Art-Prints-Bax-1-600x381.jpg 600w\" data-sizes=\"(max-width: 1200px) 100vw, 1200px\" src=\"data:image\/svg+xml;base64,PHN2ZyB3aWR0aD0iMSIgaGVpZ2h0PSIxIiB4bWxucz0iaHR0cDovL3d3dy53My5vcmcvMjAwMC9zdmciPjwvc3ZnPg==\" style=\"--smush-placeholder-width: 1200px; --smush-placeholder-aspect-ratio: 1200\/762;\" \/><span style=\"color: #161616;\">.<\/span><\/p>\n<p><span style=\"color: #161616;\">.<\/span><\/p>\n<p><img decoding=\"async\" class=\"aligncenter size-thumbnail wp-image-7114 lazyload\" data-src=\"https:\/\/www.konstantinbax.com\/wp-content\/uploads\/2019\/04\/Unbenannt-2-200x200.png\" alt=\"\" width=\"200\" height=\"200\" data-srcset=\"https:\/\/www.konstantinbax.com\/wp-content\/uploads\/2019\/04\/Unbenannt-2-200x200.png 200w, https:\/\/www.konstantinbax.com\/wp-content\/uploads\/2019\/04\/Unbenannt-2-100x100.png 100w\" data-sizes=\"(max-width: 200px) 100vw, 200px\" src=\"data:image\/svg+xml;base64,PHN2ZyB3aWR0aD0iMSIgaGVpZ2h0PSIxIiB4bWxucz0iaHR0cDovL3d3dy53My5vcmcvMjAwMC9zdmciPjwvc3ZnPg==\" style=\"--smush-placeholder-width: 200px; --smush-placeholder-aspect-ratio: 200\/200;\" \/><\/p>\n<p><span style=\"color: #161616;\">.<\/span><\/p>\n<h3 style=\"text-align: center;\"><a href=\"https:\/\/www.konstantinbax.com\/de\/produkt-kategorie\/artprints\/\">ART PRINTS<\/a><\/h3>\n<h3 style=\"text-align: center;\"><a href=\"https:\/\/www.konstantinbax.com\/de\/produkt-kategorie\/limited-editions-canvas\/\">FINE ART EDITIONS<\/a><\/h3>\n<h3 style=\"text-align: center;\"><a href=\"https:\/\/www.konstantinbax.com\/de\/produkt-kategorie\/books\/\">BOOKS<\/a><\/h3>\n<h3 style=\"text-align: center;\"><a href=\"https:\/\/www.konstantinbax.com\/de\/produkt-kategorie\/acrylic-masterclass\/\">MASTERCLASS<\/a><\/h3>\n<p>&nbsp;<\/p>","protected":false},"excerpt":{"rendered":"<p>&nbsp;<\/p>\n<p>&nbsp;<\/p>\n<h5><span style=\"color: #585455;\">SIGNED ART PRINT<\/span><\/h5>\n<ul>\n<li><span style=\"color: #808080;\">49cm x 70cm \/ 19&#8243; x 26&#8243;<\/span><\/li>\n<li><span style=\"color: #808080;\">print on heavy paper \/ 260g\/m2<\/span><\/li>\n<li><span style=\"color: #808080;\">signed &amp; with authenticity hologram&nbsp;<\/span><\/li>\n<li>comes in a beautiful gift box<\/li>\n<li><span style=\"color: #6ea1b7;\">free shipping worldwide!<\/span><\/li>\n<\/ul>\n<p style=\"padding-left: 60px;\">&nbsp;&nbsp;&nbsp;<span style=\"color: #6ea1b7;\"><a style=\"color: #6ea1b7;\" href=\"https:\/\/www.konstantinbax.com\/shop\/order-info\/\" target=\"_blank\" rel=\"noopener noreferrer\">| order info |<\/a><\/span><br \/>\n&nbsp;<br \/>\n&nbsp;<br \/>\n[woocommerce_currency_switcher_drop_down_box]<\/p>\n","protected":false},"featured_media":9595,"template":"","meta":{"_editorskit_title_hidden":false,"_editorskit_reading_time":0,"_editorskit_is_block_options_detached":false,"_editorskit_block_options_position":"{}","ngg_post_thumbnail":0},"product_brand":[],"product_cat":[132],"product_tag":[],"class_list":{"0":"post-9597","1":"product","2":"type-product","3":"status-publish","4":"has-post-thumbnail","6":"product_cat-artprints","7":"product_shipping_class-free-shipping","9":"first","10":"instock","11":"sold-individually","12":"shipping-taxable","13":"purchasable","14":"product-type-simple"},"yoast_head":"<!-- This site is optimized with the Yoast SEO plugin v26.9 - https:\/\/yoast.com\/product\/yoast-seo-wordpress\/ -->\n<title>Psychedelic Art Print by Konstantin Bax &quot;Manic Mansion I&quot;<\/title>\n<meta name=\"description\" content=\"High quality psychedelic art print from german artist Dennis Konstantin Bax. Finest contemporary psychedelic &amp; visionary art directly from the studio.\" \/>\n<meta name=\"robots\" content=\"index, follow, max-snippet:-1, max-image-preview:large, max-video-preview:-1\" \/>\n<link rel=\"canonical\" href=\"https:\/\/www.konstantinbax.com\/de\/produkt\/manic-mansion\/\" \/>\n<meta property=\"og:locale\" content=\"de_DE\" \/>\n<meta property=\"og:type\" content=\"article\" \/>\n<meta property=\"og:title\" content=\"Psychedelic Art Print by Konstantin Bax &quot;Manic Mansion I&quot;\" \/>\n<meta property=\"og:description\" content=\"High quality psychedelic art print from german artist Dennis Konstantin Bax. Finest contemporary psychedelic &amp; visionary art directly from the studio.\" \/>\n<meta property=\"og:url\" content=\"https:\/\/www.konstantinbax.com\/de\/produkt\/manic-mansion\/\" \/>\n<meta property=\"og:site_name\" content=\"The Art of Konstantin Bax\" \/>\n<meta property=\"article:publisher\" content=\"https:\/\/www.facebook.com\/denniskonstantinbax\/\" \/>\n<meta property=\"article:modified_time\" content=\"2025-06-09T15:48:58+00:00\" \/>\n<meta property=\"og:image\" content=\"https:\/\/www.konstantinbax.com\/wp-content\/uploads\/2024\/11\/Artprint-Bax-Eigensinn5.jpg\" \/>\n\t<meta property=\"og:image:width\" content=\"600\" \/>\n\t<meta property=\"og:image:height\" content=\"600\" \/>\n\t<meta property=\"og:image:type\" content=\"image\/jpeg\" \/>\n<meta name=\"twitter:card\" content=\"summary_large_image\" \/>\n<meta name=\"twitter:label1\" content=\"Gesch\u00e4tzte Lesezeit\" \/>\n\t<meta name=\"twitter:data1\" content=\"2\u00a0Minuten\" \/>\n<script type=\"application\/ld+json\" class=\"yoast-schema-graph\">{\"@context\":\"https:\/\/schema.org\",\"@graph\":[{\"@type\":\"WebPage\",\"@id\":\"https:\/\/www.konstantinbax.com\/product\/manic-mansion\/\",\"url\":\"https:\/\/www.konstantinbax.com\/product\/manic-mansion\/\",\"name\":\"Psychedelic Art Print by Konstantin Bax \\\"Manic Mansion I\\\"\",\"isPartOf\":{\"@id\":\"https:\/\/www.konstantinbax.com\/#website\"},\"primaryImageOfPage\":{\"@id\":\"https:\/\/www.konstantinbax.com\/product\/manic-mansion\/#primaryimage\"},\"image\":{\"@id\":\"https:\/\/www.konstantinbax.com\/product\/manic-mansion\/#primaryimage\"},\"thumbnailUrl\":\"https:\/\/www.konstantinbax.com\/wp-content\/uploads\/2024\/11\/Artprint-Bax-Eigensinn5.jpg\",\"datePublished\":\"2024-11-02T11:06:42+00:00\",\"dateModified\":\"2025-06-09T15:48:58+00:00\",\"description\":\"High quality psychedelic art print from german artist Dennis Konstantin Bax. Finest contemporary psychedelic & visionary art directly from the studio.\",\"breadcrumb\":{\"@id\":\"https:\/\/www.konstantinbax.com\/product\/manic-mansion\/#breadcrumb\"},\"inLanguage\":\"de\",\"potentialAction\":[{\"@type\":\"ReadAction\",\"target\":[\"https:\/\/www.konstantinbax.com\/product\/manic-mansion\/\"]}]},{\"@type\":\"ImageObject\",\"inLanguage\":\"de\",\"@id\":\"https:\/\/www.konstantinbax.com\/product\/manic-mansion\/#primaryimage\",\"url\":\"https:\/\/www.konstantinbax.com\/wp-content\/uploads\/2024\/11\/Artprint-Bax-Eigensinn5.jpg\",\"contentUrl\":\"https:\/\/www.konstantinbax.com\/wp-content\/uploads\/2024\/11\/Artprint-Bax-Eigensinn5.jpg\",\"width\":600,\"height\":600},{\"@type\":\"BreadcrumbList\",\"@id\":\"https:\/\/www.konstantinbax.com\/product\/manic-mansion\/#breadcrumb\",\"itemListElement\":[{\"@type\":\"ListItem\",\"position\":1,\"name\":\"Home\",\"item\":\"https:\/\/www.konstantinbax.com\/\"},{\"@type\":\"ListItem\",\"position\":2,\"name\":\"THE BAX ARTSTORE\",\"item\":\"https:\/\/www.konstantinbax.com\/shop\/\"},{\"@type\":\"ListItem\",\"position\":3,\"name\":\"Manic Mansion I\"}]},{\"@type\":\"WebSite\",\"@id\":\"https:\/\/www.konstantinbax.com\/#website\",\"url\":\"https:\/\/www.konstantinbax.com\/\",\"name\":\"The Art of Konstantin Bax\",\"description\":\"Windows to Infinity\",\"publisher\":{\"@id\":\"https:\/\/www.konstantinbax.com\/#organization\"},\"potentialAction\":[{\"@type\":\"SearchAction\",\"target\":{\"@type\":\"EntryPoint\",\"urlTemplate\":\"https:\/\/www.konstantinbax.com\/?s={search_term_string}\"},\"query-input\":{\"@type\":\"PropertyValueSpecification\",\"valueRequired\":true,\"valueName\":\"search_term_string\"}}],\"inLanguage\":\"de\"},{\"@type\":\"Organization\",\"@id\":\"https:\/\/www.konstantinbax.com\/#organization\",\"name\":\"The Art of Konstantin Bax\",\"url\":\"https:\/\/www.konstantinbax.com\/\",\"logo\":{\"@type\":\"ImageObject\",\"inLanguage\":\"de\",\"@id\":\"https:\/\/www.konstantinbax.com\/#\/schema\/logo\/image\/\",\"url\":\"https:\/\/www.konstantinbax.com\/wp-content\/uploads\/2024\/05\/LogoFinal5DD2.png\",\"contentUrl\":\"https:\/\/www.konstantinbax.com\/wp-content\/uploads\/2024\/05\/LogoFinal5DD2.png\",\"width\":397,\"height\":370,\"caption\":\"The Art of Konstantin Bax\"},\"image\":{\"@id\":\"https:\/\/www.konstantinbax.com\/#\/schema\/logo\/image\/\"},\"sameAs\":[\"https:\/\/www.facebook.com\/denniskonstantinbax\/\",\"https:\/\/www.instagram.com\/denniskonstantinbax\/\",\"https:\/\/de.pinterest.com\/beyondomega\/\"]}]}<\/script>\n<!-- \/ Yoast SEO plugin. -->","yoast_head_json":{"title":"Psychedelic Art Print by Konstantin Bax \"Manic Mansion I\"","description":"High quality psychedelic art print from german artist Dennis Konstantin Bax. Finest contemporary psychedelic & visionary art directly from the studio.","robots":{"index":"index","follow":"follow","max-snippet":"max-snippet:-1","max-image-preview":"max-image-preview:large","max-video-preview":"max-video-preview:-1"},"canonical":"https:\/\/www.konstantinbax.com\/de\/produkt\/manic-mansion\/","og_locale":"de_DE","og_type":"article","og_title":"Psychedelic Art Print by Konstantin Bax \"Manic Mansion I\"","og_description":"High quality psychedelic art print from german artist Dennis Konstantin Bax. Finest contemporary psychedelic & visionary art directly from the studio.","og_url":"https:\/\/www.konstantinbax.com\/de\/produkt\/manic-mansion\/","og_site_name":"The Art of Konstantin Bax","article_publisher":"https:\/\/www.facebook.com\/denniskonstantinbax\/","article_modified_time":"2025-06-09T15:48:58+00:00","og_image":[{"width":600,"height":600,"url":"https:\/\/www.konstantinbax.com\/wp-content\/uploads\/2024\/11\/Artprint-Bax-Eigensinn5.jpg","type":"image\/jpeg"}],"twitter_card":"summary_large_image","twitter_misc":{"Gesch\u00e4tzte Lesezeit":"2\u00a0Minuten"},"schema":{"@context":"https:\/\/schema.org","@graph":[{"@type":"WebPage","@id":"https:\/\/www.konstantinbax.com\/product\/manic-mansion\/","url":"https:\/\/www.konstantinbax.com\/product\/manic-mansion\/","name":"Psychedelic Art Print by Konstantin Bax \"Manic Mansion I\"","isPartOf":{"@id":"https:\/\/www.konstantinbax.com\/#website"},"primaryImageOfPage":{"@id":"https:\/\/www.konstantinbax.com\/product\/manic-mansion\/#primaryimage"},"image":{"@id":"https:\/\/www.konstantinbax.com\/product\/manic-mansion\/#primaryimage"},"thumbnailUrl":"https:\/\/www.konstantinbax.com\/wp-content\/uploads\/2024\/11\/Artprint-Bax-Eigensinn5.jpg","datePublished":"2024-11-02T11:06:42+00:00","dateModified":"2025-06-09T15:48:58+00:00","description":"High quality psychedelic art print from german artist Dennis Konstantin Bax. Finest contemporary psychedelic & visionary art directly from the studio.","breadcrumb":{"@id":"https:\/\/www.konstantinbax.com\/product\/manic-mansion\/#breadcrumb"},"inLanguage":"de","potentialAction":[{"@type":"ReadAction","target":["https:\/\/www.konstantinbax.com\/product\/manic-mansion\/"]}]},{"@type":"ImageObject","inLanguage":"de","@id":"https:\/\/www.konstantinbax.com\/product\/manic-mansion\/#primaryimage","url":"https:\/\/www.konstantinbax.com\/wp-content\/uploads\/2024\/11\/Artprint-Bax-Eigensinn5.jpg","contentUrl":"https:\/\/www.konstantinbax.com\/wp-content\/uploads\/2024\/11\/Artprint-Bax-Eigensinn5.jpg","width":600,"height":600},{"@type":"BreadcrumbList","@id":"https:\/\/www.konstantinbax.com\/product\/manic-mansion\/#breadcrumb","itemListElement":[{"@type":"ListItem","position":1,"name":"Home","item":"https:\/\/www.konstantinbax.com\/"},{"@type":"ListItem","position":2,"name":"THE BAX ARTSTORE","item":"https:\/\/www.konstantinbax.com\/shop\/"},{"@type":"ListItem","position":3,"name":"Manic Mansion I"}]},{"@type":"WebSite","@id":"https:\/\/www.konstantinbax.com\/#website","url":"https:\/\/www.konstantinbax.com\/","name":"The Art of Konstantin Bax","description":"Windows to Infinity","publisher":{"@id":"https:\/\/www.konstantinbax.com\/#organization"},"potentialAction":[{"@type":"SearchAction","target":{"@type":"EntryPoint","urlTemplate":"https:\/\/www.konstantinbax.com\/?s={search_term_string}"},"query-input":{"@type":"PropertyValueSpecification","valueRequired":true,"valueName":"search_term_string"}}],"inLanguage":"de"},{"@type":"Organization","@id":"https:\/\/www.konstantinbax.com\/#organization","name":"The Art of Konstantin Bax","url":"https:\/\/www.konstantinbax.com\/","logo":{"@type":"ImageObject","inLanguage":"de","@id":"https:\/\/www.konstantinbax.com\/#\/schema\/logo\/image\/","url":"https:\/\/www.konstantinbax.com\/wp-content\/uploads\/2024\/05\/LogoFinal5DD2.png","contentUrl":"https:\/\/www.konstantinbax.com\/wp-content\/uploads\/2024\/05\/LogoFinal5DD2.png","width":397,"height":370,"caption":"The Art of Konstantin Bax"},"image":{"@id":"https:\/\/www.konstantinbax.com\/#\/schema\/logo\/image\/"},"sameAs":["https:\/\/www.facebook.com\/denniskonstantinbax\/","https:\/\/www.instagram.com\/denniskonstantinbax\/","https:\/\/de.pinterest.com\/beyondomega\/"]}]}},"_links":{"self":[{"href":"https:\/\/www.konstantinbax.com\/de\/wp-json\/wp\/v2\/product\/9597","targetHints":{"allow":["GET"]}}],"collection":[{"href":"https:\/\/www.konstantinbax.com\/de\/wp-json\/wp\/v2\/product"}],"about":[{"href":"https:\/\/www.konstantinbax.com\/de\/wp-json\/wp\/v2\/types\/product"}],"wp:featuredmedia":[{"embeddable":true,"href":"https:\/\/www.konstantinbax.com\/de\/wp-json\/wp\/v2\/media\/9595"}],"wp:attachment":[{"href":"https:\/\/www.konstantinbax.com\/de\/wp-json\/wp\/v2\/media?parent=9597"}],"wp:term":[{"taxonomy":"product_brand","embeddable":true,"href":"https:\/\/www.konstantinbax.com\/de\/wp-json\/wp\/v2\/product_brand?post=9597"},{"taxonomy":"product_cat","embeddable":true,"href":"https:\/\/www.konstantinbax.com\/de\/wp-json\/wp\/v2\/product_cat?post=9597"},{"taxonomy":"product_tag","embeddable":true,"href":"https:\/\/www.konstantinbax.com\/de\/wp-json\/wp\/v2\/product_tag?post=9597"}],"curies":[{"name":"wp","href":"https:\/\/api.w.org\/{rel}","templated":true}]}}