{"id":8189,"date":"2021-12-15T15:57:26","date_gmt":"2021-12-15T14:57:26","guid":{"rendered":"https:\/\/www.konstantinbax.com\/?post_type=product&#038;p=8189"},"modified":"2025-04-25T17:09:01","modified_gmt":"2025-04-25T16:09:01","slug":"dancer-limited-edition","status":"publish","type":"product","link":"https:\/\/www.konstantinbax.com\/de\/produkt\/dancer-limited-edition\/","title":{"rendered":"Dancer in the Dark"},"content":{"rendered":"<p style=\"text-align: left;\"><a href=\"https:\/\/www.konstantinbax.com\/wp-content\/uploads\/2021\/12\/Dancer-Konstantin-Bax-4.jpg\" data-size=\"1200x675\"><img decoding=\"async\" class=\"aligncenter wp-image-8170 size-full lazyload\" data-src=\"https:\/\/www.konstantinbax.com\/wp-content\/uploads\/2021\/12\/Dancer-Konstantin-Bax-4.jpg\" alt=\"\" width=\"1200\" height=\"675\" data-srcset=\"https:\/\/www.konstantinbax.com\/wp-content\/uploads\/2021\/12\/Dancer-Konstantin-Bax-4.jpg 1200w, https:\/\/www.konstantinbax.com\/wp-content\/uploads\/2021\/12\/Dancer-Konstantin-Bax-4-590x332.jpg 590w, https:\/\/www.konstantinbax.com\/wp-content\/uploads\/2021\/12\/Dancer-Konstantin-Bax-4-950x534.jpg 950w, https:\/\/www.konstantinbax.com\/wp-content\/uploads\/2021\/12\/Dancer-Konstantin-Bax-4-768x432.jpg 768w, https:\/\/www.konstantinbax.com\/wp-content\/uploads\/2021\/12\/Dancer-Konstantin-Bax-4-370x208.jpg 370w, https:\/\/www.konstantinbax.com\/wp-content\/uploads\/2021\/12\/Dancer-Konstantin-Bax-4-1040x585.jpg 1040w, https:\/\/www.konstantinbax.com\/wp-content\/uploads\/2021\/12\/Dancer-Konstantin-Bax-4-600x338.jpg 600w\" data-sizes=\"(max-width: 1200px) 100vw, 1200px\" src=\"data:image\/svg+xml;base64,PHN2ZyB3aWR0aD0iMSIgaGVpZ2h0PSIxIiB4bWxucz0iaHR0cDovL3d3dy53My5vcmcvMjAwMC9zdmciPjwvc3ZnPg==\" style=\"--smush-placeholder-width: 1200px; --smush-placeholder-aspect-ratio: 1200\/675;\" \/><\/a><\/p>\n<p>&nbsp;<\/p>\n<p>&nbsp;<\/p>\n<p style=\"text-align: left;\"><span style=\"font-size: 14pt;\">LIMITIERTE EDITION <\/span><span style=\"font-size: 14pt;\"><span style=\"font-size: 12pt;\">des original Kunstwerks<\/span> <\/span><\/p>\n<p style=\"text-align: left;\"><span style=\"font-size: 14pt; color: #e6b793;\">&#8220;Dancer in the Dark&#8221; <\/span><span style=\"font-size: 14pt;\"><span style=\"font-size: 12pt;\">von Konstantin Bax<\/span><\/span><\/p>\n<p>&nbsp;<\/p>\n<p><span style=\"font-size: 12pt; color: #afc2ae;\">Streng limitiert auf 12 Exemplare<\/span><\/p>\n<p>&nbsp;<\/p>\n<ul>\n<li>Vom K\u00fcnstler signiert und nummeriert<\/li>\n<li>mit Echtheitszertifikat<\/li>\n<li>Hologramm auf der R\u00fcckseite des Druckes<\/li>\n<li>Wunschrahmung inklusive | fertig zum h\u00e4ngen<\/li>\n<li>Jeder Druck wird vom K\u00fcnstler handgefertigt<\/li>\n<li>2 Lagen Lasceaux UV Lack<\/li>\n<li>100 Jahre Lichtechtheit garantiert<\/li>\n<\/ul>\n<p><span style=\"color: #161616;\">.<\/span><\/p>\n<p><img decoding=\"async\" class=\"aligncenter wp-image-10336 size-full lazyload\" data-src=\"https:\/\/www.konstantinbax.com\/wp-content\/uploads\/2021\/12\/Psychedelic-Fine-Art-Prints1.jpg\" alt=\"psychedelic visionary art prints poster konstantin bax fine art surealism surrealismus hamburg psychedelische kunst 3\" width=\"1200\" height=\"505\" data-srcset=\"https:\/\/www.konstantinbax.com\/wp-content\/uploads\/2021\/12\/Psychedelic-Fine-Art-Prints1.jpg 1200w, https:\/\/www.konstantinbax.com\/wp-content\/uploads\/2021\/12\/Psychedelic-Fine-Art-Prints1-590x248.jpg 590w, https:\/\/www.konstantinbax.com\/wp-content\/uploads\/2021\/12\/Psychedelic-Fine-Art-Prints1-950x400.jpg 950w, https:\/\/www.konstantinbax.com\/wp-content\/uploads\/2021\/12\/Psychedelic-Fine-Art-Prints1-768x323.jpg 768w, https:\/\/www.konstantinbax.com\/wp-content\/uploads\/2021\/12\/Psychedelic-Fine-Art-Prints1-18x8.jpg 18w, https:\/\/www.konstantinbax.com\/wp-content\/uploads\/2021\/12\/Psychedelic-Fine-Art-Prints1-370x156.jpg 370w, https:\/\/www.konstantinbax.com\/wp-content\/uploads\/2021\/12\/Psychedelic-Fine-Art-Prints1-1040x438.jpg 1040w, https:\/\/www.konstantinbax.com\/wp-content\/uploads\/2021\/12\/Psychedelic-Fine-Art-Prints1-600x253.jpg 600w\" data-sizes=\"(max-width: 1200px) 100vw, 1200px\" src=\"data:image\/svg+xml;base64,PHN2ZyB3aWR0aD0iMSIgaGVpZ2h0PSIxIiB4bWxucz0iaHR0cDovL3d3dy53My5vcmcvMjAwMC9zdmciPjwvc3ZnPg==\" style=\"--smush-placeholder-width: 1200px; --smush-placeholder-aspect-ratio: 1200\/505;\" \/><\/p>\n<p>&nbsp;<\/p>\n<h3 style=\"text-align: left;\"><span style=\"color: #808080;\"><strong><span style=\"color: #afc2ae;\">LIMITED EDITION FINE ART PRINTS<\/span><br \/>\n<\/strong><\/span><\/h3>\n<p>&nbsp;<\/p>\n<p style=\"text-align: justify;\"><span style=\"color: #808080;\">Konstantin's<strong> Gicl\u00e9e Drucke auf Leinwand<\/strong> werden von Hand auf Keilrahmen aufgezogen und danach zweifach mit Lasceaux UV-Lack versiegelt. Diese Methode verleiht der Reproduktion die Qualit\u00e4ten und das haptische Empfinden eines Originals. Der fertige Druck erf\u00fcllt die h\u00f6chsten Anspr\u00fcche f\u00fcr den K\u00fcnstler und den Sammler.<\/span><\/p>\n<p><span style=\"color: #161616;\">.<\/span><\/p>\n<p><span style=\"color: #161616;\">.<\/span><\/p>\n<p style=\"text-align: left;\"><span style=\"color: #afc2ae;\"><strong>Handgefertigt vom K\u00fcnstler<\/strong><\/span><\/p>\n<p><span style=\"color: #161616;\">.<\/span><\/p>\n<p style=\"text-align: justify;\">Die Reproduktion beginnt mit dem Einscannen des Originals an einem extrem hochaufl\u00f6senden Scanner. Bei diesem Prozess wird auch das kleinste Detail des Bildes originalgetreu festgehalten. Danach wird die Datei digital bearbeitet und es werden, unter \u00dcberwachung des K\u00fcnstlers, Probedrucke erstellt, bis die Farbwiedergabe exakt der des Originals entspricht. Die fertige Master-Datei dient dann der Herstellung der limitierten Editionen.<\/p>\n<p><span style=\"color: #161616;\">.<\/span><\/p>\n<p style=\"text-align: justify;\">Der Ausdruck erfolgt auf einer hochwertigen K\u00fcnstlerleinwand und wird direkt danach, vom K\u00fcnstler pers\u00f6nlich, von Hand nachbearbeitet. Als N\u00e4chstes wird der Druck zweifach mit Lascaux UV-Lack gefirnisst und versiegelt, bevor er auf einen Keilrahmen aufgezogen wird. Danach wird das Bild von uns gerahmt und auf der R\u00fcckseite vom K\u00fcnstler signiert und nummeriert.<\/p>\n<p><span style=\"color: #161616;\">.<\/span><\/p>\n<p style=\"text-align: justify;\">Alle Drucke werden auf Bestellung, mit viel Liebe und Hingabe, von Konstantin pers\u00f6nlich hergestellt.<\/p>\n<p><span style=\"color: #161616;\">.<\/span><\/p>\n<p><span style=\"color: #161616;\">.<\/span><\/p>\n<p style=\"text-align: left;\"><span style=\"color: #afc2ae;\"><strong>Ein echtes Sammlerst\u00fcck<\/strong><\/span><\/p>\n<p><span style=\"color: #161616;\">.<\/span><\/p>\n<p><span style=\"color: #808080;\">Konstantin's Fine Art Drucke sind streng limitiert und werden inkl. signiertem und nummeriertem Echtheitszertifikat geliefert. Der Preis der einzelnen Auflagen steigt mit der Anzahl der verkauften Exemplare.<\/span><\/p>\n<p><span style=\"color: #161616;\">.<\/span><\/p>\n<p><span style=\"color: #161616;\">.<\/span><\/p>\n<p><span style=\"color: #99b898;\"><strong><span style=\"color: #afc2ae;\">Rahmung inklusive<\/span><br \/>\n<\/strong><\/span><\/p>\n<p><span style=\"color: #161616;\">.<\/span><\/p>\n<p style=\"text-align: justify;\">Jede Reproduktion wird h\u00e4ngefertig geliefert. Du kannst zwischen einem wei\u00dfen oder schwarzen Schattenfugenrahmen w\u00e4hlen. Bitte gib einfach die Farbe Deiner Wahl in den Bestellnotizen an, wenn Du im Check Out bist!<\/p>\n<p><span style=\"color: #161616;\">.<\/span><\/p>\n<p><span style=\"color: #161616;\">.<\/span><\/p>\n<p>&nbsp;<\/p>\n<p><img decoding=\"async\" class=\"aligncenter wp-image-10337 size-full lazyload\" data-src=\"https:\/\/www.konstantinbax.com\/wp-content\/uploads\/2021\/12\/visionary-fine-art-prints-1.jpg\" alt=\"psychedelic visionary art prints poster konstantin bax fine art surealism surrealismus hamburg psychedelische kunst 4\" width=\"1200\" height=\"572\" data-srcset=\"https:\/\/www.konstantinbax.com\/wp-content\/uploads\/2021\/12\/visionary-fine-art-prints-1.jpg 1200w, https:\/\/www.konstantinbax.com\/wp-content\/uploads\/2021\/12\/visionary-fine-art-prints-1-590x281.jpg 590w, https:\/\/www.konstantinbax.com\/wp-content\/uploads\/2021\/12\/visionary-fine-art-prints-1-950x453.jpg 950w, https:\/\/www.konstantinbax.com\/wp-content\/uploads\/2021\/12\/visionary-fine-art-prints-1-768x366.jpg 768w, https:\/\/www.konstantinbax.com\/wp-content\/uploads\/2021\/12\/visionary-fine-art-prints-1-18x9.jpg 18w, https:\/\/www.konstantinbax.com\/wp-content\/uploads\/2021\/12\/visionary-fine-art-prints-1-370x176.jpg 370w, https:\/\/www.konstantinbax.com\/wp-content\/uploads\/2021\/12\/visionary-fine-art-prints-1-1040x496.jpg 1040w, https:\/\/www.konstantinbax.com\/wp-content\/uploads\/2021\/12\/visionary-fine-art-prints-1-600x286.jpg 600w\" data-sizes=\"(max-width: 1200px) 100vw, 1200px\" src=\"data:image\/svg+xml;base64,PHN2ZyB3aWR0aD0iMSIgaGVpZ2h0PSIxIiB4bWxucz0iaHR0cDovL3d3dy53My5vcmcvMjAwMC9zdmciPjwvc3ZnPg==\" style=\"--smush-placeholder-width: 1200px; --smush-placeholder-aspect-ratio: 1200\/572;\" \/><\/p>\n<p>&nbsp;<\/p>\n<p><span style=\"color: #161616;\">.<\/span><\/p>\n<p><span style=\"color: #161616;\">.<\/span><\/p>\n<p><img decoding=\"async\" class=\"aligncenter size-thumbnail wp-image-7114 lazyload\" data-src=\"https:\/\/www.konstantinbax.com\/wp-content\/uploads\/2019\/04\/Unbenannt-2-200x200.png\" alt=\"\" width=\"200\" height=\"200\" data-srcset=\"https:\/\/www.konstantinbax.com\/wp-content\/uploads\/2019\/04\/Unbenannt-2-200x200.png 200w, https:\/\/www.konstantinbax.com\/wp-content\/uploads\/2019\/04\/Unbenannt-2-100x100.png 100w\" data-sizes=\"(max-width: 200px) 100vw, 200px\" src=\"data:image\/svg+xml;base64,PHN2ZyB3aWR0aD0iMSIgaGVpZ2h0PSIxIiB4bWxucz0iaHR0cDovL3d3dy53My5vcmcvMjAwMC9zdmciPjwvc3ZnPg==\" style=\"--smush-placeholder-width: 200px; --smush-placeholder-aspect-ratio: 200\/200;\" \/><\/p>\n<p><span style=\"color: #161616;\">.<\/span><\/p>\n<h3 style=\"text-align: center;\"><a href=\"https:\/\/www.konstantinbax.com\/de\/produkt-kategorie\/artprints\/\">ART PRINTS<\/a><\/h3>\n<h3 style=\"text-align: center;\"><a href=\"https:\/\/www.konstantinbax.com\/de\/produkt-kategorie\/limited-editions-canvas\/\">FINE ART EDITIONS<\/a><\/h3>\n<h3 style=\"text-align: center;\"><a href=\"https:\/\/www.konstantinbax.com\/de\/produkt-kategorie\/books\/\">BOOKS<\/a><\/h3>\n<h3 style=\"text-align: center;\"><a href=\"https:\/\/www.konstantinbax.com\/de\/produkt-kategorie\/acrylic-masterclass\/\">MASTERCLASS<\/a><\/h3>\n<p>&nbsp;<\/p>","protected":false},"excerpt":{"rendered":"<p>&nbsp;<\/p>\n<p><strong><span style=\"color: #585455;\">Gicl\u00e9e Fine Art Print on Canvas<\/span><\/strong><\/p>\n<p><span style=\"color: #afc2ae;\">LIMITED EDITION of 12<\/span><\/p>\n<p>&nbsp;<\/p>\n<ul>\n<li><span style=\"color: #808080;\">80cm x 100cm | 32&#8243; x 40&#8243;<\/span><\/li>\n<li><span style=\"color: #808080;\">gicl\u00e9e print on artist grade canvas<\/span><\/li>\n<li><span style=\"color: #808080;\">signed and numbered by the artist<\/span><\/li>\n<li><span style=\"color: #808080;\">with certificate of authenticity<\/span><\/li>\n<li><span style=\"color: #808080;\">custom framing included<\/span><\/li>\n<\/ul>\n<p>&nbsp;<\/p>\n<p><strong><span style=\"color: #585455;\">Handmade with Love<\/span><\/strong><\/p>\n<p>&nbsp;<\/p>\n<ul>\n<li><span style=\"color: #808080;\">handcrafted individually in Hamburg&nbsp;<\/span><\/li>\n<li>free shipping worldwide<\/li>\n<\/ul>\n<p style=\"padding-left: 60px;\">&nbsp;&nbsp;<a href=\"https:\/\/www.konstantinbax.com\/shop\/order-info\/\" target=\"_blank\" rel=\"noopener noreferrer\">| order info |<\/a><\/p>\n<p style=\"padding-left: 60px;\"><a href=\"https:\/\/www.konstantinbax.com\/a-shop-you-can-trust\/\" target=\"_blank\" rel=\"noopener noreferrer\"><img decoding=\"async\" class=\"alignleft wp-image-8662 lazyload\" data-src=\"https:\/\/www.konstantinbax.com\/wp-content\/uploads\/2021\/12\/Seal.png\" alt=\"\" width=\"140\" height=\"140\" data-srcset=\"https:\/\/www.konstantinbax.com\/wp-content\/uploads\/2021\/12\/Seal.png 300w, https:\/\/www.konstantinbax.com\/wp-content\/uploads\/2021\/12\/Seal-200x200.png 200w, https:\/\/www.konstantinbax.com\/wp-content\/uploads\/2021\/12\/Seal-100x100.png 100w\" data-sizes=\"(max-width: 140px) 100vw, 140px\" src=\"data:image\/svg+xml;base64,PHN2ZyB3aWR0aD0iMSIgaGVpZ2h0PSIxIiB4bWxucz0iaHR0cDovL3d3dy53My5vcmcvMjAwMC9zdmciPjwvc3ZnPg==\" style=\"--smush-placeholder-width: 140px; --smush-placeholder-aspect-ratio: 140\/140;\" \/><\/a><br \/>\n&nbsp;<br \/>\n&nbsp;<br \/>\n[woocommerce_currency_switcher_drop_down_box]<\/p>\n","protected":false},"featured_media":8171,"template":"","meta":{"_editorskit_title_hidden":false,"_editorskit_reading_time":0,"_editorskit_is_block_options_detached":false,"_editorskit_block_options_position":"{}","ngg_post_thumbnail":0},"product_brand":[],"product_cat":[98],"product_tag":[],"class_list":{"0":"post-8189","1":"product","2":"type-product","3":"status-publish","4":"has-post-thumbnail","6":"product_cat-limited-editions-canvas","8":"first","9":"instock","10":"sold-individually","11":"shipping-taxable","12":"purchasable","13":"product-type-simple"},"yoast_head":"<!-- This site is optimized with the Yoast SEO plugin v26.9 - https:\/\/yoast.com\/product\/yoast-seo-wordpress\/ -->\n<title>Limited Edition Fine Art Print &quot;Dancer in the Dark&quot; by Konstantin Bax<\/title>\n<meta name=\"description\" content=\"High quality abstract fine art gicl\u00e9e print on canvas by german artist Konstantin Bax. Finest limited editions directly from the artist&#039;s studio.\" \/>\n<meta name=\"robots\" content=\"index, follow, max-snippet:-1, max-image-preview:large, max-video-preview:-1\" \/>\n<link rel=\"canonical\" href=\"https:\/\/www.konstantinbax.com\/de\/produkt\/dancer-limited-edition\/\" \/>\n<meta property=\"og:locale\" content=\"de_DE\" \/>\n<meta property=\"og:type\" content=\"article\" \/>\n<meta property=\"og:title\" content=\"Limited Edition Fine Art Print &quot;Dancer in the Dark&quot; by Konstantin Bax\" \/>\n<meta property=\"og:description\" content=\"High quality abstract fine art gicl\u00e9e print on canvas by german artist Konstantin Bax. Finest limited editions directly from the artist&#039;s studio.\" \/>\n<meta property=\"og:url\" content=\"https:\/\/www.konstantinbax.com\/de\/produkt\/dancer-limited-edition\/\" \/>\n<meta property=\"og:site_name\" content=\"The Art of Konstantin Bax\" \/>\n<meta property=\"article:publisher\" content=\"https:\/\/www.facebook.com\/denniskonstantinbax\/\" \/>\n<meta property=\"article:modified_time\" content=\"2025-04-25T16:09:01+00:00\" \/>\n<meta property=\"og:image\" content=\"https:\/\/www.konstantinbax.com\/wp-content\/uploads\/2021\/12\/Dancer-Konstantin-Bax-5.jpg\" \/>\n\t<meta property=\"og:image:width\" content=\"961\" \/>\n\t<meta property=\"og:image:height\" content=\"1200\" \/>\n\t<meta property=\"og:image:type\" content=\"image\/jpeg\" \/>\n<meta name=\"twitter:card\" content=\"summary_large_image\" \/>\n<meta name=\"twitter:label1\" content=\"Gesch\u00e4tzte Lesezeit\" \/>\n\t<meta name=\"twitter:data1\" content=\"3\u00a0Minuten\" \/>\n<script type=\"application\/ld+json\" class=\"yoast-schema-graph\">{\"@context\":\"https:\/\/schema.org\",\"@graph\":[{\"@type\":\"WebPage\",\"@id\":\"https:\/\/www.konstantinbax.com\/product\/dancer-limited-edition\/\",\"url\":\"https:\/\/www.konstantinbax.com\/product\/dancer-limited-edition\/\",\"name\":\"Limited Edition Fine Art Print \\\"Dancer in the Dark\\\" by Konstantin Bax\",\"isPartOf\":{\"@id\":\"https:\/\/www.konstantinbax.com\/#website\"},\"primaryImageOfPage\":{\"@id\":\"https:\/\/www.konstantinbax.com\/product\/dancer-limited-edition\/#primaryimage\"},\"image\":{\"@id\":\"https:\/\/www.konstantinbax.com\/product\/dancer-limited-edition\/#primaryimage\"},\"thumbnailUrl\":\"https:\/\/www.konstantinbax.com\/wp-content\/uploads\/2021\/12\/Dancer-Konstantin-Bax-5.jpg\",\"datePublished\":\"2021-12-15T14:57:26+00:00\",\"dateModified\":\"2025-04-25T16:09:01+00:00\",\"description\":\"High quality abstract fine art gicl\u00e9e print on canvas by german artist Konstantin Bax. Finest limited editions directly from the artist's studio.\",\"breadcrumb\":{\"@id\":\"https:\/\/www.konstantinbax.com\/product\/dancer-limited-edition\/#breadcrumb\"},\"inLanguage\":\"de\",\"potentialAction\":[{\"@type\":\"ReadAction\",\"target\":[\"https:\/\/www.konstantinbax.com\/product\/dancer-limited-edition\/\"]}]},{\"@type\":\"ImageObject\",\"inLanguage\":\"de\",\"@id\":\"https:\/\/www.konstantinbax.com\/product\/dancer-limited-edition\/#primaryimage\",\"url\":\"https:\/\/www.konstantinbax.com\/wp-content\/uploads\/2021\/12\/Dancer-Konstantin-Bax-5.jpg\",\"contentUrl\":\"https:\/\/www.konstantinbax.com\/wp-content\/uploads\/2021\/12\/Dancer-Konstantin-Bax-5.jpg\",\"width\":961,\"height\":1200},{\"@type\":\"BreadcrumbList\",\"@id\":\"https:\/\/www.konstantinbax.com\/product\/dancer-limited-edition\/#breadcrumb\",\"itemListElement\":[{\"@type\":\"ListItem\",\"position\":1,\"name\":\"Home\",\"item\":\"https:\/\/www.konstantinbax.com\/\"},{\"@type\":\"ListItem\",\"position\":2,\"name\":\"THE BAX ARTSTORE\",\"item\":\"https:\/\/www.konstantinbax.com\/shop\/\"},{\"@type\":\"ListItem\",\"position\":3,\"name\":\"Dancer in the Dark\"}]},{\"@type\":\"WebSite\",\"@id\":\"https:\/\/www.konstantinbax.com\/#website\",\"url\":\"https:\/\/www.konstantinbax.com\/\",\"name\":\"The Art of Konstantin Bax\",\"description\":\"Windows to Infinity\",\"publisher\":{\"@id\":\"https:\/\/www.konstantinbax.com\/#organization\"},\"potentialAction\":[{\"@type\":\"SearchAction\",\"target\":{\"@type\":\"EntryPoint\",\"urlTemplate\":\"https:\/\/www.konstantinbax.com\/?s={search_term_string}\"},\"query-input\":{\"@type\":\"PropertyValueSpecification\",\"valueRequired\":true,\"valueName\":\"search_term_string\"}}],\"inLanguage\":\"de\"},{\"@type\":\"Organization\",\"@id\":\"https:\/\/www.konstantinbax.com\/#organization\",\"name\":\"The Art of Konstantin Bax\",\"url\":\"https:\/\/www.konstantinbax.com\/\",\"logo\":{\"@type\":\"ImageObject\",\"inLanguage\":\"de\",\"@id\":\"https:\/\/www.konstantinbax.com\/#\/schema\/logo\/image\/\",\"url\":\"https:\/\/www.konstantinbax.com\/wp-content\/uploads\/2024\/05\/LogoFinal5DD2.png\",\"contentUrl\":\"https:\/\/www.konstantinbax.com\/wp-content\/uploads\/2024\/05\/LogoFinal5DD2.png\",\"width\":397,\"height\":370,\"caption\":\"The Art of Konstantin Bax\"},\"image\":{\"@id\":\"https:\/\/www.konstantinbax.com\/#\/schema\/logo\/image\/\"},\"sameAs\":[\"https:\/\/www.facebook.com\/denniskonstantinbax\/\",\"https:\/\/www.instagram.com\/denniskonstantinbax\/\",\"https:\/\/de.pinterest.com\/beyondomega\/\"]}]}<\/script>\n<!-- \/ Yoast SEO plugin. -->","yoast_head_json":{"title":"Limited Edition Fine Art Print \"Dancer in the Dark\" by Konstantin Bax","description":"High quality abstract fine art gicl\u00e9e print on canvas by german artist Konstantin Bax. Finest limited editions directly from the artist's studio.","robots":{"index":"index","follow":"follow","max-snippet":"max-snippet:-1","max-image-preview":"max-image-preview:large","max-video-preview":"max-video-preview:-1"},"canonical":"https:\/\/www.konstantinbax.com\/de\/produkt\/dancer-limited-edition\/","og_locale":"de_DE","og_type":"article","og_title":"Limited Edition Fine Art Print \"Dancer in the Dark\" by Konstantin Bax","og_description":"High quality abstract fine art gicl\u00e9e print on canvas by german artist Konstantin Bax. Finest limited editions directly from the artist's studio.","og_url":"https:\/\/www.konstantinbax.com\/de\/produkt\/dancer-limited-edition\/","og_site_name":"The Art of Konstantin Bax","article_publisher":"https:\/\/www.facebook.com\/denniskonstantinbax\/","article_modified_time":"2025-04-25T16:09:01+00:00","og_image":[{"width":961,"height":1200,"url":"https:\/\/www.konstantinbax.com\/wp-content\/uploads\/2021\/12\/Dancer-Konstantin-Bax-5.jpg","type":"image\/jpeg"}],"twitter_card":"summary_large_image","twitter_misc":{"Gesch\u00e4tzte Lesezeit":"3\u00a0Minuten"},"schema":{"@context":"https:\/\/schema.org","@graph":[{"@type":"WebPage","@id":"https:\/\/www.konstantinbax.com\/product\/dancer-limited-edition\/","url":"https:\/\/www.konstantinbax.com\/product\/dancer-limited-edition\/","name":"Limited Edition Fine Art Print \"Dancer in the Dark\" by Konstantin Bax","isPartOf":{"@id":"https:\/\/www.konstantinbax.com\/#website"},"primaryImageOfPage":{"@id":"https:\/\/www.konstantinbax.com\/product\/dancer-limited-edition\/#primaryimage"},"image":{"@id":"https:\/\/www.konstantinbax.com\/product\/dancer-limited-edition\/#primaryimage"},"thumbnailUrl":"https:\/\/www.konstantinbax.com\/wp-content\/uploads\/2021\/12\/Dancer-Konstantin-Bax-5.jpg","datePublished":"2021-12-15T14:57:26+00:00","dateModified":"2025-04-25T16:09:01+00:00","description":"High quality abstract fine art gicl\u00e9e print on canvas by german artist Konstantin Bax. Finest limited editions directly from the artist's studio.","breadcrumb":{"@id":"https:\/\/www.konstantinbax.com\/product\/dancer-limited-edition\/#breadcrumb"},"inLanguage":"de","potentialAction":[{"@type":"ReadAction","target":["https:\/\/www.konstantinbax.com\/product\/dancer-limited-edition\/"]}]},{"@type":"ImageObject","inLanguage":"de","@id":"https:\/\/www.konstantinbax.com\/product\/dancer-limited-edition\/#primaryimage","url":"https:\/\/www.konstantinbax.com\/wp-content\/uploads\/2021\/12\/Dancer-Konstantin-Bax-5.jpg","contentUrl":"https:\/\/www.konstantinbax.com\/wp-content\/uploads\/2021\/12\/Dancer-Konstantin-Bax-5.jpg","width":961,"height":1200},{"@type":"BreadcrumbList","@id":"https:\/\/www.konstantinbax.com\/product\/dancer-limited-edition\/#breadcrumb","itemListElement":[{"@type":"ListItem","position":1,"name":"Home","item":"https:\/\/www.konstantinbax.com\/"},{"@type":"ListItem","position":2,"name":"THE BAX ARTSTORE","item":"https:\/\/www.konstantinbax.com\/shop\/"},{"@type":"ListItem","position":3,"name":"Dancer in the Dark"}]},{"@type":"WebSite","@id":"https:\/\/www.konstantinbax.com\/#website","url":"https:\/\/www.konstantinbax.com\/","name":"The Art of Konstantin Bax","description":"Windows to Infinity","publisher":{"@id":"https:\/\/www.konstantinbax.com\/#organization"},"potentialAction":[{"@type":"SearchAction","target":{"@type":"EntryPoint","urlTemplate":"https:\/\/www.konstantinbax.com\/?s={search_term_string}"},"query-input":{"@type":"PropertyValueSpecification","valueRequired":true,"valueName":"search_term_string"}}],"inLanguage":"de"},{"@type":"Organization","@id":"https:\/\/www.konstantinbax.com\/#organization","name":"The Art of Konstantin Bax","url":"https:\/\/www.konstantinbax.com\/","logo":{"@type":"ImageObject","inLanguage":"de","@id":"https:\/\/www.konstantinbax.com\/#\/schema\/logo\/image\/","url":"https:\/\/www.konstantinbax.com\/wp-content\/uploads\/2024\/05\/LogoFinal5DD2.png","contentUrl":"https:\/\/www.konstantinbax.com\/wp-content\/uploads\/2024\/05\/LogoFinal5DD2.png","width":397,"height":370,"caption":"The Art of Konstantin Bax"},"image":{"@id":"https:\/\/www.konstantinbax.com\/#\/schema\/logo\/image\/"},"sameAs":["https:\/\/www.facebook.com\/denniskonstantinbax\/","https:\/\/www.instagram.com\/denniskonstantinbax\/","https:\/\/de.pinterest.com\/beyondomega\/"]}]}},"_links":{"self":[{"href":"https:\/\/www.konstantinbax.com\/de\/wp-json\/wp\/v2\/product\/8189","targetHints":{"allow":["GET"]}}],"collection":[{"href":"https:\/\/www.konstantinbax.com\/de\/wp-json\/wp\/v2\/product"}],"about":[{"href":"https:\/\/www.konstantinbax.com\/de\/wp-json\/wp\/v2\/types\/product"}],"wp:featuredmedia":[{"embeddable":true,"href":"https:\/\/www.konstantinbax.com\/de\/wp-json\/wp\/v2\/media\/8171"}],"wp:attachment":[{"href":"https:\/\/www.konstantinbax.com\/de\/wp-json\/wp\/v2\/media?parent=8189"}],"wp:term":[{"taxonomy":"product_brand","embeddable":true,"href":"https:\/\/www.konstantinbax.com\/de\/wp-json\/wp\/v2\/product_brand?post=8189"},{"taxonomy":"product_cat","embeddable":true,"href":"https:\/\/www.konstantinbax.com\/de\/wp-json\/wp\/v2\/product_cat?post=8189"},{"taxonomy":"product_tag","embeddable":true,"href":"https:\/\/www.konstantinbax.com\/de\/wp-json\/wp\/v2\/product_tag?post=8189"}],"curies":[{"name":"wp","href":"https:\/\/api.w.org\/{rel}","templated":true}]}}