{"id":7991,"date":"2021-10-11T20:31:25","date_gmt":"2021-10-11T19:31:25","guid":{"rendered":"https:\/\/www.konstantinbax.com\/?post_type=product&#038;p=7991"},"modified":"2025-04-25T18:59:00","modified_gmt":"2025-04-25T17:59:00","slug":"windowstoinfinity-konstantin-bax-2","status":"publish","type":"product","link":"https:\/\/www.konstantinbax.com\/de\/produkt\/windowstoinfinity-konstantin-bax-2\/","title":{"rendered":"Windows to Infinity"},"content":{"rendered":"<h3 style=\"text-align: center;\">&nbsp;<\/h3>\n<h1 style=\"text-align: center;\"><span style=\"color: #99b898;\"><strong>Windows to Infinity <\/strong><\/span><\/h1>\n<h3 style=\"text-align: center;\"><span style=\"color: #999999;\"><span style=\"color: #99b898;\"><strong>A JOURNEY INTO THE ESSENCE OF LIFE<\/strong><\/span><strong><br \/>\n<\/strong><\/span><\/h3>\n<p style=\"text-align: center;\">&nbsp;<\/p>\n<p>&nbsp;<\/p>\n<p style=\"text-align: center;\"><span style=\"color: #baadb9;\"><em>21cm * 30cm | Hardcover | 316 pages&nbsp;<\/em><\/span><\/p>\n<p style=\"text-align: center;\"><span style=\"color: #baadb9;\"><em>Das Buch ist vom K\u00fcnstler signiert<\/em><\/span><\/p>\n<p style=\"text-align: center;\">&nbsp;<\/p>\n<p>&nbsp;<\/p>\n<p>&nbsp;<\/p>\n<p>&nbsp;<\/p>\n<p style=\"text-align: right;\"><img decoding=\"async\" class=\"alignleft wp-image-7990 lazyload\" data-src=\"https:\/\/www.konstantinbax.com\/wp-content\/uploads\/2014\/10\/Windows-to-Infinity-Bax-1-1-422x590.jpg\" alt=\"Windows to Infinity Konstantin Bax Artbook 1\" width=\"320\" height=\"448\" data-srcset=\"https:\/\/www.konstantinbax.com\/wp-content\/uploads\/2014\/10\/Windows-to-Infinity-Bax-1-1-422x590.jpg 422w, https:\/\/www.konstantinbax.com\/wp-content\/uploads\/2014\/10\/Windows-to-Infinity-Bax-1-1-370x518.jpg 370w, https:\/\/www.konstantinbax.com\/wp-content\/uploads\/2014\/10\/Windows-to-Infinity-Bax-1-1-600x840.jpg 600w, https:\/\/www.konstantinbax.com\/wp-content\/uploads\/2014\/10\/Windows-to-Infinity-Bax-1-1.jpg 643w\" data-sizes=\"(max-width: 320px) 100vw, 320px\" src=\"data:image\/svg+xml;base64,PHN2ZyB3aWR0aD0iMSIgaGVpZ2h0PSIxIiB4bWxucz0iaHR0cDovL3d3dy53My5vcmcvMjAwMC9zdmciPjwvc3ZnPg==\" style=\"--smush-placeholder-width: 320px; --smush-placeholder-aspect-ratio: 320\/448;\" \/><\/p>\n<p style=\"text-align: right;\">&nbsp;<\/p>\n<p style=\"text-align: right;\"><span style=\"color: #99a898;\">\u00dcBER DAS BUCH <\/span><\/p>\n<p>&nbsp;<\/p>\n<p>&nbsp;<\/p>\n<p>&nbsp;<\/p>\n<p style=\"text-align: justify;\">Mit mehr als 300 Seiten, ist \"Windows to Infinity\" ein Manifest \u00fcber unseren spirituellen Weg durch das Universum.<\/p>\n<p>&nbsp;<\/p>\n<p style=\"text-align: justify;\">Geschrieben und vollst\u00e4ndig illustriert von dem deutschen Maler <a href=\"https:\/\/www.konstantinbax.com\/de\/aboutbax2\/\" target=\"_blank\" rel=\"noopener noreferrer\">Konstantin Bax<\/a>, versorgt uns das Buch mit kognitiver Nahrung f\u00fcr die Seele. Durch die Verbindung von Wort und Bild entf\u00fchrt es den Leser in eine Welt jenseits des Allt\u00e4glichen.<\/p>\n<p>&nbsp;<\/p>\n<p style=\"text-align: justify;\">Die multidimensionale psychedelische Kunst von Konstantin Bax haucht den zahlreichen Texten und Zitaten des Buches Leben ein und l\u00e4sst so das unsichtbare sichtbar werden. Es befl\u00fcgelt die Vorstellungskraft des Lesers, indem es Kreativit\u00e4t, Quantentheorie und fern\u00f6stliche Weisheitslehre auf eine einzigartige Weise miteinander verbindet.<\/p>\n<p>&nbsp;<\/p>\n<p style=\"text-align: justify;\">\u201eWindows to Infinity\u201c ist eine Quelle der Inspiration, ein Begleiter und Almanach unserer spirituellen Verbindung mit der Welt, die uns durchstr\u00f6mt und eine bildgewaltige Reise in die Essenz des Lebens.\u00a0<\/p>\n<p>&nbsp;<\/p>\n<p>&nbsp;<\/p>\n<p>&nbsp;<\/p>\n<p>&nbsp;<\/p>\n<p>&nbsp;<\/p>\n<p>&nbsp;<\/p>\n<p><img decoding=\"async\" class=\"aligncenter wp-image-8005 lazyload\" data-src=\"https:\/\/www.konstantinbax.com\/wp-content\/uploads\/2021\/10\/Pages-1-590x314.jpg\" alt=\"Windows to Infinity Konstantin Bax Pages\" width=\"900\" height=\"478\" data-srcset=\"https:\/\/www.konstantinbax.com\/wp-content\/uploads\/2021\/10\/Pages-1-590x314.jpg 590w, https:\/\/www.konstantinbax.com\/wp-content\/uploads\/2021\/10\/Pages-1-950x505.jpg 950w, https:\/\/www.konstantinbax.com\/wp-content\/uploads\/2021\/10\/Pages-1-768x408.jpg 768w, https:\/\/www.konstantinbax.com\/wp-content\/uploads\/2021\/10\/Pages-1-370x197.jpg 370w, https:\/\/www.konstantinbax.com\/wp-content\/uploads\/2021\/10\/Pages-1-1040x553.jpg 1040w, https:\/\/www.konstantinbax.com\/wp-content\/uploads\/2021\/10\/Pages-1-600x319.jpg 600w, https:\/\/www.konstantinbax.com\/wp-content\/uploads\/2021\/10\/Pages-1.jpg 1200w\" data-sizes=\"(max-width: 900px) 100vw, 900px\" src=\"data:image\/svg+xml;base64,PHN2ZyB3aWR0aD0iMSIgaGVpZ2h0PSIxIiB4bWxucz0iaHR0cDovL3d3dy53My5vcmcvMjAwMC9zdmciPjwvc3ZnPg==\" style=\"--smush-placeholder-width: 900px; --smush-placeholder-aspect-ratio: 900\/478;\" \/><\/p>\n<p>&nbsp;<\/p>\n<p>&nbsp;<\/p>\n<style>.embed-container { position: relative; padding-bottom:56.25%; height:0; overflow: hidden; max-width: 100%; } .embed-container iframe, .embed-container object, .embed-container embed { position: absolute; top: 0; left: 0; width: 100%; height: 100%;}<\/style>\n<div id=\"ypembedcontainer\" class=\"embed-container\" data-page-width=\"453\" data-page-height=\"640\"><iframe data-src=\"https:\/\/www.yumpu.com\/en\/embed\/view\/OgkEMNF1Pzdls73W\" frameborder=\"0\" allowfullscreen=\"allowfullscreen\" src=\"data:image\/svg+xml;base64,PHN2ZyB3aWR0aD0iMSIgaGVpZ2h0PSIxIiB4bWxucz0iaHR0cDovL3d3dy53My5vcmcvMjAwMC9zdmciPjwvc3ZnPg==\" class=\"lazyload\" data-load-mode=\"1\"><\/iframe><br \/>\n<a title=\"JourneyIntoTheEssenceWebPreview\" href=\"https:\/\/www.yumpu.com\/en\/document\/view\/65874628\/journeyintotheessencewebpreview\" target=\"_blank\" rel=\"noopener noreferrer\">JourneyIntoTheEssenceWebPreview<\/a><\/div>\n<p><script src=\"https:\/\/players.yumpu.com\/modules\/embed\/yp_r_iframe.js\"><\/script><\/p>\n<p>&nbsp;<\/p>\n<p>&nbsp;<\/p>\n<p>&nbsp;<\/p>\n<p>&nbsp;<\/p>\n<p style=\"text-align: center;\"><span style=\"color: #99b898;\"><strong>\u201cIf you would be a real seeker after truth, <\/strong><\/span><\/p>\n<p style=\"text-align: center;\"><span style=\"color: #99b898;\"><strong>it is necessary that at least once in your life you doubt, <\/strong><\/span><\/p>\n<p style=\"text-align: center;\"><span style=\"color: #99b898;\"><strong>as far as possible, all things.\u201d<\/strong> <\/span><\/p>\n<p>&nbsp;<\/p>\n<p>&nbsp;<\/p>\n<p><img decoding=\"async\" class=\"aligncenter size-thumbnail wp-image-7114 lazyload\" data-src=\"https:\/\/www.konstantinbax.com\/wp-content\/uploads\/2019\/04\/Unbenannt-2-200x200.png\" alt=\"\" width=\"200\" height=\"200\" data-srcset=\"https:\/\/www.konstantinbax.com\/wp-content\/uploads\/2019\/04\/Unbenannt-2-200x200.png 200w, https:\/\/www.konstantinbax.com\/wp-content\/uploads\/2019\/04\/Unbenannt-2-100x100.png 100w\" data-sizes=\"(max-width: 200px) 100vw, 200px\" src=\"data:image\/svg+xml;base64,PHN2ZyB3aWR0aD0iMSIgaGVpZ2h0PSIxIiB4bWxucz0iaHR0cDovL3d3dy53My5vcmcvMjAwMC9zdmciPjwvc3ZnPg==\" style=\"--smush-placeholder-width: 200px; --smush-placeholder-aspect-ratio: 200\/200;\" \/><\/p>\n<p>&nbsp;<br \/>\n<span style=\"color: #161616;\">.<\/span><br \/>\n<span style=\"color: #161616;\">.<\/span><\/p>\n<h3 style=\"text-align: center;\"><a href=\"https:\/\/www.konstantinbax.com\/de\/produkt-kategorie\/artprints\/\">ART PRINTS<\/a><\/h3>\n<h3 style=\"text-align: center;\"><a href=\"https:\/\/www.konstantinbax.com\/de\/produkt-kategorie\/limited-editions-canvas\/\">FINE ART EDITIONS<\/a><\/h3>\n<h3 style=\"text-align: center;\"><a href=\"https:\/\/www.konstantinbax.com\/de\/produkt-kategorie\/books\/\">BOOKS<\/a><\/h3>\n<h3 style=\"text-align: center;\"><a href=\"https:\/\/www.konstantinbax.com\/de\/produkt-kategorie\/acrylic-masterclass\/\">MASTERCLASS<\/a><\/h3>\n<p>&nbsp;<\/p>","protected":false},"excerpt":{"rendered":"<h5>A JOURNEY INTO THE ESSENCE OF LIFE<\/h5>\n<h5>Artbook by Konstantin Bax<\/h5>\n<p>&nbsp;<\/p>\n<ul>\n<li style=\"text-align: justify;\"><span style=\"color: #808080;\">signed by the artist | limited to 50 copies<\/span><\/li>\n<li style=\"text-align: justify;\"><span style=\"color: #808080;\">21cm x 30cm | 316 pages<\/span><\/li>\n<li><span style=\"color: #808080;\">Hardcover&nbsp;<\/span><\/li>\n<li><span style=\"color: #99b898;\">incl.<\/span> mini print &#8220;And the Rain will wash it away<\/li>\n<li><span style=\"color: #99b898;\">incl.<\/span> happy card (20% off for 1 purchase in the shop)<\/li>\n<li><span style=\"color: #99b898;\">free shipping worldwide!<\/span><\/li>\n<\/ul>\n<p style=\"padding-left: 60px;\"><span style=\"color: #99b898;\">&nbsp;&nbsp;&nbsp;<a href=\"https:\/\/www.konstantinbax.com\/shop\/order-info\/\" target=\"_blank\" rel=\"noopener noreferrer\">| order info |<\/a><\/span><\/p>\n<p style=\"text-align: justify;\"><span style=\"color: #e94a60;\">&nbsp;<\/span><\/p>\n<p style=\"text-align: justify;\">&nbsp;<br \/>\n[woocommerce_currency_switcher_drop_down_box]<\/p>\n","protected":false},"featured_media":7985,"template":"","meta":{"_editorskit_title_hidden":false,"_editorskit_reading_time":0,"_editorskit_is_block_options_detached":false,"_editorskit_block_options_position":"{}","ngg_post_thumbnail":0},"product_brand":[],"product_cat":[89],"product_tag":[],"class_list":{"0":"post-7991","1":"product","2":"type-product","3":"status-publish","4":"has-post-thumbnail","6":"product_cat-books","8":"first","9":"instock","10":"shipping-taxable","11":"purchasable","12":"product-type-simple"},"yoast_head":"<!-- This site is optimized with the Yoast SEO plugin v26.9 - https:\/\/yoast.com\/product\/yoast-seo-wordpress\/ -->\n<title>Windows to Infinity | signed Artbook by Konstantin Bax<\/title>\n<meta name=\"description\" content=\"With almost 300 pages, &quot;Windows to Infinity&quot; is a manifesto by german painter Konstantin Bax. A visually powerful journey into the essence of life.\" \/>\n<meta name=\"robots\" content=\"index, follow, max-snippet:-1, max-image-preview:large, max-video-preview:-1\" \/>\n<link rel=\"canonical\" href=\"https:\/\/www.konstantinbax.com\/de\/produkt\/windowstoinfinity-konstantin-bax-2\/\" \/>\n<meta property=\"og:locale\" content=\"de_DE\" \/>\n<meta property=\"og:type\" content=\"article\" \/>\n<meta property=\"og:title\" content=\"Windows to Infinity | signed Artbook by Konstantin Bax\" \/>\n<meta property=\"og:description\" content=\"With almost 300 pages, &quot;Windows to Infinity&quot; is a manifesto by german painter Konstantin Bax. A visually powerful journey into the essence of life.\" \/>\n<meta property=\"og:url\" content=\"https:\/\/www.konstantinbax.com\/de\/produkt\/windowstoinfinity-konstantin-bax-2\/\" \/>\n<meta property=\"og:site_name\" content=\"The Art of Konstantin Bax\" \/>\n<meta property=\"article:publisher\" content=\"https:\/\/www.facebook.com\/denniskonstantinbax\/\" \/>\n<meta property=\"article:modified_time\" content=\"2025-04-25T17:59:00+00:00\" \/>\n<meta property=\"og:image\" content=\"https:\/\/www.konstantinbax.com\/wp-content\/uploads\/2014\/10\/WTI-Square.jpg\" \/>\n\t<meta property=\"og:image:width\" content=\"600\" \/>\n\t<meta property=\"og:image:height\" content=\"600\" \/>\n\t<meta property=\"og:image:type\" content=\"image\/jpeg\" \/>\n<meta name=\"twitter:card\" content=\"summary_large_image\" \/>\n<meta name=\"twitter:label1\" content=\"Gesch\u00e4tzte Lesezeit\" \/>\n\t<meta name=\"twitter:data1\" content=\"2\u00a0Minuten\" \/>\n<script type=\"application\/ld+json\" class=\"yoast-schema-graph\">{\"@context\":\"https:\/\/schema.org\",\"@graph\":[{\"@type\":\"WebPage\",\"@id\":\"https:\/\/www.konstantinbax.com\/product\/windowstoinfinity-konstantin-bax-2\/\",\"url\":\"https:\/\/www.konstantinbax.com\/product\/windowstoinfinity-konstantin-bax-2\/\",\"name\":\"Windows to Infinity | signed Artbook by Konstantin Bax\",\"isPartOf\":{\"@id\":\"https:\/\/www.konstantinbax.com\/#website\"},\"primaryImageOfPage\":{\"@id\":\"https:\/\/www.konstantinbax.com\/product\/windowstoinfinity-konstantin-bax-2\/#primaryimage\"},\"image\":{\"@id\":\"https:\/\/www.konstantinbax.com\/product\/windowstoinfinity-konstantin-bax-2\/#primaryimage\"},\"thumbnailUrl\":\"https:\/\/www.konstantinbax.com\/wp-content\/uploads\/2014\/10\/WTI-Square.jpg\",\"datePublished\":\"2021-10-11T19:31:25+00:00\",\"dateModified\":\"2025-04-25T17:59:00+00:00\",\"description\":\"With almost 300 pages, \\\"Windows to Infinity\\\" is a manifesto by german painter Konstantin Bax. A visually powerful journey into the essence of life.\",\"breadcrumb\":{\"@id\":\"https:\/\/www.konstantinbax.com\/product\/windowstoinfinity-konstantin-bax-2\/#breadcrumb\"},\"inLanguage\":\"de\",\"potentialAction\":[{\"@type\":\"ReadAction\",\"target\":[\"https:\/\/www.konstantinbax.com\/product\/windowstoinfinity-konstantin-bax-2\/\"]}]},{\"@type\":\"ImageObject\",\"inLanguage\":\"de\",\"@id\":\"https:\/\/www.konstantinbax.com\/product\/windowstoinfinity-konstantin-bax-2\/#primaryimage\",\"url\":\"https:\/\/www.konstantinbax.com\/wp-content\/uploads\/2014\/10\/WTI-Square.jpg\",\"contentUrl\":\"https:\/\/www.konstantinbax.com\/wp-content\/uploads\/2014\/10\/WTI-Square.jpg\",\"width\":600,\"height\":600,\"caption\":\"Windows to Infinity Konstantin Bax\"},{\"@type\":\"BreadcrumbList\",\"@id\":\"https:\/\/www.konstantinbax.com\/product\/windowstoinfinity-konstantin-bax-2\/#breadcrumb\",\"itemListElement\":[{\"@type\":\"ListItem\",\"position\":1,\"name\":\"Home\",\"item\":\"https:\/\/www.konstantinbax.com\/\"},{\"@type\":\"ListItem\",\"position\":2,\"name\":\"THE BAX ARTSTORE\",\"item\":\"https:\/\/www.konstantinbax.com\/shop\/\"},{\"@type\":\"ListItem\",\"position\":3,\"name\":\"Windows to Infinity\"}]},{\"@type\":\"WebSite\",\"@id\":\"https:\/\/www.konstantinbax.com\/#website\",\"url\":\"https:\/\/www.konstantinbax.com\/\",\"name\":\"The Art of Konstantin Bax\",\"description\":\"Windows to Infinity\",\"publisher\":{\"@id\":\"https:\/\/www.konstantinbax.com\/#organization\"},\"potentialAction\":[{\"@type\":\"SearchAction\",\"target\":{\"@type\":\"EntryPoint\",\"urlTemplate\":\"https:\/\/www.konstantinbax.com\/?s={search_term_string}\"},\"query-input\":{\"@type\":\"PropertyValueSpecification\",\"valueRequired\":true,\"valueName\":\"search_term_string\"}}],\"inLanguage\":\"de\"},{\"@type\":\"Organization\",\"@id\":\"https:\/\/www.konstantinbax.com\/#organization\",\"name\":\"The Art of Konstantin Bax\",\"url\":\"https:\/\/www.konstantinbax.com\/\",\"logo\":{\"@type\":\"ImageObject\",\"inLanguage\":\"de\",\"@id\":\"https:\/\/www.konstantinbax.com\/#\/schema\/logo\/image\/\",\"url\":\"https:\/\/www.konstantinbax.com\/wp-content\/uploads\/2024\/05\/LogoFinal5DD2.png\",\"contentUrl\":\"https:\/\/www.konstantinbax.com\/wp-content\/uploads\/2024\/05\/LogoFinal5DD2.png\",\"width\":397,\"height\":370,\"caption\":\"The Art of Konstantin Bax\"},\"image\":{\"@id\":\"https:\/\/www.konstantinbax.com\/#\/schema\/logo\/image\/\"},\"sameAs\":[\"https:\/\/www.facebook.com\/denniskonstantinbax\/\",\"https:\/\/www.instagram.com\/denniskonstantinbax\/\",\"https:\/\/de.pinterest.com\/beyondomega\/\"]}]}<\/script>\n<!-- \/ Yoast SEO plugin. -->","yoast_head_json":{"title":"Windows to Infinity | signed Artbook by Konstantin Bax","description":"With almost 300 pages, \"Windows to Infinity\" is a manifesto by german painter Konstantin Bax. A visually powerful journey into the essence of life.","robots":{"index":"index","follow":"follow","max-snippet":"max-snippet:-1","max-image-preview":"max-image-preview:large","max-video-preview":"max-video-preview:-1"},"canonical":"https:\/\/www.konstantinbax.com\/de\/produkt\/windowstoinfinity-konstantin-bax-2\/","og_locale":"de_DE","og_type":"article","og_title":"Windows to Infinity | signed Artbook by Konstantin Bax","og_description":"With almost 300 pages, \"Windows to Infinity\" is a manifesto by german painter Konstantin Bax. A visually powerful journey into the essence of life.","og_url":"https:\/\/www.konstantinbax.com\/de\/produkt\/windowstoinfinity-konstantin-bax-2\/","og_site_name":"The Art of Konstantin Bax","article_publisher":"https:\/\/www.facebook.com\/denniskonstantinbax\/","article_modified_time":"2025-04-25T17:59:00+00:00","og_image":[{"width":600,"height":600,"url":"https:\/\/www.konstantinbax.com\/wp-content\/uploads\/2014\/10\/WTI-Square.jpg","type":"image\/jpeg"}],"twitter_card":"summary_large_image","twitter_misc":{"Gesch\u00e4tzte Lesezeit":"2\u00a0Minuten"},"schema":{"@context":"https:\/\/schema.org","@graph":[{"@type":"WebPage","@id":"https:\/\/www.konstantinbax.com\/product\/windowstoinfinity-konstantin-bax-2\/","url":"https:\/\/www.konstantinbax.com\/product\/windowstoinfinity-konstantin-bax-2\/","name":"Windows to Infinity | signed Artbook by Konstantin Bax","isPartOf":{"@id":"https:\/\/www.konstantinbax.com\/#website"},"primaryImageOfPage":{"@id":"https:\/\/www.konstantinbax.com\/product\/windowstoinfinity-konstantin-bax-2\/#primaryimage"},"image":{"@id":"https:\/\/www.konstantinbax.com\/product\/windowstoinfinity-konstantin-bax-2\/#primaryimage"},"thumbnailUrl":"https:\/\/www.konstantinbax.com\/wp-content\/uploads\/2014\/10\/WTI-Square.jpg","datePublished":"2021-10-11T19:31:25+00:00","dateModified":"2025-04-25T17:59:00+00:00","description":"With almost 300 pages, \"Windows to Infinity\" is a manifesto by german painter Konstantin Bax. A visually powerful journey into the essence of life.","breadcrumb":{"@id":"https:\/\/www.konstantinbax.com\/product\/windowstoinfinity-konstantin-bax-2\/#breadcrumb"},"inLanguage":"de","potentialAction":[{"@type":"ReadAction","target":["https:\/\/www.konstantinbax.com\/product\/windowstoinfinity-konstantin-bax-2\/"]}]},{"@type":"ImageObject","inLanguage":"de","@id":"https:\/\/www.konstantinbax.com\/product\/windowstoinfinity-konstantin-bax-2\/#primaryimage","url":"https:\/\/www.konstantinbax.com\/wp-content\/uploads\/2014\/10\/WTI-Square.jpg","contentUrl":"https:\/\/www.konstantinbax.com\/wp-content\/uploads\/2014\/10\/WTI-Square.jpg","width":600,"height":600,"caption":"Windows to Infinity Konstantin Bax"},{"@type":"BreadcrumbList","@id":"https:\/\/www.konstantinbax.com\/product\/windowstoinfinity-konstantin-bax-2\/#breadcrumb","itemListElement":[{"@type":"ListItem","position":1,"name":"Home","item":"https:\/\/www.konstantinbax.com\/"},{"@type":"ListItem","position":2,"name":"THE BAX ARTSTORE","item":"https:\/\/www.konstantinbax.com\/shop\/"},{"@type":"ListItem","position":3,"name":"Windows to Infinity"}]},{"@type":"WebSite","@id":"https:\/\/www.konstantinbax.com\/#website","url":"https:\/\/www.konstantinbax.com\/","name":"The Art of Konstantin Bax","description":"Windows to Infinity","publisher":{"@id":"https:\/\/www.konstantinbax.com\/#organization"},"potentialAction":[{"@type":"SearchAction","target":{"@type":"EntryPoint","urlTemplate":"https:\/\/www.konstantinbax.com\/?s={search_term_string}"},"query-input":{"@type":"PropertyValueSpecification","valueRequired":true,"valueName":"search_term_string"}}],"inLanguage":"de"},{"@type":"Organization","@id":"https:\/\/www.konstantinbax.com\/#organization","name":"The Art of Konstantin Bax","url":"https:\/\/www.konstantinbax.com\/","logo":{"@type":"ImageObject","inLanguage":"de","@id":"https:\/\/www.konstantinbax.com\/#\/schema\/logo\/image\/","url":"https:\/\/www.konstantinbax.com\/wp-content\/uploads\/2024\/05\/LogoFinal5DD2.png","contentUrl":"https:\/\/www.konstantinbax.com\/wp-content\/uploads\/2024\/05\/LogoFinal5DD2.png","width":397,"height":370,"caption":"The Art of Konstantin Bax"},"image":{"@id":"https:\/\/www.konstantinbax.com\/#\/schema\/logo\/image\/"},"sameAs":["https:\/\/www.facebook.com\/denniskonstantinbax\/","https:\/\/www.instagram.com\/denniskonstantinbax\/","https:\/\/de.pinterest.com\/beyondomega\/"]}]}},"_links":{"self":[{"href":"https:\/\/www.konstantinbax.com\/de\/wp-json\/wp\/v2\/product\/7991","targetHints":{"allow":["GET"]}}],"collection":[{"href":"https:\/\/www.konstantinbax.com\/de\/wp-json\/wp\/v2\/product"}],"about":[{"href":"https:\/\/www.konstantinbax.com\/de\/wp-json\/wp\/v2\/types\/product"}],"wp:featuredmedia":[{"embeddable":true,"href":"https:\/\/www.konstantinbax.com\/de\/wp-json\/wp\/v2\/media\/7985"}],"wp:attachment":[{"href":"https:\/\/www.konstantinbax.com\/de\/wp-json\/wp\/v2\/media?parent=7991"}],"wp:term":[{"taxonomy":"product_brand","embeddable":true,"href":"https:\/\/www.konstantinbax.com\/de\/wp-json\/wp\/v2\/product_brand?post=7991"},{"taxonomy":"product_cat","embeddable":true,"href":"https:\/\/www.konstantinbax.com\/de\/wp-json\/wp\/v2\/product_cat?post=7991"},{"taxonomy":"product_tag","embeddable":true,"href":"https:\/\/www.konstantinbax.com\/de\/wp-json\/wp\/v2\/product_tag?post=7991"}],"curies":[{"name":"wp","href":"https:\/\/api.w.org\/{rel}","templated":true}]}}