{"id":7572,"date":"2020-09-03T10:15:17","date_gmt":"2020-09-03T09:15:17","guid":{"rendered":"https:\/\/www.konstantinbax.com\/?post_type=product&#038;p=7572"},"modified":"2020-09-15T08:29:46","modified_gmt":"2020-09-15T07:29:46","slug":"masterclass","status":"publish","type":"product","link":"https:\/\/www.konstantinbax.com\/de\/produkt\/masterclass\/","title":{"rendered":"Gutschein Eine Einheit"},"content":{"rendered":"<h2 style=\"text-align: center;\"><span style=\"color: #999999;\">&nbsp;Ihr Malkurs in Hamburg &amp; Online weltweit<\/span><\/h2>\n<p><img decoding=\"async\" class=\"aligncenter wp-image-7526 size-full lazyload\" data-src=\"https:\/\/www.konstantinbax.com\/wp-content\/uploads\/2020\/09\/Dennis-Konstantin-Bax-masterclass-acrylic-2.jpg\" alt=\"acrylic painting course masterclass malkurs dennis konstantin bax\" width=\"1400\" height=\"1065\" data-srcset=\"https:\/\/www.konstantinbax.com\/wp-content\/uploads\/2020\/09\/Dennis-Konstantin-Bax-masterclass-acrylic-2.jpg 1400w, https:\/\/www.konstantinbax.com\/wp-content\/uploads\/2020\/09\/Dennis-Konstantin-Bax-masterclass-acrylic-2-590x449.jpg 590w, https:\/\/www.konstantinbax.com\/wp-content\/uploads\/2020\/09\/Dennis-Konstantin-Bax-masterclass-acrylic-2-768x584.jpg 768w, https:\/\/www.konstantinbax.com\/wp-content\/uploads\/2020\/09\/Dennis-Konstantin-Bax-masterclass-acrylic-2-950x723.jpg 950w, https:\/\/www.konstantinbax.com\/wp-content\/uploads\/2020\/09\/Dennis-Konstantin-Bax-masterclass-acrylic-2-370x281.jpg 370w, https:\/\/www.konstantinbax.com\/wp-content\/uploads\/2020\/09\/Dennis-Konstantin-Bax-masterclass-acrylic-2-1040x791.jpg 1040w, https:\/\/www.konstantinbax.com\/wp-content\/uploads\/2020\/09\/Dennis-Konstantin-Bax-masterclass-acrylic-2-600x456.jpg 600w\" data-sizes=\"(max-width: 1400px) 100vw, 1400px\" src=\"data:image\/svg+xml;base64,PHN2ZyB3aWR0aD0iMSIgaGVpZ2h0PSIxIiB4bWxucz0iaHR0cDovL3d3dy53My5vcmcvMjAwMC9zdmciPjwvc3ZnPg==\" style=\"--smush-placeholder-width: 1400px; --smush-placeholder-aspect-ratio: 1400\/1065;\" \/><\/p>\n<p>&nbsp;<\/p>\n<h4 style=\"text-align: center;\"><strong><em>\"Der kreative Prozess ist wie eine Simulation des Lebens. <\/em><\/strong><\/h4>\n<h4 style=\"text-align: center;\"><strong><em>Du triffst permanent Entscheidungen, <\/em><\/strong><strong><em>um etwas zu erschaffen, das sich erf\u00fcllend anf\u00fchlt.\"<\/em><\/strong><\/h4>\n<p>&nbsp;<\/p>\n<p>&nbsp;<\/p>\n<p style=\"text-align: right;\">&nbsp;<\/p>\n<p style=\"text-align: justify;\"><strong style=\"color: #585455;\"><img decoding=\"async\" class=\"alignright wp-image-7532 lazyload\" data-src=\"https:\/\/www.konstantinbax.com\/wp-content\/uploads\/2020\/09\/Studio1-1-460x590.jpg\" alt=\"bax masterclass\" width=\"430\" height=\"552\" data-srcset=\"https:\/\/www.konstantinbax.com\/wp-content\/uploads\/2020\/09\/Studio1-1-460x590.jpg 460w, https:\/\/www.konstantinbax.com\/wp-content\/uploads\/2020\/09\/Studio1-1-370x475.jpg 370w, https:\/\/www.konstantinbax.com\/wp-content\/uploads\/2020\/09\/Studio1-1-600x770.jpg 600w, https:\/\/www.konstantinbax.com\/wp-content\/uploads\/2020\/09\/Studio1-1.jpg 701w\" data-sizes=\"(max-width: 430px) 100vw, 430px\" src=\"data:image\/svg+xml;base64,PHN2ZyB3aWR0aD0iMSIgaGVpZ2h0PSIxIiB4bWxucz0iaHR0cDovL3d3dy53My5vcmcvMjAwMC9zdmciPjwvc3ZnPg==\" style=\"--smush-placeholder-width: 430px; --smush-placeholder-aspect-ratio: 430\/552;\" \/><\/strong><\/p>\n<p>&nbsp;<\/p>\n<p style=\"text-align: justify;\"><span style=\"color: #e3e3e3;\"><strong>FOLLOW YOUR HEART<\/strong><\/span><\/p>\n<p>&nbsp;<\/p>\n<p style=\"text-align: justify;\">Das Leben stellt uns t\u00e4glich vor neue Herausforderungen, die wir mit Kreativit\u00e4t, Intuition und unserem Verstand meistern. Doch nicht selten fehlt uns die richtige Balance dieser drei Kr\u00e4fte. Die Malerei kann uns spielerisch unterst\u00fctzen, mit Mut auf unsere Intuition zu h\u00f6ren und neue ungeahnte Wege zu beschreiten.<\/p>\n<p>&nbsp;<\/p>\n<p style=\"text-align: justify;\">Dennis Konstantin Bax' Malkurse sind ausgelegt f\u00fcr Anf\u00e4nger, die den Einstieg in die Malerei finden wollen und ebenso f\u00fcr Fortgeschrittene, die Ihre Technik verbessern wollen. Sie werden durch eine kreative Herangehensweise lernen, Vertrauen in Ihre intuitive Sch\u00f6pferkraft aufzubauen und so mit einfachen Methoden visuelle Meisterwerke erschaffen.<\/p>\n<p>&nbsp;<\/p>\n<p style=\"text-align: justify;\">Konstantin geht in seinen Kursen auf die individuellen Bed\u00fcrfnisse seiner Sch\u00fcler\/innen ein und unterst\u00fctzt sie bestm\u00f6glich in der Weiterentwicklung ihres malerischen Stils. Mit nicht mehr als zwei Teilnehmer\/innen pro Kurs, wird eine produktive und vertraute Arbeitsatmosph\u00e4re geschaffen.<\/p>\n<p>&nbsp;<\/p>\n<p style=\"text-align: justify;\">Sch\u00f6pfen Sie aus Konstantins umfangreichem Erfahrungsschatz als Maler und lassen Sie sich auf Ihrem kreativen Weg unterst\u00fctzen und zum pers\u00f6nlichen Erfolg f\u00fchren.<\/p>\n<p>&nbsp;<\/p>\n<p><span style=\"color: #e3e3e3;\"><strong>Sie werden lernen<\/strong><\/span><\/p>\n<ul>\n<li><span style=\"color: #e3e3e3;\"><strong>die Verbindung zu Ihrer Intuition zu festigen<\/strong><\/span><\/li>\n<li><span style=\"color: #e3e3e3;\"><strong>den Mut zu haben einfach loszulegen<\/strong><\/span><\/li>\n<li><span style=\"color: #e3e3e3;\"><strong>kreative Acryltechniken<\/strong><\/span><\/li>\n<li><span style=\"color: #e3e3e3;\"><strong>Farbe - Raum \u2013 Komposition<\/strong><\/span><\/li>\n<li><span style=\"color: #e3e3e3;\"><strong>Farbe zum Leuchten zu bringen<\/strong><\/span><\/li>\n<li><span style=\"color: #e3e3e3;\"><strong>Ihren eigene<span style=\"color: #e3e3e3;\">n Stil zu finden<\/span><\/strong><\/span><\/li>\n<\/ul>\n<p>&nbsp;<\/p>\n<p>&nbsp;<\/p>\n<p style=\"text-align: right;\"><span style=\"color: #e3e3e3;\"><strong>DER LEHRER<\/strong><\/span><\/p>\n<p style=\"text-align: right;\"><span style=\"color: #585455;\"><strong style=\"color: #585455;\"><img decoding=\"async\" class=\"alignleft wp-image-7544 lazyload\" data-src=\"https:\/\/www.konstantinbax.com\/wp-content\/uploads\/2020\/09\/Bax2.jpg\" alt=\"\" width=\"380\" height=\"355\" data-srcset=\"https:\/\/www.konstantinbax.com\/wp-content\/uploads\/2020\/09\/Bax2.jpg 600w, https:\/\/www.konstantinbax.com\/wp-content\/uploads\/2020\/09\/Bax2-590x551.jpg 590w, https:\/\/www.konstantinbax.com\/wp-content\/uploads\/2020\/09\/Bax2-370x345.jpg 370w\" data-sizes=\"(max-width: 380px) 100vw, 380px\" src=\"data:image\/svg+xml;base64,PHN2ZyB3aWR0aD0iMSIgaGVpZ2h0PSIxIiB4bWxucz0iaHR0cDovL3d3dy53My5vcmcvMjAwMC9zdmciPjwvc3ZnPg==\" style=\"--smush-placeholder-width: 380px; --smush-placeholder-aspect-ratio: 380\/355;\" \/><\/strong><\/span><\/p>\n<p>&nbsp;<\/p>\n<p style=\"text-align: justify;\"><a href=\"https:\/\/www.konstantinbax.com\/de\/aboutbax2\/\" target=\"_blank\" rel=\"noopener noreferrer\">Dennis Konstantin Bax<\/a>, Jahrgang 1979, studierte Innenarchitektur bevor er sich entschied Maler zu werden. Sein unkonventioneller Malstil, der haupts\u00e4chlich auf Chaos und spontanen Strukturen aufbaut, hat ihm schnell zu internationaler Bekanntheit verholfen.<\/p>\n<p>&nbsp;<\/p>\n<p style=\"text-align: justify;\">Konstantin glaubt fest an die befreiende und st\u00e4rkende Kraft der Kunst. In einer Welt, die mehr denn je vom Verstand regiert wird, ist sie das Eiland der kreativen Intuition. Ein Spiegel der Welt und des Ichs, in dem alles m\u00f6glich erscheint.<\/p>\n<p>&nbsp;<\/p>\n<p><em><strong>\u201eEs geht nicht darum von der Kunst zu leben, sondern um die Kunst zu LEBEN\u201c.<\/strong><\/em><\/p>\n<p>&nbsp;<\/p>\n<p style=\"text-align: justify;\">Pers\u00f6nlichkeitsentwicklung stand f\u00fcr den K\u00fcnstler schon immer \u00fcber dem finanziellen Erfolg. Er sieht die Malerei als ein Medium, das ihm hilft in den kreativen Fluss der Welt einzutauchen und daran zu wachsen. F\u00fcr ihn ist die Malerei eine Welt voller M\u00f6glichkeiten.<\/p>\n<p>&nbsp;<\/p>\n<p style=\"text-align: justify;\">Er hat wohl recht, wenn er sagt: \"Der kreative Prozess ist wie eine Simulation des Lebens. Du triffst permanent Entscheidungen, um etwas zu erschaffen, das sich erf\u00fcllend anf\u00fchlt.\"<\/p>\n<p>&nbsp;<\/p>\n<p>&nbsp;<\/p>\n<p>&nbsp;<\/p>\n<p><strong style=\"color: #585455;\"><img decoding=\"async\" class=\"alignright wp-image-6987 lazyload\" data-src=\"https:\/\/www.konstantinbax.com\/wp-content\/uploads\/2019\/08\/dennis-konstantin-bax-abstract-portrait-scumbag-491x590.jpg\" alt=\"Abstract Portrait psychedelic art by german painter Dennis Konstantin Bax\" width=\"430\" height=\"517\" data-srcset=\"https:\/\/www.konstantinbax.com\/wp-content\/uploads\/2019\/08\/dennis-konstantin-bax-abstract-portrait-scumbag-491x590.jpg 491w, https:\/\/www.konstantinbax.com\/wp-content\/uploads\/2019\/08\/dennis-konstantin-bax-abstract-portrait-scumbag-370x445.jpg 370w, https:\/\/www.konstantinbax.com\/wp-content\/uploads\/2019\/08\/dennis-konstantin-bax-abstract-portrait-scumbag-600x721.jpg 600w, https:\/\/www.konstantinbax.com\/wp-content\/uploads\/2019\/08\/dennis-konstantin-bax-abstract-portrait-scumbag.jpg 749w\" data-sizes=\"(max-width: 430px) 100vw, 430px\" src=\"data:image\/svg+xml;base64,PHN2ZyB3aWR0aD0iMSIgaGVpZ2h0PSIxIiB4bWxucz0iaHR0cDovL3d3dy53My5vcmcvMjAwMC9zdmciPjwvc3ZnPg==\" style=\"--smush-placeholder-width: 430px; --smush-placeholder-aspect-ratio: 430\/517;\" \/><\/strong><\/p>\n<p>&nbsp;<\/p>\n<p><span style=\"color: #e3e3e3;\"><strong>PREISE<\/strong><\/span><\/p>\n<p>&nbsp;<\/p>\n<p>Kurse in Konstantins Atelier<\/p>\n<ul>\n<li><span style=\"color: #e3e3e3;\"><strong>Einzelstunde (90 min.) 90\u20ac<\/strong><\/span><\/li>\n<li><span style=\"color: #e3e3e3;\"><strong>Kompletter Kurs \"In the Light of Intuition\" (4 x 120 min.) 320\u20ac<\/strong><\/span><\/li>\n<li><span style=\"color: #e3e3e3;\"><strong>Individuelle Kunstberatung (60 min.) 60\u20ac<\/strong><\/span><\/li>\n<\/ul>\n<p>Zoom Online Kurse<\/p>\n<ul>\n<li><span style=\"color: #e3e3e3;\"><strong>Kompletter Kurs \"In the Light of Intuition\" (4 x 90 min.) 250\u20ac<\/strong><\/span><\/li>\n<li><span style=\"color: #e3e3e3;\"><strong>Individuelle Kunstberatung (60 min.) 60\u20ac<\/strong><\/span><\/li>\n<\/ul>\n<p>&nbsp;<\/p>\n<p>&nbsp;<\/p>\n<p>&nbsp;<\/p>\n<p>&nbsp;<\/p>\n<p>&nbsp;<\/p>\n<p>F\u00fcr <span style=\"color: #e3e3e3;\"><strong>Kursanfragen<\/strong><\/span> benutzen Sie bitte das Kontaktformular. Die Kurstermine k\u00f6nnen individuell abgesprochen werden.&nbsp;<\/p>\n<p>&nbsp;<\/p>\n<p><strong>Dennis Konstantin Bax<\/strong><\/p>\n<p>Atelier Karoviertel \/ Hamburg<\/p>\n<p>phone: +49 (0)176 206 25 004<\/p>\n<p>mail: k@konstantinbax.com<\/p>\n<p>&nbsp;<\/p>\n<p style=\"text-align: left;\">&nbsp;<br \/>\n\n<div class=\"wpcf7 no-js\" id=\"wpcf7-f5860-o1\" lang=\"en-US\" dir=\"ltr\" data-wpcf7-id=\"5860\">\n<div class=\"screen-reader-response\"><p role=\"status\" aria-live=\"polite\" aria-atomic=\"true\"><\/p> <ul><\/ul><\/div>\n<form action=\"\/de\/wp-json\/wp\/v2\/product\/7572#wpcf7-f5860-o1\" method=\"post\" class=\"wpcf7-form init\" aria-label=\"Contact form\" novalidate=\"novalidate\" data-status=\"init\" data-trp-original-action=\"\/de\/wp-json\/wp\/v2\/product\/7572#wpcf7-f5860-o1\">\n<fieldset class=\"hidden-fields-container\"><input type=\"hidden\" name=\"_wpcf7\" value=\"5860\" \/><input type=\"hidden\" name=\"_wpcf7_version\" value=\"6.1.5\" \/><input type=\"hidden\" name=\"_wpcf7_locale\" value=\"en_US\" \/><input type=\"hidden\" name=\"_wpcf7_unit_tag\" value=\"wpcf7-f5860-o1\" \/><input type=\"hidden\" name=\"_wpcf7_container_post\" value=\"0\" \/><input type=\"hidden\" name=\"_wpcf7_posted_data_hash\" value=\"\" \/>\n<\/fieldset>\n<p><label> Ihre Email<br \/>\n<span class=\"wpcf7-form-control-wrap\" data-name=\"your-email\"><input size=\"40\" maxlength=\"400\" class=\"wpcf7-form-control wpcf7-email wpcf7-validates-as-required wpcf7-text wpcf7-validates-as-email\" aria-required=\"true\" aria-invalid=\"false\" value=\"\" type=\"email\" name=\"your-email\" \/><\/span> <\/label>\n<\/p>\n<p><label> Betreff<br \/>\n<span class=\"wpcf7-form-control-wrap\" data-name=\"your-subject\"><input size=\"40\" maxlength=\"400\" class=\"wpcf7-form-control wpcf7-text\" aria-invalid=\"false\" value=\"\" type=\"text\" name=\"your-subject\" \/><\/span> <\/label>\n<\/p>\n<p><label> Ihre Nachricht<br \/>\n<span class=\"wpcf7-form-control-wrap\" data-name=\"your-message\"><textarea cols=\"40\" rows=\"10\" maxlength=\"2000\" class=\"wpcf7-form-control wpcf7-textarea\" aria-invalid=\"false\" name=\"your-message\"><\/textarea><\/span> <\/label>\n<\/p>\n<p><input class=\"wpcf7-form-control wpcf7-submit has-spinner\" type=\"submit\" value=\"Absenden\" \/>\n<\/p><div class=\"wpcf7-response-output\" aria-hidden=\"true\"><\/div>\n<input type=\"hidden\" name=\"trp-form-language\" value=\"de\"\/><\/form>\n<\/div>\n\n<p>&nbsp;<\/p>\n<p>&nbsp;<\/p>\n<p>&nbsp;<\/p>\n<p>&nbsp;<\/p>\n<p>&nbsp;<\/p>\n<p>&nbsp;<\/p>\n<p>&nbsp;<\/p>\n<p>&nbsp;<\/p>","protected":false},"excerpt":{"rendered":"<p>&nbsp;<\/p>\n<h5><span style=\"color: #585455;\">90 minute painting course<\/span><\/h5>\n<ul>\n<li><span style=\"color: #808080;\">Gift Certificate in envelope<\/span><\/li>\n<li><span style=\"color: #808080;\">90 min. lesson in the artist&#8217;s studio<\/span><\/li>\n<li><span style=\"color: #808080;\">free shipping&nbsp;<\/span><\/li>\n<\/ul>\n<p style=\"padding-left: 60px;\">&nbsp;&nbsp;&nbsp;<span style=\"color: #6ea1b7;\"><a style=\"color: #6ea1b7;\" href=\"https:\/\/www.konstantinbax.com\/shop\/order-info\/\" target=\"_blank\" rel=\"noopener noreferrer\">| order info |<\/a><\/span><br \/>\n&nbsp;<br \/>\n&nbsp;<br \/>\n[woocommerce_currency_switcher_drop_down_box]<\/p>\n","protected":false},"featured_media":7570,"template":"","meta":{"_editorskit_title_hidden":false,"_editorskit_reading_time":0,"_editorskit_is_block_options_detached":false,"_editorskit_block_options_position":"{}","ngg_post_thumbnail":0},"product_brand":[],"product_cat":[133],"product_tag":[],"class_list":{"0":"post-7572","1":"product","2":"type-product","3":"status-publish","4":"has-post-thumbnail","6":"product_cat-acrylic-masterclass","8":"first","9":"instock","10":"shipping-taxable","11":"purchasable","12":"product-type-simple"},"yoast_head":"<!-- This site is optimized with the Yoast SEO plugin v26.9 - https:\/\/yoast.com\/product\/yoast-seo-wordpress\/ -->\n<title>Acrylic Masterclass Malkurs in Hamburg - Gift Certificate for one unit<\/title>\n<meta name=\"description\" content=\"Gift certificate for Dennis Konstantin Bax` Acrylic Masterclass painting course. Acryl Malkurs in Hamburg vom Profi direkt im Atelier des K\u00fcnstlers.\" \/>\n<meta name=\"robots\" content=\"index, follow, max-snippet:-1, max-image-preview:large, max-video-preview:-1\" \/>\n<link rel=\"canonical\" href=\"https:\/\/www.konstantinbax.com\/de\/produkt\/masterclass\/\" \/>\n<meta property=\"og:locale\" content=\"de_DE\" \/>\n<meta property=\"og:type\" content=\"article\" \/>\n<meta property=\"og:title\" content=\"Acrylic Masterclass Malkurs in Hamburg - Gift Certificate for one unit\" \/>\n<meta property=\"og:description\" content=\"Gift certificate for Dennis Konstantin Bax` Acrylic Masterclass painting course. Acryl Malkurs in Hamburg vom Profi direkt im Atelier des K\u00fcnstlers.\" \/>\n<meta property=\"og:url\" content=\"https:\/\/www.konstantinbax.com\/de\/produkt\/masterclass\/\" \/>\n<meta property=\"og:site_name\" content=\"The Art of Konstantin Bax\" \/>\n<meta property=\"article:publisher\" content=\"https:\/\/www.facebook.com\/denniskonstantinbax\/\" \/>\n<meta property=\"article:modified_time\" content=\"2020-09-15T07:29:46+00:00\" \/>\n<meta property=\"og:image\" content=\"https:\/\/www.konstantinbax.com\/wp-content\/uploads\/2020\/09\/Acryl-Malkurs-Einheit.jpg\" \/>\n\t<meta property=\"og:image:width\" content=\"800\" \/>\n\t<meta property=\"og:image:height\" content=\"800\" \/>\n\t<meta property=\"og:image:type\" content=\"image\/jpeg\" \/>\n<meta name=\"twitter:card\" content=\"summary_large_image\" \/>\n<meta name=\"twitter:label1\" content=\"Gesch\u00e4tzte Lesezeit\" \/>\n\t<meta name=\"twitter:data1\" content=\"3\u00a0Minuten\" \/>\n<script type=\"application\/ld+json\" class=\"yoast-schema-graph\">{\"@context\":\"https:\/\/schema.org\",\"@graph\":[{\"@type\":\"WebPage\",\"@id\":\"https:\/\/www.konstantinbax.com\/product\/masterclass\/\",\"url\":\"https:\/\/www.konstantinbax.com\/product\/masterclass\/\",\"name\":\"Acrylic Masterclass Malkurs in Hamburg - Gift Certificate for one unit\",\"isPartOf\":{\"@id\":\"https:\/\/www.konstantinbax.com\/#website\"},\"primaryImageOfPage\":{\"@id\":\"https:\/\/www.konstantinbax.com\/product\/masterclass\/#primaryimage\"},\"image\":{\"@id\":\"https:\/\/www.konstantinbax.com\/product\/masterclass\/#primaryimage\"},\"thumbnailUrl\":\"https:\/\/www.konstantinbax.com\/wp-content\/uploads\/2020\/09\/Acryl-Malkurs-Einheit.jpg\",\"datePublished\":\"2020-09-03T09:15:17+00:00\",\"dateModified\":\"2020-09-15T07:29:46+00:00\",\"description\":\"Gift certificate for Dennis Konstantin Bax` Acrylic Masterclass painting course. Acryl Malkurs in Hamburg vom Profi direkt im Atelier des K\u00fcnstlers.\",\"breadcrumb\":{\"@id\":\"https:\/\/www.konstantinbax.com\/product\/masterclass\/#breadcrumb\"},\"inLanguage\":\"de\",\"potentialAction\":[{\"@type\":\"ReadAction\",\"target\":[\"https:\/\/www.konstantinbax.com\/product\/masterclass\/\"]}]},{\"@type\":\"ImageObject\",\"inLanguage\":\"de\",\"@id\":\"https:\/\/www.konstantinbax.com\/product\/masterclass\/#primaryimage\",\"url\":\"https:\/\/www.konstantinbax.com\/wp-content\/uploads\/2020\/09\/Acryl-Malkurs-Einheit.jpg\",\"contentUrl\":\"https:\/\/www.konstantinbax.com\/wp-content\/uploads\/2020\/09\/Acryl-Malkurs-Einheit.jpg\",\"width\":800,\"height\":800,\"caption\":\"acryl malkurs bax hamburg\"},{\"@type\":\"BreadcrumbList\",\"@id\":\"https:\/\/www.konstantinbax.com\/product\/masterclass\/#breadcrumb\",\"itemListElement\":[{\"@type\":\"ListItem\",\"position\":1,\"name\":\"Home\",\"item\":\"https:\/\/www.konstantinbax.com\/\"},{\"@type\":\"ListItem\",\"position\":2,\"name\":\"THE BAX ARTSTORE\",\"item\":\"https:\/\/www.konstantinbax.com\/shop\/\"},{\"@type\":\"ListItem\",\"position\":3,\"name\":\"Gift Certificate One Unit\"}]},{\"@type\":\"WebSite\",\"@id\":\"https:\/\/www.konstantinbax.com\/#website\",\"url\":\"https:\/\/www.konstantinbax.com\/\",\"name\":\"The Art of Konstantin Bax\",\"description\":\"Windows to Infinity\",\"publisher\":{\"@id\":\"https:\/\/www.konstantinbax.com\/#organization\"},\"potentialAction\":[{\"@type\":\"SearchAction\",\"target\":{\"@type\":\"EntryPoint\",\"urlTemplate\":\"https:\/\/www.konstantinbax.com\/?s={search_term_string}\"},\"query-input\":{\"@type\":\"PropertyValueSpecification\",\"valueRequired\":true,\"valueName\":\"search_term_string\"}}],\"inLanguage\":\"de\"},{\"@type\":\"Organization\",\"@id\":\"https:\/\/www.konstantinbax.com\/#organization\",\"name\":\"The Art of Konstantin Bax\",\"url\":\"https:\/\/www.konstantinbax.com\/\",\"logo\":{\"@type\":\"ImageObject\",\"inLanguage\":\"de\",\"@id\":\"https:\/\/www.konstantinbax.com\/#\/schema\/logo\/image\/\",\"url\":\"https:\/\/www.konstantinbax.com\/wp-content\/uploads\/2024\/05\/LogoFinal5DD2.png\",\"contentUrl\":\"https:\/\/www.konstantinbax.com\/wp-content\/uploads\/2024\/05\/LogoFinal5DD2.png\",\"width\":397,\"height\":370,\"caption\":\"The Art of Konstantin Bax\"},\"image\":{\"@id\":\"https:\/\/www.konstantinbax.com\/#\/schema\/logo\/image\/\"},\"sameAs\":[\"https:\/\/www.facebook.com\/denniskonstantinbax\/\",\"https:\/\/www.instagram.com\/denniskonstantinbax\/\",\"https:\/\/de.pinterest.com\/beyondomega\/\"]}]}<\/script>\n<!-- \/ Yoast SEO plugin. -->","yoast_head_json":{"title":"Acrylic Masterclass Malkurs in Hamburg - Gift Certificate for one unit","description":"Gift certificate for Dennis Konstantin Bax` Acrylic Masterclass painting course. Acryl Malkurs in Hamburg vom Profi direkt im Atelier des K\u00fcnstlers.","robots":{"index":"index","follow":"follow","max-snippet":"max-snippet:-1","max-image-preview":"max-image-preview:large","max-video-preview":"max-video-preview:-1"},"canonical":"https:\/\/www.konstantinbax.com\/de\/produkt\/masterclass\/","og_locale":"de_DE","og_type":"article","og_title":"Acrylic Masterclass Malkurs in Hamburg - Gift Certificate for one unit","og_description":"Gift certificate for Dennis Konstantin Bax` Acrylic Masterclass painting course. Acryl Malkurs in Hamburg vom Profi direkt im Atelier des K\u00fcnstlers.","og_url":"https:\/\/www.konstantinbax.com\/de\/produkt\/masterclass\/","og_site_name":"The Art of Konstantin Bax","article_publisher":"https:\/\/www.facebook.com\/denniskonstantinbax\/","article_modified_time":"2020-09-15T07:29:46+00:00","og_image":[{"width":800,"height":800,"url":"https:\/\/www.konstantinbax.com\/wp-content\/uploads\/2020\/09\/Acryl-Malkurs-Einheit.jpg","type":"image\/jpeg"}],"twitter_card":"summary_large_image","twitter_misc":{"Gesch\u00e4tzte Lesezeit":"3\u00a0Minuten"},"schema":{"@context":"https:\/\/schema.org","@graph":[{"@type":"WebPage","@id":"https:\/\/www.konstantinbax.com\/product\/masterclass\/","url":"https:\/\/www.konstantinbax.com\/product\/masterclass\/","name":"Acrylic Masterclass Malkurs in Hamburg - Gift Certificate for one unit","isPartOf":{"@id":"https:\/\/www.konstantinbax.com\/#website"},"primaryImageOfPage":{"@id":"https:\/\/www.konstantinbax.com\/product\/masterclass\/#primaryimage"},"image":{"@id":"https:\/\/www.konstantinbax.com\/product\/masterclass\/#primaryimage"},"thumbnailUrl":"https:\/\/www.konstantinbax.com\/wp-content\/uploads\/2020\/09\/Acryl-Malkurs-Einheit.jpg","datePublished":"2020-09-03T09:15:17+00:00","dateModified":"2020-09-15T07:29:46+00:00","description":"Gift certificate for Dennis Konstantin Bax` Acrylic Masterclass painting course. Acryl Malkurs in Hamburg vom Profi direkt im Atelier des K\u00fcnstlers.","breadcrumb":{"@id":"https:\/\/www.konstantinbax.com\/product\/masterclass\/#breadcrumb"},"inLanguage":"de","potentialAction":[{"@type":"ReadAction","target":["https:\/\/www.konstantinbax.com\/product\/masterclass\/"]}]},{"@type":"ImageObject","inLanguage":"de","@id":"https:\/\/www.konstantinbax.com\/product\/masterclass\/#primaryimage","url":"https:\/\/www.konstantinbax.com\/wp-content\/uploads\/2020\/09\/Acryl-Malkurs-Einheit.jpg","contentUrl":"https:\/\/www.konstantinbax.com\/wp-content\/uploads\/2020\/09\/Acryl-Malkurs-Einheit.jpg","width":800,"height":800,"caption":"acryl malkurs bax hamburg"},{"@type":"BreadcrumbList","@id":"https:\/\/www.konstantinbax.com\/product\/masterclass\/#breadcrumb","itemListElement":[{"@type":"ListItem","position":1,"name":"Home","item":"https:\/\/www.konstantinbax.com\/"},{"@type":"ListItem","position":2,"name":"THE BAX ARTSTORE","item":"https:\/\/www.konstantinbax.com\/shop\/"},{"@type":"ListItem","position":3,"name":"Gift Certificate One Unit"}]},{"@type":"WebSite","@id":"https:\/\/www.konstantinbax.com\/#website","url":"https:\/\/www.konstantinbax.com\/","name":"The Art of Konstantin Bax","description":"Windows to Infinity","publisher":{"@id":"https:\/\/www.konstantinbax.com\/#organization"},"potentialAction":[{"@type":"SearchAction","target":{"@type":"EntryPoint","urlTemplate":"https:\/\/www.konstantinbax.com\/?s={search_term_string}"},"query-input":{"@type":"PropertyValueSpecification","valueRequired":true,"valueName":"search_term_string"}}],"inLanguage":"de"},{"@type":"Organization","@id":"https:\/\/www.konstantinbax.com\/#organization","name":"The Art of Konstantin Bax","url":"https:\/\/www.konstantinbax.com\/","logo":{"@type":"ImageObject","inLanguage":"de","@id":"https:\/\/www.konstantinbax.com\/#\/schema\/logo\/image\/","url":"https:\/\/www.konstantinbax.com\/wp-content\/uploads\/2024\/05\/LogoFinal5DD2.png","contentUrl":"https:\/\/www.konstantinbax.com\/wp-content\/uploads\/2024\/05\/LogoFinal5DD2.png","width":397,"height":370,"caption":"The Art of Konstantin Bax"},"image":{"@id":"https:\/\/www.konstantinbax.com\/#\/schema\/logo\/image\/"},"sameAs":["https:\/\/www.facebook.com\/denniskonstantinbax\/","https:\/\/www.instagram.com\/denniskonstantinbax\/","https:\/\/de.pinterest.com\/beyondomega\/"]}]}},"_links":{"self":[{"href":"https:\/\/www.konstantinbax.com\/de\/wp-json\/wp\/v2\/product\/7572","targetHints":{"allow":["GET"]}}],"collection":[{"href":"https:\/\/www.konstantinbax.com\/de\/wp-json\/wp\/v2\/product"}],"about":[{"href":"https:\/\/www.konstantinbax.com\/de\/wp-json\/wp\/v2\/types\/product"}],"wp:featuredmedia":[{"embeddable":true,"href":"https:\/\/www.konstantinbax.com\/de\/wp-json\/wp\/v2\/media\/7570"}],"wp:attachment":[{"href":"https:\/\/www.konstantinbax.com\/de\/wp-json\/wp\/v2\/media?parent=7572"}],"wp:term":[{"taxonomy":"product_brand","embeddable":true,"href":"https:\/\/www.konstantinbax.com\/de\/wp-json\/wp\/v2\/product_brand?post=7572"},{"taxonomy":"product_cat","embeddable":true,"href":"https:\/\/www.konstantinbax.com\/de\/wp-json\/wp\/v2\/product_cat?post=7572"},{"taxonomy":"product_tag","embeddable":true,"href":"https:\/\/www.konstantinbax.com\/de\/wp-json\/wp\/v2\/product_tag?post=7572"}],"curies":[{"name":"wp","href":"https:\/\/api.w.org\/{rel}","templated":true}]}}