{"id":7404,"date":"2020-01-29T20:42:59","date_gmt":"2020-01-29T19:42:59","guid":{"rendered":"https:\/\/www.konstantinbax.com\/?post_type=product&#038;p=7404"},"modified":"2022-12-15T10:05:58","modified_gmt":"2022-12-15T09:05:58","slug":"booklet-the-abstract-mind","status":"publish","type":"product","link":"https:\/\/www.konstantinbax.com\/de\/produkt\/booklet-the-abstract-mind\/","title":{"rendered":"Katalog | The Abstract Mind"},"content":{"rendered":"<h4>Ich bin traurig, Ich bin verzweifelt. Ich bin gl\u00fccklich, verr\u00fcckt und abenteuerlustig. Ich bin m\u00fcde und entmutigt. Ich bin neidisch und hasse Dich. Ich liebe Dich und brauche Dich um am Leben zu sein. Ich bin ein MENSCH!<\/h4>\n<p>&nbsp;<\/p>\n<p>&nbsp;<\/p>\n<p>&nbsp;<\/p>\n<p style=\"text-align: center;\">44-seitiges Booklet zu Dennis Konstantin Bax' \"The Abstract Mind\" Serie.<\/p>\n<p style=\"text-align: center;\">Zu dem Booklet gibt es den limitierten mini Druck \"And the Rain will wash it away\" kostenlos dazu.<\/p>\n<p style=\"text-align: center;\">Weltweit auf 50 Exemplare limitiert!<\/p>\n<p>&nbsp;<\/p>\n<p><img decoding=\"async\" class=\"aligncenter wp-image-5979 lazyload\" data-src=\"https:\/\/www.konstantinbax.com\/wp-content\/uploads\/2019\/01\/dennis-konstantin-bax-psychedelic-art-notavailable-200x200.jpg\" alt=\"Visionary psychedelic art ayahuasca dmt psychedelische kunst Dennis Konstantin Bax\" width=\"600\" height=\"605\" data-srcset=\"https:\/\/www.konstantinbax.com\/wp-content\/uploads\/2019\/01\/dennis-konstantin-bax-psychedelic-art-notavailable-586x590.jpg 586w, https:\/\/www.konstantinbax.com\/wp-content\/uploads\/2019\/01\/dennis-konstantin-bax-psychedelic-art-notavailable-768x774.jpg 768w, https:\/\/www.konstantinbax.com\/wp-content\/uploads\/2019\/01\/dennis-konstantin-bax-psychedelic-art-notavailable-370x373.jpg 370w, https:\/\/www.konstantinbax.com\/wp-content\/uploads\/2019\/01\/dennis-konstantin-bax-psychedelic-art-notavailable-600x605.jpg 600w, https:\/\/www.konstantinbax.com\/wp-content\/uploads\/2019\/01\/dennis-konstantin-bax-psychedelic-art-notavailable-100x100.jpg 100w, https:\/\/www.konstantinbax.com\/wp-content\/uploads\/2019\/01\/dennis-konstantin-bax-psychedelic-art-notavailable.jpg 928w\" data-sizes=\"(max-width: 600px) 100vw, 600px\" src=\"data:image\/svg+xml;base64,PHN2ZyB3aWR0aD0iMSIgaGVpZ2h0PSIxIiB4bWxucz0iaHR0cDovL3d3dy53My5vcmcvMjAwMC9zdmciPjwvc3ZnPg==\" style=\"--smush-placeholder-width: 600px; --smush-placeholder-aspect-ratio: 600\/605;\" \/><\/p>\n<p>&nbsp;<\/p>\n<p>&nbsp;<\/p>\n<p><img decoding=\"async\" class=\"aligncenter size-thumbnail wp-image-7114 lazyload\" data-src=\"https:\/\/www.konstantinbax.com\/wp-content\/uploads\/2019\/04\/Unbenannt-2-200x200.png\" alt=\"\" width=\"200\" height=\"200\" data-srcset=\"https:\/\/www.konstantinbax.com\/wp-content\/uploads\/2019\/04\/Unbenannt-2-200x200.png 200w, https:\/\/www.konstantinbax.com\/wp-content\/uploads\/2019\/04\/Unbenannt-2-100x100.png 100w\" data-sizes=\"(max-width: 200px) 100vw, 200px\" src=\"data:image\/svg+xml;base64,PHN2ZyB3aWR0aD0iMSIgaGVpZ2h0PSIxIiB4bWxucz0iaHR0cDovL3d3dy53My5vcmcvMjAwMC9zdmciPjwvc3ZnPg==\" style=\"--smush-placeholder-width: 200px; --smush-placeholder-aspect-ratio: 200\/200;\" \/><\/p>\n<p>&nbsp;<br \/>\n<span style=\"color: #161616;\">.<\/span><br \/>\n<span style=\"color: #161616;\">.<\/span><\/p>\n<h3 style=\"text-align: center;\"><a href=\"https:\/\/www.konstantinbax.com\/de\/produkt-kategorie\/artprints\/\">ART PRINTS<\/a><\/h3>\n<h3 style=\"text-align: center;\"><a href=\"https:\/\/www.konstantinbax.com\/de\/produkt-kategorie\/limited-editions-canvas\/\">FINE ART EDITIONS<\/a><\/h3>\n<h3 style=\"text-align: center;\"><a href=\"https:\/\/www.konstantinbax.com\/de\/produkt-kategorie\/books\/\">BOOKS<\/a><\/h3>\n<h3 style=\"text-align: center;\"><a href=\"https:\/\/www.konstantinbax.com\/de\/produkt-kategorie\/acrylic-masterclass\/\">MASTERCLASS<\/a><\/h3>\n<p>&nbsp;<\/p>","protected":false},"excerpt":{"rendered":"<p>&nbsp;<\/p>\n<ul>\n<li style=\"text-align: justify;\"><span style=\"color: #808080;\">Booklet &#8220;The Abstract Mind&#8221;<\/span><\/li>\n<li style=\"text-align: justify;\"><span style=\"color: #808080;\">21cm x 30cm | 48 pages<\/span><\/li>\n<li><span style=\"color: #808080;\">Softcover | signed by the artist<br \/>\n<\/span><\/li>\n<li>comes with a limited edition print 8&#8243; x 12&#8243;<\/li>\n<li><span style=\"color: #99b898;\">free shipping worldwide!<\/span><\/li>\n<\/ul>\n<p style=\"padding-left: 60px;\"><span style=\"color: #99b898;\">&nbsp;&nbsp;&nbsp;<a href=\"https:\/\/www.konstantinbax.com\/shop\/order-info\/\" target=\"_blank\" rel=\"noopener noreferrer\">| order info |<\/a><\/span><\/p>\n<p style=\"text-align: justify;\"><span style=\"color: #e94a60;\">&nbsp;<\/span><\/p>\n<p>&nbsp;<br \/>\n&nbsp;<br \/>\n[woocommerce_currency_switcher_drop_down_box]<\/p>\n","protected":false},"featured_media":7406,"template":"","meta":{"_editorskit_title_hidden":false,"_editorskit_reading_time":0,"_editorskit_is_block_options_detached":false,"_editorskit_block_options_position":"{}","ngg_post_thumbnail":0},"product_brand":[],"product_cat":[89],"product_tag":[],"class_list":{"0":"post-7404","1":"product","2":"type-product","3":"status-publish","4":"has-post-thumbnail","6":"product_cat-books","8":"first","9":"instock","10":"shipping-taxable","11":"purchasable","12":"product-type-simple"},"yoast_head":"<!-- This site is optimized with the Yoast SEO plugin v26.9 - https:\/\/yoast.com\/product\/yoast-seo-wordpress\/ -->\n<title>Dennis Konstantin Bax &quot;The Abstract Mind&quot; Booklet<\/title>\n<meta name=\"description\" content=\"Nice little Booklet featuring Dennis Konstantin Bax&#039; &quot;The Abstract Mind&quot; painting series. Finest contemporary abstract art from Hamburg St. Pauli.\" \/>\n<meta name=\"robots\" content=\"index, follow, max-snippet:-1, max-image-preview:large, max-video-preview:-1\" \/>\n<link rel=\"canonical\" href=\"https:\/\/www.konstantinbax.com\/de\/produkt\/booklet-the-abstract-mind\/\" \/>\n<meta property=\"og:locale\" content=\"de_DE\" \/>\n<meta property=\"og:type\" content=\"article\" \/>\n<meta property=\"og:title\" content=\"Dennis Konstantin Bax &quot;The Abstract Mind&quot; Booklet\" \/>\n<meta property=\"og:description\" content=\"Nice little Booklet featuring Dennis Konstantin Bax&#039; &quot;The Abstract Mind&quot; painting series. Finest contemporary abstract art from Hamburg St. Pauli.\" \/>\n<meta property=\"og:url\" content=\"https:\/\/www.konstantinbax.com\/de\/produkt\/booklet-the-abstract-mind\/\" \/>\n<meta property=\"og:site_name\" content=\"The Art of Konstantin Bax\" \/>\n<meta property=\"article:publisher\" content=\"https:\/\/www.facebook.com\/denniskonstantinbax\/\" \/>\n<meta property=\"article:modified_time\" content=\"2022-12-15T09:05:58+00:00\" \/>\n<meta property=\"og:image\" content=\"https:\/\/www.konstantinbax.com\/wp-content\/uploads\/2020\/01\/BookletBaxAbstractMind1.jpg\" \/>\n\t<meta property=\"og:image:width\" content=\"566\" \/>\n\t<meta property=\"og:image:height\" content=\"800\" \/>\n\t<meta property=\"og:image:type\" content=\"image\/jpeg\" \/>\n<meta name=\"twitter:card\" content=\"summary_large_image\" \/>\n<script type=\"application\/ld+json\" class=\"yoast-schema-graph\">{\"@context\":\"https:\/\/schema.org\",\"@graph\":[{\"@type\":\"WebPage\",\"@id\":\"https:\/\/www.konstantinbax.com\/product\/booklet-the-abstract-mind\/\",\"url\":\"https:\/\/www.konstantinbax.com\/product\/booklet-the-abstract-mind\/\",\"name\":\"Dennis Konstantin Bax \\\"The Abstract Mind\\\" Booklet\",\"isPartOf\":{\"@id\":\"https:\/\/www.konstantinbax.com\/#website\"},\"primaryImageOfPage\":{\"@id\":\"https:\/\/www.konstantinbax.com\/product\/booklet-the-abstract-mind\/#primaryimage\"},\"image\":{\"@id\":\"https:\/\/www.konstantinbax.com\/product\/booklet-the-abstract-mind\/#primaryimage\"},\"thumbnailUrl\":\"https:\/\/www.konstantinbax.com\/wp-content\/uploads\/2020\/01\/BookletBaxAbstractMind1.jpg\",\"datePublished\":\"2020-01-29T19:42:59+00:00\",\"dateModified\":\"2022-12-15T09:05:58+00:00\",\"description\":\"Nice little Booklet featuring Dennis Konstantin Bax' \\\"The Abstract Mind\\\" painting series. Finest contemporary abstract art from Hamburg St. Pauli.\",\"breadcrumb\":{\"@id\":\"https:\/\/www.konstantinbax.com\/product\/booklet-the-abstract-mind\/#breadcrumb\"},\"inLanguage\":\"de\",\"potentialAction\":[{\"@type\":\"ReadAction\",\"target\":[\"https:\/\/www.konstantinbax.com\/product\/booklet-the-abstract-mind\/\"]}]},{\"@type\":\"ImageObject\",\"inLanguage\":\"de\",\"@id\":\"https:\/\/www.konstantinbax.com\/product\/booklet-the-abstract-mind\/#primaryimage\",\"url\":\"https:\/\/www.konstantinbax.com\/wp-content\/uploads\/2020\/01\/BookletBaxAbstractMind1.jpg\",\"contentUrl\":\"https:\/\/www.konstantinbax.com\/wp-content\/uploads\/2020\/01\/BookletBaxAbstractMind1.jpg\",\"width\":566,\"height\":800,\"caption\":\"Psychedelic art book konstantin bax abstract art1\"},{\"@type\":\"BreadcrumbList\",\"@id\":\"https:\/\/www.konstantinbax.com\/product\/booklet-the-abstract-mind\/#breadcrumb\",\"itemListElement\":[{\"@type\":\"ListItem\",\"position\":1,\"name\":\"Home\",\"item\":\"https:\/\/www.konstantinbax.com\/\"},{\"@type\":\"ListItem\",\"position\":2,\"name\":\"THE BAX ARTSTORE\",\"item\":\"https:\/\/www.konstantinbax.com\/shop\/\"},{\"@type\":\"ListItem\",\"position\":3,\"name\":\"Booklet | The Abstract Mind\"}]},{\"@type\":\"WebSite\",\"@id\":\"https:\/\/www.konstantinbax.com\/#website\",\"url\":\"https:\/\/www.konstantinbax.com\/\",\"name\":\"The Art of Konstantin Bax\",\"description\":\"Windows to Infinity\",\"publisher\":{\"@id\":\"https:\/\/www.konstantinbax.com\/#organization\"},\"potentialAction\":[{\"@type\":\"SearchAction\",\"target\":{\"@type\":\"EntryPoint\",\"urlTemplate\":\"https:\/\/www.konstantinbax.com\/?s={search_term_string}\"},\"query-input\":{\"@type\":\"PropertyValueSpecification\",\"valueRequired\":true,\"valueName\":\"search_term_string\"}}],\"inLanguage\":\"de\"},{\"@type\":\"Organization\",\"@id\":\"https:\/\/www.konstantinbax.com\/#organization\",\"name\":\"The Art of Konstantin Bax\",\"url\":\"https:\/\/www.konstantinbax.com\/\",\"logo\":{\"@type\":\"ImageObject\",\"inLanguage\":\"de\",\"@id\":\"https:\/\/www.konstantinbax.com\/#\/schema\/logo\/image\/\",\"url\":\"https:\/\/www.konstantinbax.com\/wp-content\/uploads\/2024\/05\/LogoFinal5DD2.png\",\"contentUrl\":\"https:\/\/www.konstantinbax.com\/wp-content\/uploads\/2024\/05\/LogoFinal5DD2.png\",\"width\":397,\"height\":370,\"caption\":\"The Art of Konstantin Bax\"},\"image\":{\"@id\":\"https:\/\/www.konstantinbax.com\/#\/schema\/logo\/image\/\"},\"sameAs\":[\"https:\/\/www.facebook.com\/denniskonstantinbax\/\",\"https:\/\/www.instagram.com\/denniskonstantinbax\/\",\"https:\/\/de.pinterest.com\/beyondomega\/\"]}]}<\/script>\n<!-- \/ Yoast SEO plugin. -->","yoast_head_json":{"title":"Dennis Konstantin Bax \"The Abstract Mind\" Booklet","description":"Nice little Booklet featuring Dennis Konstantin Bax' \"The Abstract Mind\" painting series. Finest contemporary abstract art from Hamburg St. Pauli.","robots":{"index":"index","follow":"follow","max-snippet":"max-snippet:-1","max-image-preview":"max-image-preview:large","max-video-preview":"max-video-preview:-1"},"canonical":"https:\/\/www.konstantinbax.com\/de\/produkt\/booklet-the-abstract-mind\/","og_locale":"de_DE","og_type":"article","og_title":"Dennis Konstantin Bax \"The Abstract Mind\" Booklet","og_description":"Nice little Booklet featuring Dennis Konstantin Bax' \"The Abstract Mind\" painting series. Finest contemporary abstract art from Hamburg St. Pauli.","og_url":"https:\/\/www.konstantinbax.com\/de\/produkt\/booklet-the-abstract-mind\/","og_site_name":"The Art of Konstantin Bax","article_publisher":"https:\/\/www.facebook.com\/denniskonstantinbax\/","article_modified_time":"2022-12-15T09:05:58+00:00","og_image":[{"width":566,"height":800,"url":"https:\/\/www.konstantinbax.com\/wp-content\/uploads\/2020\/01\/BookletBaxAbstractMind1.jpg","type":"image\/jpeg"}],"twitter_card":"summary_large_image","schema":{"@context":"https:\/\/schema.org","@graph":[{"@type":"WebPage","@id":"https:\/\/www.konstantinbax.com\/product\/booklet-the-abstract-mind\/","url":"https:\/\/www.konstantinbax.com\/product\/booklet-the-abstract-mind\/","name":"Dennis Konstantin Bax \"The Abstract Mind\" Booklet","isPartOf":{"@id":"https:\/\/www.konstantinbax.com\/#website"},"primaryImageOfPage":{"@id":"https:\/\/www.konstantinbax.com\/product\/booklet-the-abstract-mind\/#primaryimage"},"image":{"@id":"https:\/\/www.konstantinbax.com\/product\/booklet-the-abstract-mind\/#primaryimage"},"thumbnailUrl":"https:\/\/www.konstantinbax.com\/wp-content\/uploads\/2020\/01\/BookletBaxAbstractMind1.jpg","datePublished":"2020-01-29T19:42:59+00:00","dateModified":"2022-12-15T09:05:58+00:00","description":"Nice little Booklet featuring Dennis Konstantin Bax' \"The Abstract Mind\" painting series. Finest contemporary abstract art from Hamburg St. Pauli.","breadcrumb":{"@id":"https:\/\/www.konstantinbax.com\/product\/booklet-the-abstract-mind\/#breadcrumb"},"inLanguage":"de","potentialAction":[{"@type":"ReadAction","target":["https:\/\/www.konstantinbax.com\/product\/booklet-the-abstract-mind\/"]}]},{"@type":"ImageObject","inLanguage":"de","@id":"https:\/\/www.konstantinbax.com\/product\/booklet-the-abstract-mind\/#primaryimage","url":"https:\/\/www.konstantinbax.com\/wp-content\/uploads\/2020\/01\/BookletBaxAbstractMind1.jpg","contentUrl":"https:\/\/www.konstantinbax.com\/wp-content\/uploads\/2020\/01\/BookletBaxAbstractMind1.jpg","width":566,"height":800,"caption":"Psychedelic art book konstantin bax abstract art1"},{"@type":"BreadcrumbList","@id":"https:\/\/www.konstantinbax.com\/product\/booklet-the-abstract-mind\/#breadcrumb","itemListElement":[{"@type":"ListItem","position":1,"name":"Home","item":"https:\/\/www.konstantinbax.com\/"},{"@type":"ListItem","position":2,"name":"THE BAX ARTSTORE","item":"https:\/\/www.konstantinbax.com\/shop\/"},{"@type":"ListItem","position":3,"name":"Booklet | The Abstract Mind"}]},{"@type":"WebSite","@id":"https:\/\/www.konstantinbax.com\/#website","url":"https:\/\/www.konstantinbax.com\/","name":"The Art of Konstantin Bax","description":"Windows to Infinity","publisher":{"@id":"https:\/\/www.konstantinbax.com\/#organization"},"potentialAction":[{"@type":"SearchAction","target":{"@type":"EntryPoint","urlTemplate":"https:\/\/www.konstantinbax.com\/?s={search_term_string}"},"query-input":{"@type":"PropertyValueSpecification","valueRequired":true,"valueName":"search_term_string"}}],"inLanguage":"de"},{"@type":"Organization","@id":"https:\/\/www.konstantinbax.com\/#organization","name":"The Art of Konstantin Bax","url":"https:\/\/www.konstantinbax.com\/","logo":{"@type":"ImageObject","inLanguage":"de","@id":"https:\/\/www.konstantinbax.com\/#\/schema\/logo\/image\/","url":"https:\/\/www.konstantinbax.com\/wp-content\/uploads\/2024\/05\/LogoFinal5DD2.png","contentUrl":"https:\/\/www.konstantinbax.com\/wp-content\/uploads\/2024\/05\/LogoFinal5DD2.png","width":397,"height":370,"caption":"The Art of Konstantin Bax"},"image":{"@id":"https:\/\/www.konstantinbax.com\/#\/schema\/logo\/image\/"},"sameAs":["https:\/\/www.facebook.com\/denniskonstantinbax\/","https:\/\/www.instagram.com\/denniskonstantinbax\/","https:\/\/de.pinterest.com\/beyondomega\/"]}]}},"_links":{"self":[{"href":"https:\/\/www.konstantinbax.com\/de\/wp-json\/wp\/v2\/product\/7404","targetHints":{"allow":["GET"]}}],"collection":[{"href":"https:\/\/www.konstantinbax.com\/de\/wp-json\/wp\/v2\/product"}],"about":[{"href":"https:\/\/www.konstantinbax.com\/de\/wp-json\/wp\/v2\/types\/product"}],"wp:featuredmedia":[{"embeddable":true,"href":"https:\/\/www.konstantinbax.com\/de\/wp-json\/wp\/v2\/media\/7406"}],"wp:attachment":[{"href":"https:\/\/www.konstantinbax.com\/de\/wp-json\/wp\/v2\/media?parent=7404"}],"wp:term":[{"taxonomy":"product_brand","embeddable":true,"href":"https:\/\/www.konstantinbax.com\/de\/wp-json\/wp\/v2\/product_brand?post=7404"},{"taxonomy":"product_cat","embeddable":true,"href":"https:\/\/www.konstantinbax.com\/de\/wp-json\/wp\/v2\/product_cat?post=7404"},{"taxonomy":"product_tag","embeddable":true,"href":"https:\/\/www.konstantinbax.com\/de\/wp-json\/wp\/v2\/product_tag?post=7404"}],"curies":[{"name":"wp","href":"https:\/\/api.w.org\/{rel}","templated":true}]}}