{"id":8663,"date":"2022-12-13T17:25:19","date_gmt":"2022-12-13T16:25:19","guid":{"rendered":"https:\/\/www.konstantinbax.com\/?page_id=8663"},"modified":"2022-12-15T09:02:44","modified_gmt":"2022-12-15T08:02:44","slug":"a-shop-you-can-trust","status":"publish","type":"page","link":"https:\/\/www.konstantinbax.com\/de\/a-shop-you-can-trust\/","title":{"rendered":"A Shop you can trust"},"content":{"rendered":"<p>&nbsp;<\/p>\n<p><img decoding=\"async\" class=\"aligncenter wp-image-8666\" src=\"https:\/\/www.konstantinbax.com\/wp-content\/uploads\/2022\/12\/Seal2.png\" alt=\"\" width=\"150\" height=\"150\" srcset=\"https:\/\/www.konstantinbax.com\/wp-content\/uploads\/2022\/12\/Seal2.png 350w, https:\/\/www.konstantinbax.com\/wp-content\/uploads\/2022\/12\/Seal2-200x200.png 200w, https:\/\/www.konstantinbax.com\/wp-content\/uploads\/2022\/12\/Seal2-100x100.png 100w\" sizes=\"(max-width: 150px) 100vw, 150px\" \/><\/p>\n\n\n<div style=\"height:50px\" aria-hidden=\"true\" class=\"wp-block-spacer\"><\/div>\n\n\n\n<div class=\"wp-block-media-text alignwide has-media-on-the-right is-stacked-on-mobile\" style=\"grid-template-columns:auto 46%\"><div class=\"wp-block-media-text__content\">\n<p class=\"has-text-align-justify\"><strong>Mein Versprechen<\/strong><\/p>\n\n\n\n<div style=\"height:20px\" aria-hidden=\"true\" class=\"wp-block-spacer\"><\/div>\n\n\n\n<p class=\"has-text-align-justify\">Ich wurde vor kurzem von einem der gr\u00f6\u00dften Anbieter f\u00fcr Internetshop Authentizifierung kontaktiert und mir wurde angeboten meinen Shop zertifizieren zu lassen. Ich habe lange dar\u00fcber nachgedacht, ob sich meine Kunden dann sicherer f\u00fchlen bei mir einzukaufen. Letzten Endes habe ich mich jedoch, aufgrund der hohen j\u00e4hrlichen Kosten, dagegen entschieden. Ich investiere dieses Geld lieber in Farben und Leinw\u00e4nde.<\/p>\n\n\n\n<div style=\"height:10px\" aria-hidden=\"true\" class=\"wp-block-spacer\"><\/div>\n\n\n\n<p class=\"has-text-align-justify\">Ich verkaufe seit \u00fcber 16 Jahren meine Kunst in alle Welt und hatte noch nie einen unzufriedenen Kunden, oder eine verschwundene Sendung. Die Bestellungen auf meiner Seite behandle ich mit derselben Liebe und Hingabe, die ich auch meiner Kunst schenke.<\/p>\n\n\n\n<div style=\"height:10px\" aria-hidden=\"true\" class=\"wp-block-spacer\"><\/div>\n\n\n\n<p class=\"has-text-align-justify\">Alles l\u00e4uft durch meine Hand und wird sicher und mit Dankbarkeit versendet. Daf\u00fcr stehe ich mit meiner K\u00fcnstlerehre.<\/p>\n\n\n\n<div style=\"height:10px\" aria-hidden=\"true\" class=\"wp-block-spacer\"><\/div>\n\n\n\n<figure class=\"wp-block-image size-full is-resized\"><a data-size=\"600x194\" href=\"https:\/\/www.konstantinbax.com\/wp-content\/uploads\/2022\/12\/Signature.png\"><img decoding=\"async\" src=\"https:\/\/www.konstantinbax.com\/wp-content\/uploads\/2022\/12\/Signature.png\" alt=\"\" class=\"wp-image-8675\" width=\"285\" height=\"92\" srcset=\"https:\/\/www.konstantinbax.com\/wp-content\/uploads\/2022\/12\/Signature.png 600w, https:\/\/www.konstantinbax.com\/wp-content\/uploads\/2022\/12\/Signature-590x191.png 590w, https:\/\/www.konstantinbax.com\/wp-content\/uploads\/2022\/12\/Signature-370x120.png 370w\" sizes=\"(max-width: 285px) 100vw, 285px\" \/><\/a><\/figure>\n\n\n\n<p class=\"has-text-align-right\">Konstantin Bax, Hamburg 2023<\/p>\n\n\n<style>.wp-block-kadence-spacer.kt-block-spacer-_643180-c3 .kt-block-spacer{height:46px;}.wp-block-kadence-spacer.kt-block-spacer-_643180-c3 .kt-divider{border-top-width:1px;height:1px;border-top-color:#eee;width:80%;border-top-style:solid;}<\/style>\n<div class=\"wp-block-kadence-spacer aligncenter kt-block-spacer-_643180-c3\"><div class=\"kt-block-spacer kt-block-spacer-halign-center\"><hr class=\"kt-divider\"\/><\/div><\/div>\n<\/div><figure class=\"wp-block-media-text__media\"><img decoding=\"async\" width=\"833\" height=\"950\" src=\"https:\/\/www.konstantinbax.com\/wp-content\/uploads\/2022\/11\/REM-4-833x950.jpg\" alt=\"Psychedelic Art Konstantin Bax Prints shop \" class=\"wp-image-8607 size-full\" srcset=\"https:\/\/www.konstantinbax.com\/wp-content\/uploads\/2022\/11\/REM-4-833x950.jpg 833w, https:\/\/www.konstantinbax.com\/wp-content\/uploads\/2022\/11\/REM-4-518x590.jpg 518w, https:\/\/www.konstantinbax.com\/wp-content\/uploads\/2022\/11\/REM-4-768x876.jpg 768w, https:\/\/www.konstantinbax.com\/wp-content\/uploads\/2022\/11\/REM-4-370x422.jpg 370w, https:\/\/www.konstantinbax.com\/wp-content\/uploads\/2022\/11\/REM-4-600x684.jpg 600w, https:\/\/www.konstantinbax.com\/wp-content\/uploads\/2022\/11\/REM-4.jpg 1000w\" sizes=\"(max-width: 833px) 100vw, 833px\" \/><\/figure><\/div>\n\n\n\n<div style=\"height:40px\" aria-hidden=\"true\" class=\"wp-block-spacer\"><\/div>\n\n\n\n<h3 class=\"has-text-align-center wp-block-heading\"><a href=\"https:\/\/www.konstantinbax.com\/de\/shop\/\" class=\"ek-link\">Zur\u00fcck zum Shop<\/a><\/h3>\n\n\n\n<div style=\"height:40px\" aria-hidden=\"true\" class=\"wp-block-spacer\"><\/div>\n\n\n<style>.wp-block-kadence-spacer.kt-block-spacer-_fdbb21-de .kt-block-spacer{height:60px;}.wp-block-kadence-spacer.kt-block-spacer-_fdbb21-de .kt-divider{border-top-width:1px;height:1px;border-top-color:#eee;width:93%;border-top-style:solid;}<\/style>\n<div class=\"wp-block-kadence-spacer aligncenter kt-block-spacer-_fdbb21-de\"><div class=\"kt-block-spacer kt-block-spacer-halign-center\"><hr class=\"kt-divider\"\/><\/div><\/div>","protected":false},"excerpt":{"rendered":"<p>&nbsp; Zur\u00fcck zum Shop<\/p>","protected":false},"author":1,"featured_media":0,"parent":0,"menu_order":0,"comment_status":"closed","ping_status":"closed","template":"","meta":{"_editorskit_title_hidden":false,"_editorskit_reading_time":0,"_editorskit_is_block_options_detached":false,"_editorskit_block_options_position":"{}","ngg_post_thumbnail":0,"footnotes":""},"class_list":["post-8663","page","type-page","status-publish","hentry"],"yoast_head":"<!-- This site is optimized with the Yoast SEO plugin v26.9 - https:\/\/yoast.com\/product\/yoast-seo-wordpress\/ -->\n<title>A Shop you can trust - The Art of Konstantin Bax<\/title>\n<meta name=\"description\" content=\"I have been selling my art all over the world for 16 years and have never had an unsatisfied customer or a missing shipment. I treat the orders on my site with the same love and dedication that I give to my art.\" \/>\n<meta name=\"robots\" content=\"index, follow, max-snippet:-1, max-image-preview:large, max-video-preview:-1\" \/>\n<link rel=\"canonical\" href=\"https:\/\/www.konstantinbax.com\/de\/a-shop-you-can-trust\/\" \/>\n<meta property=\"og:locale\" content=\"de_DE\" \/>\n<meta property=\"og:type\" content=\"article\" \/>\n<meta property=\"og:title\" content=\"A Shop you can trust - The Art of Konstantin Bax\" \/>\n<meta property=\"og:description\" content=\"I have been selling my art all over the world for 16 years and have never had an unsatisfied customer or a missing shipment. I treat the orders on my site with the same love and dedication that I give to my art.\" \/>\n<meta property=\"og:url\" content=\"https:\/\/www.konstantinbax.com\/de\/a-shop-you-can-trust\/\" \/>\n<meta property=\"og:site_name\" content=\"The Art of Konstantin Bax\" \/>\n<meta property=\"article:publisher\" content=\"https:\/\/www.facebook.com\/denniskonstantinbax\/\" \/>\n<meta property=\"article:modified_time\" content=\"2022-12-15T08:02:44+00:00\" \/>\n<meta property=\"og:image\" content=\"https:\/\/www.konstantinbax.com\/wp-content\/uploads\/2022\/12\/Seal2.png\" \/>\n<meta name=\"twitter:card\" content=\"summary_large_image\" \/>\n<meta name=\"twitter:label1\" content=\"Gesch\u00e4tzte Lesezeit\" \/>\n\t<meta name=\"twitter:data1\" content=\"1\u00a0Minute\" \/>\n<script type=\"application\/ld+json\" class=\"yoast-schema-graph\">{\"@context\":\"https:\/\/schema.org\",\"@graph\":[{\"@type\":\"WebPage\",\"@id\":\"https:\/\/www.konstantinbax.com\/a-shop-you-can-trust\/\",\"url\":\"https:\/\/www.konstantinbax.com\/a-shop-you-can-trust\/\",\"name\":\"A Shop you can trust - The Art of Konstantin Bax\",\"isPartOf\":{\"@id\":\"https:\/\/www.konstantinbax.com\/#website\"},\"primaryImageOfPage\":{\"@id\":\"https:\/\/www.konstantinbax.com\/a-shop-you-can-trust\/#primaryimage\"},\"image\":{\"@id\":\"https:\/\/www.konstantinbax.com\/a-shop-you-can-trust\/#primaryimage\"},\"thumbnailUrl\":\"https:\/\/www.konstantinbax.com\/wp-content\/uploads\/2022\/12\/Seal2.png\",\"datePublished\":\"2022-12-13T16:25:19+00:00\",\"dateModified\":\"2022-12-15T08:02:44+00:00\",\"description\":\"I have been selling my art all over the world for 16 years and have never had an unsatisfied customer or a missing shipment. I treat the orders on my site with the same love and dedication that I give to my art.\",\"breadcrumb\":{\"@id\":\"https:\/\/www.konstantinbax.com\/a-shop-you-can-trust\/#breadcrumb\"},\"inLanguage\":\"de\",\"potentialAction\":[{\"@type\":\"ReadAction\",\"target\":[\"https:\/\/www.konstantinbax.com\/a-shop-you-can-trust\/\"]}]},{\"@type\":\"ImageObject\",\"inLanguage\":\"de\",\"@id\":\"https:\/\/www.konstantinbax.com\/a-shop-you-can-trust\/#primaryimage\",\"url\":\"https:\/\/www.konstantinbax.com\/wp-content\/uploads\/2022\/12\/Seal2.png\",\"contentUrl\":\"https:\/\/www.konstantinbax.com\/wp-content\/uploads\/2022\/12\/Seal2.png\"},{\"@type\":\"BreadcrumbList\",\"@id\":\"https:\/\/www.konstantinbax.com\/a-shop-you-can-trust\/#breadcrumb\",\"itemListElement\":[{\"@type\":\"ListItem\",\"position\":1,\"name\":\"Home\",\"item\":\"https:\/\/www.konstantinbax.com\/\"},{\"@type\":\"ListItem\",\"position\":2,\"name\":\"A Shop you can trust\"}]},{\"@type\":\"WebSite\",\"@id\":\"https:\/\/www.konstantinbax.com\/#website\",\"url\":\"https:\/\/www.konstantinbax.com\/\",\"name\":\"The Art of Konstantin Bax\",\"description\":\"Windows to Infinity\",\"publisher\":{\"@id\":\"https:\/\/www.konstantinbax.com\/#organization\"},\"potentialAction\":[{\"@type\":\"SearchAction\",\"target\":{\"@type\":\"EntryPoint\",\"urlTemplate\":\"https:\/\/www.konstantinbax.com\/?s={search_term_string}\"},\"query-input\":{\"@type\":\"PropertyValueSpecification\",\"valueRequired\":true,\"valueName\":\"search_term_string\"}}],\"inLanguage\":\"de\"},{\"@type\":\"Organization\",\"@id\":\"https:\/\/www.konstantinbax.com\/#organization\",\"name\":\"The Art of Konstantin Bax\",\"url\":\"https:\/\/www.konstantinbax.com\/\",\"logo\":{\"@type\":\"ImageObject\",\"inLanguage\":\"de\",\"@id\":\"https:\/\/www.konstantinbax.com\/#\/schema\/logo\/image\/\",\"url\":\"https:\/\/www.konstantinbax.com\/wp-content\/uploads\/2024\/05\/LogoFinal5DD2.png\",\"contentUrl\":\"https:\/\/www.konstantinbax.com\/wp-content\/uploads\/2024\/05\/LogoFinal5DD2.png\",\"width\":397,\"height\":370,\"caption\":\"The Art of Konstantin Bax\"},\"image\":{\"@id\":\"https:\/\/www.konstantinbax.com\/#\/schema\/logo\/image\/\"},\"sameAs\":[\"https:\/\/www.facebook.com\/denniskonstantinbax\/\",\"https:\/\/www.instagram.com\/denniskonstantinbax\/\",\"https:\/\/de.pinterest.com\/beyondomega\/\"]}]}<\/script>\n<!-- \/ Yoast SEO plugin. -->","yoast_head_json":{"title":"A Shop you can trust - The Art of Konstantin Bax","description":"Ich verkaufe seit \u00fcber 16 Jahren meine Kunst in alle Welt und hatte noch nie einen unzufriedenen Kunden, oder eine verschwundene Sendung. Die Bestellungen auf meiner Seite behandle ich mit derselben Liebe und Hingabe, die ich auch meiner Kunst schenke.","robots":{"index":"index","follow":"follow","max-snippet":"max-snippet:-1","max-image-preview":"max-image-preview:large","max-video-preview":"max-video-preview:-1"},"canonical":"https:\/\/www.konstantinbax.com\/de\/a-shop-you-can-trust\/","og_locale":"de_DE","og_type":"article","og_title":"A Shop you can trust - The Art of Konstantin Bax","og_description":"I have been selling my art all over the world for 16 years and have never had an unsatisfied customer or a missing shipment. I treat the orders on my site with the same love and dedication that I give to my art.","og_url":"https:\/\/www.konstantinbax.com\/de\/a-shop-you-can-trust\/","og_site_name":"The Art of Konstantin Bax","article_publisher":"https:\/\/www.facebook.com\/denniskonstantinbax\/","article_modified_time":"2022-12-15T08:02:44+00:00","og_image":[{"url":"https:\/\/www.konstantinbax.com\/wp-content\/uploads\/2022\/12\/Seal2.png","type":"","width":"","height":""}],"twitter_card":"summary_large_image","twitter_misc":{"Gesch\u00e4tzte Lesezeit":"1\u00a0Minute"},"schema":{"@context":"https:\/\/schema.org","@graph":[{"@type":"WebPage","@id":"https:\/\/www.konstantinbax.com\/a-shop-you-can-trust\/","url":"https:\/\/www.konstantinbax.com\/a-shop-you-can-trust\/","name":"A Shop you can trust - The Art of Konstantin Bax","isPartOf":{"@id":"https:\/\/www.konstantinbax.com\/#website"},"primaryImageOfPage":{"@id":"https:\/\/www.konstantinbax.com\/a-shop-you-can-trust\/#primaryimage"},"image":{"@id":"https:\/\/www.konstantinbax.com\/a-shop-you-can-trust\/#primaryimage"},"thumbnailUrl":"https:\/\/www.konstantinbax.com\/wp-content\/uploads\/2022\/12\/Seal2.png","datePublished":"2022-12-13T16:25:19+00:00","dateModified":"2022-12-15T08:02:44+00:00","description":"Ich verkaufe seit \u00fcber 16 Jahren meine Kunst in alle Welt und hatte noch nie einen unzufriedenen Kunden, oder eine verschwundene Sendung. Die Bestellungen auf meiner Seite behandle ich mit derselben Liebe und Hingabe, die ich auch meiner Kunst schenke.","breadcrumb":{"@id":"https:\/\/www.konstantinbax.com\/a-shop-you-can-trust\/#breadcrumb"},"inLanguage":"de","potentialAction":[{"@type":"ReadAction","target":["https:\/\/www.konstantinbax.com\/a-shop-you-can-trust\/"]}]},{"@type":"ImageObject","inLanguage":"de","@id":"https:\/\/www.konstantinbax.com\/a-shop-you-can-trust\/#primaryimage","url":"https:\/\/www.konstantinbax.com\/wp-content\/uploads\/2022\/12\/Seal2.png","contentUrl":"https:\/\/www.konstantinbax.com\/wp-content\/uploads\/2022\/12\/Seal2.png"},{"@type":"BreadcrumbList","@id":"https:\/\/www.konstantinbax.com\/a-shop-you-can-trust\/#breadcrumb","itemListElement":[{"@type":"ListItem","position":1,"name":"Home","item":"https:\/\/www.konstantinbax.com\/"},{"@type":"ListItem","position":2,"name":"A Shop you can trust"}]},{"@type":"WebSite","@id":"https:\/\/www.konstantinbax.com\/#website","url":"https:\/\/www.konstantinbax.com\/","name":"The Art of Konstantin Bax","description":"Windows to Infinity","publisher":{"@id":"https:\/\/www.konstantinbax.com\/#organization"},"potentialAction":[{"@type":"SearchAction","target":{"@type":"EntryPoint","urlTemplate":"https:\/\/www.konstantinbax.com\/?s={search_term_string}"},"query-input":{"@type":"PropertyValueSpecification","valueRequired":true,"valueName":"search_term_string"}}],"inLanguage":"de"},{"@type":"Organization","@id":"https:\/\/www.konstantinbax.com\/#organization","name":"The Art of Konstantin Bax","url":"https:\/\/www.konstantinbax.com\/","logo":{"@type":"ImageObject","inLanguage":"de","@id":"https:\/\/www.konstantinbax.com\/#\/schema\/logo\/image\/","url":"https:\/\/www.konstantinbax.com\/wp-content\/uploads\/2024\/05\/LogoFinal5DD2.png","contentUrl":"https:\/\/www.konstantinbax.com\/wp-content\/uploads\/2024\/05\/LogoFinal5DD2.png","width":397,"height":370,"caption":"The Art of Konstantin Bax"},"image":{"@id":"https:\/\/www.konstantinbax.com\/#\/schema\/logo\/image\/"},"sameAs":["https:\/\/www.facebook.com\/denniskonstantinbax\/","https:\/\/www.instagram.com\/denniskonstantinbax\/","https:\/\/de.pinterest.com\/beyondomega\/"]}]}},"_links":{"self":[{"href":"https:\/\/www.konstantinbax.com\/de\/wp-json\/wp\/v2\/pages\/8663","targetHints":{"allow":["GET"]}}],"collection":[{"href":"https:\/\/www.konstantinbax.com\/de\/wp-json\/wp\/v2\/pages"}],"about":[{"href":"https:\/\/www.konstantinbax.com\/de\/wp-json\/wp\/v2\/types\/page"}],"author":[{"embeddable":true,"href":"https:\/\/www.konstantinbax.com\/de\/wp-json\/wp\/v2\/users\/1"}],"replies":[{"embeddable":true,"href":"https:\/\/www.konstantinbax.com\/de\/wp-json\/wp\/v2\/comments?post=8663"}],"version-history":[{"count":0,"href":"https:\/\/www.konstantinbax.com\/de\/wp-json\/wp\/v2\/pages\/8663\/revisions"}],"wp:attachment":[{"href":"https:\/\/www.konstantinbax.com\/de\/wp-json\/wp\/v2\/media?parent=8663"}],"curies":[{"name":"wp","href":"https:\/\/api.w.org\/{rel}","templated":true}]}}