{"id":583,"date":"2011-08-07T22:50:13","date_gmt":"2011-08-07T21:50:13","guid":{"rendered":"http:\/\/www.denniskonstantin.com\/"},"modified":"2019-09-03T09:06:33","modified_gmt":"2019-09-03T08:06:33","slug":"agbs","status":"publish","type":"page","link":"https:\/\/www.konstantinbax.com\/de\/contact\/agbs\/","title":{"rendered":"AGB&#8217;s"},"content":{"rendered":"<p>&nbsp;<\/p>\n<p><em><span style=\"color: #ff0000;\">Note for customers from outside Germany:<\/span><\/em><\/p>\n<p><em>I am currently working on the english version of the terms and conditions. All items are shipped from Hamburg Germany. Shipping takes about 5-10 business days for international orders. Free shipping of all products worldwide!<\/em><\/p>\n<p>&nbsp;<\/p>\n<p><strong>Der Verkauf und Versand aller Produkte erfolgt aus Hamburg. Direkt aus dem Atelier des K\u00fcnstlers.<\/strong><\/p>\n<p>&nbsp;<\/p>\n<p><strong>Allgemeine Gesch\u00e4ftsbedingungen (AGB)<\/strong><\/p>\n<p>\u00a7 1<br \/>\nGeltungsbereich &amp; Abwehrklausel<\/p>\n<p>(1) F\u00fcr die \u00fcber diesen Internet-Shop begr\u00fcndeten Rechtsbeziehungen zwischen Dennis Konstantin und seinen Kunden gelten ausschlie\u00dflich die folgenden Allgemeinen Gesch\u00e4ftsbedingungen in der jeweiligen Fassung zum Zeitpunkt der Bestellung.<\/p>\n<p>(2) Abweichende Allgemeine Gesch\u00e4ftsbedingungen des Kunden werden zur\u00fcckgewiesen.<\/p>\n<p>\u00a7 2<br \/>\nZustandekommen des Vertrages<\/p>\n<p>(1) Die Pr\u00e4sentation der Waren im Internet-Shop stellt kein bindendes Angebot des Anbieters auf Abschluss eines Kaufvertrages dar. Der Kunde wird hierdurch lediglich aufgefordert, durch eine Bestellung ein Angebot abzugeben.<\/p>\n<p>(2) Durch das Absenden der Bestellung im Internet-Shop gibt der Kunde ein verbindliches Angebot gerichtet auf den Abschluss eines Kaufvertrages \u00fcber die im Warenkorb enthaltenen Waren ab. Mit dem Absenden der Bestellung erkennt der Kunde auch diese Gesch\u00e4ftsbedingungen als f\u00fcr das Rechtsverh\u00e4ltnis mit dem Anbieter allein ma\u00dfgeblich an.<\/p>\n<p>(3) Der Anbieter best\u00e4tigt den Eingang der Bestellung des Kunden durch Versendung einer Best\u00e4tigungs-E-Mail. Diese Bestellbest\u00e4tigung stellt noch nicht die Annahme des Vertragsangebotes durch den Anbieter dar. Sie dient lediglich der Information des Kunden, dass die Bestellung beim Anbieter eingegangen ist. Die Erkl\u00e4rung der Annahme des Vertragsangebotes erfolgt durch die Auslieferung der Ware oder eine ausdr\u00fcckliche Annahmeerkl\u00e4rung.<\/p>\n<p>\u00a7 3<br \/>\nEigentumsvorbehalt<\/p>\n<p>Die gelieferte Ware verbleibt bis zur vollst\u00e4ndigen Bezahlung im Eigentum des Anbieters.<\/p>\n<p>\u00a7 4<br \/>\nF\u00e4lligkeit<\/p>\n<p>Die Zahlung des Kaufpreises ist mit Vertragsschluss f\u00e4llig. Die Bankdaten werden dem K\u00e4ufer nach der Bestellung per email mitgeteilt.<\/p>\n<p>\u00a7 5<br \/>\nGew\u00e4hrleistung<\/p>\n<p>(1) Die Gew\u00e4hrleistungsrechte des Kunden richten sich nach den allgemeinen gesetzlichen Vorschriften, soweit nachfolgend nichts anderes bestimmt ist. F\u00fcr Schadensersatzanspr\u00fcche des Kunden gegen\u00fcber dem Anbieter gilt die Regelung in \u00a7 6 dieser AGB.<\/p>\n<p>(2) Die Verj\u00e4hrungsfrist f\u00fcr Gew\u00e4hrleistungsanspr\u00fcche des Kunden betr\u00e4gt bei Verbrauchern bei neu hergestellten Sachen 2 Jahre, bei gebrauchten Sachen 1 Jahr. Gegen\u00fcber Unternehmern betr\u00e4gt die Verj\u00e4hrungsfrist bei neu hergestellten Sachen und bei gebrauchten Sachen 1 Jahr. Die vorstehende Verk\u00fcrzung der Verj\u00e4hrungsfristen gilt nicht f\u00fcr Schadensersatzanspr\u00fcche des Kunden aufgrund einer Verletzung des Lebens, des K\u00f6rpers, der Gesundheit sowie f\u00fcr Schadensersatzanspr\u00fcche aufgrund einer Verletzung wesentlicher Vertragspflichten. Wesentliche Vertragspflichten sind solche, deren Erf\u00fcllung zur Erreichung des Ziels des Vertrags notwendig ist, z.B. hat der Anbieter dem Kunden die Sache frei von Sach- und Rechtsm\u00e4ngeln zu \u00fcbergeben und das Eigentum an ihr zu verschaffen. Die vorstehende Verk\u00fcrzung der Verj\u00e4hrungsfristen gilt ebenfalls nicht f\u00fcr Schadensersatzanspr\u00fcche, die auf einer vors\u00e4tzlichen oder grob fahrl\u00e4ssigen Pflichtverletzung des Anbieters, seiner gesetzlichen Vertreter oder Erf\u00fcllungsgehilfen beruhen. Gegen\u00fcber Unternehmern ebenfalls ausgenommen von der Verk\u00fcrzung der Verj\u00e4hrungsfristen ist der R\u00fcckgriffsanspruch nach \u00a7 478 BGB.<\/p>\n<p>(3) Eine Garantie wird von dem Anbieter nicht erkl\u00e4rt.<\/p>\n<p>\u00a7 6<br \/>\nHaftungsausschluss<\/p>\n<p>(1) Schadensersatzanspr\u00fcche des Kunden sind ausgeschlossen, soweit nachfolgend nichts anderes bestimmt ist. Der vorstehende Haftungsausschluss gilt auch zugunsten der gesetzlichen Vertreter und Erf\u00fcllungsgehilfen des Anbieters, sofern der Kunde Anspr\u00fcche gegen diese geltend macht.<\/p>\n<p>(2) Von dem unter Ziffer 1 bestimmten Haftungsausschluss ausgenommen sind Schadensersatzanspr\u00fcche aufgrund einer Verletzung des Lebens, des K\u00f6rpers, der Gesundheit und Schadensersatzanspr\u00fcche aus der Verletzung wesentlicher Vertragspflichten. Wesentliche Vertragspflichten sind solche, deren Erf\u00fcllung zur Erreichung des Ziels des Vertrags notwendig ist, z.B. hat der Anbieter dem Kunden die Sache frei von Sach- und Rechtsm\u00e4ngeln zu \u00fcbergeben und das Eigentum an ihr zu verschaffen. Von dem Haftungsausschluss ebenfalls ausgenommen ist die Haftung f\u00fcr Sch\u00e4den, die auf einer vors\u00e4tzlichen oder grob fahrl\u00e4ssigen Pflichtverletzung des Anbieters, seiner gesetzlichen Vertreter oder Erf\u00fcllungsgehilfen beruhen.<\/p>\n<p>(3) Vorschriften des Produkthaftungsgesetzes (ProdHaftG) bleiben unber\u00fchrt.<\/p>\n<p>\u00a7 7<br \/>\nAbtretungs- und Verpf\u00e4ndungsverbot<\/p>\n<p>Die Abtretung oder Verpf\u00e4ndung von dem Kunden gegen\u00fcber dem Anbieter zustehenden Anspr\u00fcchen oder Rechten ist ohne Zustimmung des Anbieters ausgeschlossen, sofern der Kunde nicht ein berechtigtes Interesse an der Abtretung oder Verpf\u00e4ndung nachweist.<\/p>\n<p>\u00a7 8<br \/>\nAufrechnung<\/p>\n<p>Ein Aufrechnungsrecht des Kunden besteht nur, wenn seine zur Aufrechnung gestellte Forderung rechtskr\u00e4ftig festgestellt wurde oder unbestritten ist.<\/p>\n<p>\u00a7 9<br \/>\nRechtswahl &amp; Gerichtsstand<\/p>\n<p>(1) Auf die vertraglichen Beziehungen zwischen dem Anbieter und dem Kunden findet das Recht der Bundesrepublik Deutschland Anwendung. Von dieser Rechtswahl ausgenommen sind die zwingenden Verbraucherschutzvorschriften des Landes, in dem der Kunde seinen gew\u00f6hnlichen Aufenthalt hat. Die Anwendung des UN-Kaufrechts ist ausgeschlossen.<\/p>\n<p>(2) Gerichtsstand f\u00fcr alle Streitigkeiten aus dem Vertragsverh\u00e4ltnis zwischen dem Kunden und dem Anbieter ist der Sitz des Anbieters, sofern es sich bei dem Kunden um einen Kaufmann, eine juristische Person des \u00f6ffentlichen Rechts oder ein \u00f6ffentlich-rechtliches Sonderverm\u00f6gen handelt.<\/p>\n<p>\u00a7 10<br \/>\nSalvatorische Klausel<br \/>\nSollte eine Bestimmung dieser Allgemeinen Gesch\u00e4ftsbedingungen unwirksam sein, wird davon die Wirksamkeit der \u00fcbrigen Bestimmungen nicht ber\u00fchrt.<\/p>\n<p><i>Quelle: <a href=\"http:\/\/www.kluge-seminare.de\/\">Betriebsratsschulungen<\/a><\/i><\/p>\n<p><strong>Datenschutzerkl\u00e4rung<\/strong><\/p>\n<p>Wir erheben und verwenden Ihre personenbezogenen Daten ausschlie\u00dflich im Rahmen der Bestimmungen des Datenschutzrechts der Bundesrepublik Deutschland. Im Folgenden unterrichten wir Sie \u00fcber Art, Umfang und Zwecke der Erhebung und Verwendung personenbezogener Daten. Sie k\u00f6nnen diese Unterrichtung jederzeit auf unserer Webseite abrufen.<\/p>\n<p>Daten\u00fcbermittlung und -protokollierung zu systeminternen und statistischen Zwecken<br \/>\nIhr Internet-Browser \u00fcbermittelt beim Zugriff auf unsere Webseite aus technischen Gr\u00fcnden automatisch Daten an unseren Webserver. Es handelt sich dabei unter anderem um Datum und Uhrzeit des Zugriffs, URL der verweisenden Webseite, abgerufene Datei, Menge der gesendeten Daten, Browsertyp und -version, Betriebssystem sowie Ihre IP-Adresse. Diese Daten werden getrennt von anderen Daten, die Sie im Rahmen der Nutzung unseres Angebotes eingeben gespeichert. Eine Zuordnung dieser Daten zu einer bestimmten Person ist uns nicht m\u00f6glich. Diese Daten werden zu statistischen Zwecken ausgewertet und im Anschluss gel\u00f6scht.<\/p>\n<p>Bestandsdaten<br \/>\nSofern zwischen Ihnen und uns ein Vertragsverh\u00e4ltnis begr\u00fcndet, inhaltlich ausgestaltet oder ge\u00e4ndert werden soll, erheben und verwenden wir personenbezogene Daten von Ihnen, soweit dies zu diesen Zwecken erforderlich ist.<br \/>\nAuf Anordnung der zust\u00e4ndigen Stellen d\u00fcrfen wir im Einzelfall Auskunft \u00fcber diese Daten (Bestandsdaten) erteilen, soweit dies f\u00fcr Zwecke der Strafverfolgung, zur Gefahrenabwehr, zur Erf\u00fcllung der gesetzlichen Aufgaben der Verfassungsschutzbeh\u00f6rden oder des Milit\u00e4rischen Abschirmdienstes oder zur Durchsetzung der Rechte am geistigen Eigentum erforderlich ist.<\/p>\n<p>Nutzungsdaten<br \/>\nWir erheben und verwenden personenbezogene Daten von Ihnen, soweit dies erforderlich ist, um die Inanspruchnahme unseres Internetangebotes zu erm\u00f6glichen oder abzurechnen (Nutzungsdaten). Dazu geh\u00f6ren insbesondere Merkmale zu Ihrer Identifikation und Angaben zu Beginn und Ende sowie des Umfangs der Nutzung unseres Angebotes.<br \/>\nF\u00fcr Zwecke der Werbung, der Marktforschung und zur bedarfsgerechten Gestaltung unseres Internetangebotes d\u00fcrfen wir bei Verwendung von Pseudonymen Nutzungsprofile erstellen. Sie haben das Recht, dieser Verwendung Ihrer Daten zu widersprechen. Die Nutzungsprofile d\u00fcrfen wir nicht mit Daten \u00fcber den Tr\u00e4ger des Pseudonyms zusammenf\u00fchren.<br \/>\nAuf Anordnung der zust\u00e4ndigen Stellen d\u00fcrfen wir im Einzelfall Auskunft \u00fcber diese Daten (Bestandsdaten) erteilen, soweit dies f\u00fcr Zwecke der Strafverfolgung, zur Gefahrenabwehr, zur Erf\u00fcllung der gesetzlichen Aufgaben der Verfassungsschutzbeh\u00f6rden oder des Milit\u00e4rischen Abschirmdienstes oder zur Durchsetzung der Rechte am geistigen Eigentum erforderlich ist.<\/p>\n<p>Cookies<br \/>\nUm den Funktionsumfang unseres Internetangebotes zu erweitern und die Nutzung f\u00fcr Sie komfortabler zu gestalten, verwenden wir so genannte \u201eCookies\u201c. Mit Hilfe dieser \u201eCookies\u201c k\u00f6nnen bei dem Aufruf unserer Webseite Daten auf Ihrem Rechner gespeichert werden. Sie haben die M\u00f6glichkeit, das Abspeichern von Cookies auf Ihrem Rechner durch entsprechende Einstellungen in Ihrem Browser zu verhindern. Hierdurch k\u00f6nnten allerdings der Funktionsumfang unseres Angebotes eingeschr\u00e4nkt werden.<\/p>\n<p>Auskunftsrecht<br \/>\nAls Nutzer unseres Internetangebotes haben Sie das Recht, von uns Auskunft \u00fcber die zu Ihrer Person oder zu Ihrem Pseudonym gespeicherten Daten zu verlangen. Auf Ihr Verlangen kann die Auskunft auch elektronisch erteilt werden.<\/p>\n<p><i>Quelle: <a href=\"http:\/\/www.kluge-recht.de\">Anwalt Arbeitsrecht Hamburg<\/a><\/i><\/p>\n<p><strong>Disclaimer \/ Haftungsausschluss<\/strong><\/p>\n<p>1. F\u00fcr die Nutzung dieser Website gelten im Verh\u00e4ltnis zwischen dem Nutzer und dem Betreiber der Seite die folgenden Nutzungsbedingungen. Diese Nutzungsbedingungen gelten mit dem Aufruf dieser Website als verbindlich vereinbart.<\/p>\n<p>2. Diese Website enth\u00e4lt Daten, Informationen und sonstige Inhalte, die urheberrechtlich und oder markenrechtlich gesch\u00fctzt sind. Es ist untersagt, die Website oder einzelne Teile davon zu vervielf\u00e4ltigen und zu verbreiten.<\/p>\n<p>3. Es ist jedermann erlaubt, einen oder mehrere Links auf diese Website zu setzen. Der Betreiber beh\u00e4lt sich jedoch das Recht vor, diese Erlaubnis zu widerrufen. Nicht erlaubt ist die Darstellung dieser Website in einem Frame.<\/p>\n<p>4. Der Betreiber haftet f\u00fcr die Inhalte dieser Website nach den gesetzlichen Bestimmungen. Er \u00fcbernimmt aber keine Gew\u00e4hr f\u00fcr die Richtigkeit und Vollst\u00e4ndigkeit der auf dieser Website zur Verf\u00fcgung gestellten Inhalte und Informationen.<\/p>\n<p>5. Sofern zwischen dem Betreiber und dem Nutzer ein Vertragsverh\u00e4ltnis zustande kommt, findet auf die vertraglichen Beziehungen das Recht der Bundesrepublik Deutschland Anwendung. Von dieser Rechtswahl ausgenommen sind die zwingenden Verbraucherschutzvorschriften des Landes, in dem der Kunde seinen gew\u00f6hnlichen Aufenthalt hat. Die Rechtswahl gilt ferner nicht, sofern der Nutzer die Verletzung von Immaterialg\u00fcterrechte geltend macht. Die Anwendung des UN-Kaufrechts ist ausgeschlossen.<br \/>\nGerichtsstand f\u00fcr alle Streitigkeiten, die mit der Nutzung der Website zusammenh\u00e4ngen ist der Sitz des Betreibers, sofern es sich bei dem Nutzer um einen Kaufmann, eine juristische Person des \u00f6ffentlichen Rechts oder ein \u00f6ffentlich-rechtliches Sonderverm\u00f6gen handelt.<\/p>\n<p><i>Quelle: <a href=\"http:\/\/www.kluge-recht.de\/disclaimer-muster.php\">Disclaimer Muster<\/a> | <a href=\"http:\/\/www.kluge-seminare.de\">Betriebsrat Seminare<\/a><\/i><\/p>","protected":false},"excerpt":{"rendered":"<p>&nbsp; Note for customers from outside Germany: I am currently working on the english version of the terms and conditions. All items are shipped from Hamburg Germany. Shipping takes about 5-10 business days for international orders. Free shipping of all[&#8230;]<\/p>\n","protected":false},"author":1,"featured_media":0,"parent":121,"menu_order":0,"comment_status":"closed","ping_status":"open","template":"","meta":{"_editorskit_title_hidden":false,"_editorskit_reading_time":0,"_editorskit_is_block_options_detached":false,"_editorskit_block_options_position":"{}","ngg_post_thumbnail":0,"footnotes":""},"class_list":["post-583","page","type-page","status-publish","hentry"],"yoast_head":"<!-- This site is optimized with the Yoast SEO plugin v26.9 - https:\/\/yoast.com\/product\/yoast-seo-wordpress\/ -->\n<title>AGB&#039;s - The Art of Konstantin Bax<\/title>\n<meta name=\"robots\" content=\"index, follow, max-snippet:-1, max-image-preview:large, max-video-preview:-1\" \/>\n<link rel=\"canonical\" href=\"https:\/\/www.konstantinbax.com\/de\/contact\/agbs\/\" \/>\n<meta property=\"og:locale\" content=\"de_DE\" \/>\n<meta property=\"og:type\" content=\"article\" \/>\n<meta property=\"og:title\" content=\"AGB&#039;s - The Art of Konstantin Bax\" \/>\n<meta property=\"og:description\" content=\"&nbsp; Note for customers from outside Germany: I am currently working on the english version of the terms and conditions. All items are shipped from Hamburg Germany. Shipping takes about 5-10 business days for international orders. Free shipping of all[...]\" \/>\n<meta property=\"og:url\" content=\"https:\/\/www.konstantinbax.com\/de\/contact\/agbs\/\" \/>\n<meta property=\"og:site_name\" content=\"The Art of Konstantin Bax\" \/>\n<meta property=\"article:publisher\" content=\"https:\/\/www.facebook.com\/denniskonstantinbax\/\" \/>\n<meta property=\"article:modified_time\" content=\"2019-09-03T08:06:33+00:00\" \/>\n<meta name=\"twitter:card\" content=\"summary_large_image\" \/>\n<meta name=\"twitter:label1\" content=\"Gesch\u00e4tzte Lesezeit\" \/>\n\t<meta name=\"twitter:data1\" content=\"8\u00a0Minuten\" \/>\n<script type=\"application\/ld+json\" class=\"yoast-schema-graph\">{\"@context\":\"https:\/\/schema.org\",\"@graph\":[{\"@type\":\"WebPage\",\"@id\":\"https:\/\/www.konstantinbax.com\/contact\/agbs\/\",\"url\":\"https:\/\/www.konstantinbax.com\/contact\/agbs\/\",\"name\":\"AGB's - The Art of Konstantin Bax\",\"isPartOf\":{\"@id\":\"https:\/\/www.konstantinbax.com\/#website\"},\"datePublished\":\"2011-08-07T21:50:13+00:00\",\"dateModified\":\"2019-09-03T08:06:33+00:00\",\"breadcrumb\":{\"@id\":\"https:\/\/www.konstantinbax.com\/contact\/agbs\/#breadcrumb\"},\"inLanguage\":\"de\",\"potentialAction\":[{\"@type\":\"ReadAction\",\"target\":[\"https:\/\/www.konstantinbax.com\/contact\/agbs\/\"]}]},{\"@type\":\"BreadcrumbList\",\"@id\":\"https:\/\/www.konstantinbax.com\/contact\/agbs\/#breadcrumb\",\"itemListElement\":[{\"@type\":\"ListItem\",\"position\":1,\"name\":\"Home\",\"item\":\"https:\/\/www.konstantinbax.com\/\"},{\"@type\":\"ListItem\",\"position\":2,\"name\":\"Contact\",\"item\":\"https:\/\/www.konstantinbax.com\/contact\/\"},{\"@type\":\"ListItem\",\"position\":3,\"name\":\"AGB&#8217;s\"}]},{\"@type\":\"WebSite\",\"@id\":\"https:\/\/www.konstantinbax.com\/#website\",\"url\":\"https:\/\/www.konstantinbax.com\/\",\"name\":\"The Art of Konstantin Bax\",\"description\":\"Windows to Infinity\",\"publisher\":{\"@id\":\"https:\/\/www.konstantinbax.com\/#organization\"},\"potentialAction\":[{\"@type\":\"SearchAction\",\"target\":{\"@type\":\"EntryPoint\",\"urlTemplate\":\"https:\/\/www.konstantinbax.com\/?s={search_term_string}\"},\"query-input\":{\"@type\":\"PropertyValueSpecification\",\"valueRequired\":true,\"valueName\":\"search_term_string\"}}],\"inLanguage\":\"de\"},{\"@type\":\"Organization\",\"@id\":\"https:\/\/www.konstantinbax.com\/#organization\",\"name\":\"The Art of Konstantin Bax\",\"url\":\"https:\/\/www.konstantinbax.com\/\",\"logo\":{\"@type\":\"ImageObject\",\"inLanguage\":\"de\",\"@id\":\"https:\/\/www.konstantinbax.com\/#\/schema\/logo\/image\/\",\"url\":\"https:\/\/www.konstantinbax.com\/wp-content\/uploads\/2024\/05\/LogoFinal5DD2.png\",\"contentUrl\":\"https:\/\/www.konstantinbax.com\/wp-content\/uploads\/2024\/05\/LogoFinal5DD2.png\",\"width\":397,\"height\":370,\"caption\":\"The Art of Konstantin Bax\"},\"image\":{\"@id\":\"https:\/\/www.konstantinbax.com\/#\/schema\/logo\/image\/\"},\"sameAs\":[\"https:\/\/www.facebook.com\/denniskonstantinbax\/\",\"https:\/\/www.instagram.com\/denniskonstantinbax\/\",\"https:\/\/de.pinterest.com\/beyondomega\/\"]}]}<\/script>\n<!-- \/ Yoast SEO plugin. -->","yoast_head_json":{"title":"AGB's - The Art of Konstantin Bax","robots":{"index":"index","follow":"follow","max-snippet":"max-snippet:-1","max-image-preview":"max-image-preview:large","max-video-preview":"max-video-preview:-1"},"canonical":"https:\/\/www.konstantinbax.com\/de\/contact\/agbs\/","og_locale":"de_DE","og_type":"article","og_title":"AGB's - The Art of Konstantin Bax","og_description":"&nbsp; Note for customers from outside Germany: I am currently working on the english version of the terms and conditions. All items are shipped from Hamburg Germany. Shipping takes about 5-10 business days for international orders. Free shipping of all[...]","og_url":"https:\/\/www.konstantinbax.com\/de\/contact\/agbs\/","og_site_name":"The Art of Konstantin Bax","article_publisher":"https:\/\/www.facebook.com\/denniskonstantinbax\/","article_modified_time":"2019-09-03T08:06:33+00:00","twitter_card":"summary_large_image","twitter_misc":{"Gesch\u00e4tzte Lesezeit":"8\u00a0Minuten"},"schema":{"@context":"https:\/\/schema.org","@graph":[{"@type":"WebPage","@id":"https:\/\/www.konstantinbax.com\/contact\/agbs\/","url":"https:\/\/www.konstantinbax.com\/contact\/agbs\/","name":"AGB's - The Art of Konstantin Bax","isPartOf":{"@id":"https:\/\/www.konstantinbax.com\/#website"},"datePublished":"2011-08-07T21:50:13+00:00","dateModified":"2019-09-03T08:06:33+00:00","breadcrumb":{"@id":"https:\/\/www.konstantinbax.com\/contact\/agbs\/#breadcrumb"},"inLanguage":"de","potentialAction":[{"@type":"ReadAction","target":["https:\/\/www.konstantinbax.com\/contact\/agbs\/"]}]},{"@type":"BreadcrumbList","@id":"https:\/\/www.konstantinbax.com\/contact\/agbs\/#breadcrumb","itemListElement":[{"@type":"ListItem","position":1,"name":"Home","item":"https:\/\/www.konstantinbax.com\/"},{"@type":"ListItem","position":2,"name":"Contact","item":"https:\/\/www.konstantinbax.com\/contact\/"},{"@type":"ListItem","position":3,"name":"AGB&#8217;s"}]},{"@type":"WebSite","@id":"https:\/\/www.konstantinbax.com\/#website","url":"https:\/\/www.konstantinbax.com\/","name":"The Art of Konstantin Bax","description":"Windows to Infinity","publisher":{"@id":"https:\/\/www.konstantinbax.com\/#organization"},"potentialAction":[{"@type":"SearchAction","target":{"@type":"EntryPoint","urlTemplate":"https:\/\/www.konstantinbax.com\/?s={search_term_string}"},"query-input":{"@type":"PropertyValueSpecification","valueRequired":true,"valueName":"search_term_string"}}],"inLanguage":"de"},{"@type":"Organization","@id":"https:\/\/www.konstantinbax.com\/#organization","name":"The Art of Konstantin Bax","url":"https:\/\/www.konstantinbax.com\/","logo":{"@type":"ImageObject","inLanguage":"de","@id":"https:\/\/www.konstantinbax.com\/#\/schema\/logo\/image\/","url":"https:\/\/www.konstantinbax.com\/wp-content\/uploads\/2024\/05\/LogoFinal5DD2.png","contentUrl":"https:\/\/www.konstantinbax.com\/wp-content\/uploads\/2024\/05\/LogoFinal5DD2.png","width":397,"height":370,"caption":"The Art of Konstantin Bax"},"image":{"@id":"https:\/\/www.konstantinbax.com\/#\/schema\/logo\/image\/"},"sameAs":["https:\/\/www.facebook.com\/denniskonstantinbax\/","https:\/\/www.instagram.com\/denniskonstantinbax\/","https:\/\/de.pinterest.com\/beyondomega\/"]}]}},"_links":{"self":[{"href":"https:\/\/www.konstantinbax.com\/de\/wp-json\/wp\/v2\/pages\/583","targetHints":{"allow":["GET"]}}],"collection":[{"href":"https:\/\/www.konstantinbax.com\/de\/wp-json\/wp\/v2\/pages"}],"about":[{"href":"https:\/\/www.konstantinbax.com\/de\/wp-json\/wp\/v2\/types\/page"}],"author":[{"embeddable":true,"href":"https:\/\/www.konstantinbax.com\/de\/wp-json\/wp\/v2\/users\/1"}],"replies":[{"embeddable":true,"href":"https:\/\/www.konstantinbax.com\/de\/wp-json\/wp\/v2\/comments?post=583"}],"version-history":[{"count":0,"href":"https:\/\/www.konstantinbax.com\/de\/wp-json\/wp\/v2\/pages\/583\/revisions"}],"up":[{"embeddable":true,"href":"https:\/\/www.konstantinbax.com\/de\/wp-json\/wp\/v2\/pages\/121"}],"wp:attachment":[{"href":"https:\/\/www.konstantinbax.com\/de\/wp-json\/wp\/v2\/media?parent=583"}],"curies":[{"name":"wp","href":"https:\/\/api.w.org\/{rel}","templated":true}]}}