{"id":46,"date":"2010-12-05T23:06:10","date_gmt":"2010-12-05T22:06:10","guid":{"rendered":"http:\/\/www.denniskonstantin.com\/"},"modified":"2021-06-20T08:11:52","modified_gmt":"2021-06-20T07:11:52","slug":"quantum-realism","status":"publish","type":"page","link":"https:\/\/www.konstantinbax.com\/de\/quantum-realism\/","title":{"rendered":"Gequantelter Realismus"},"content":{"rendered":"<h4 style=\"text-align: center;\"><span style=\"color: #99b898;\">KUNST : WELT : INTEGRATION<\/span><\/h4>\n<p>&nbsp;<\/p>\n<h3 style=\"text-align: center;\"><span style=\"color: #ff847c;\">&nbsp;<\/span><\/h3>\n<p style=\"text-align: right;\">&nbsp;<\/p>\n<p style=\"text-align: justify;\"><strong><span style=\"color: #585455;\">Think!<\/span><\/strong><\/p>\n<p style=\"text-align: justify;\"><span style=\"color: #585455;\">Die Inspirationsquellen der K\u00fcnstler sind wohl vielf\u00e4ltig, doch ist die Sch\u00f6nheit der Natur mit all ihren Erscheinungsweisen die Hauptquelle des k\u00fcnstlerischen Schaffens. Der Versuch, die Welt um uns herum zu begreifen, in dem wir sie analysieren und mit Gedanken und Emotionen durchtr\u00e4nken, um sie so auf eine neue Art und Weise wiederzugeben, ist die treibende Kraft vieler meiner K\u00fcnstlerkollegen.<\/span><\/p>\n<p style=\"text-align: justify;\"><span style=\"color: #585455;\">The rapid technological progress and the developments of quantum physics extend the frontiers of our reality and request our Imagination to push the boundaries. I think, humankind is on the verge of realizing something very profound about reality and its assembly, which will turn our conception of us, the other and the object upside down. The findings of quantum mechanics about the nature of space, that all matter in the universe is nothing but a vibration in an all including field, raised the question of a new definition of the abstract. I will explore this further following text.<\/span><\/p>\n<p style=\"text-align: justify;\"><span style=\"color: #ffffff;\">.<\/span><\/p>\n<div id=\"Layer1\" style=\"text-align: left;\">\n<p style=\"text-align: justify;\"><span style=\"color: #333333;\"><a href=\"https:\/\/www.konstantinbax.com\/wp-content\/uploads\/2010\/12\/antelope-canyon-1128815_1920.jpg\" data-size=\"1920x1170\"><img decoding=\"async\" class=\"aligncenter wp-image-3542 size-full\" src=\"https:\/\/www.konstantinbax.com\/wp-content\/uploads\/2010\/12\/antelope-canyon-1128815_1920.jpg\" alt=\"antelope-canyon-1128815_1920\" width=\"1920\" height=\"1170\" srcset=\"https:\/\/www.konstantinbax.com\/wp-content\/uploads\/2010\/12\/antelope-canyon-1128815_1920.jpg 960w, https:\/\/www.konstantinbax.com\/wp-content\/uploads\/2010\/12\/antelope-canyon-1128815_1920-590x360.jpg 590w, https:\/\/www.konstantinbax.com\/wp-content\/uploads\/2010\/12\/antelope-canyon-1128815_1920-768x468.jpg 768w, https:\/\/www.konstantinbax.com\/wp-content\/uploads\/2010\/12\/antelope-canyon-1128815_1920-950x579.jpg 950w, https:\/\/www.konstantinbax.com\/wp-content\/uploads\/2010\/12\/antelope-canyon-1128815_1920-370x225.jpg 370w, https:\/\/www.konstantinbax.com\/wp-content\/uploads\/2010\/12\/antelope-canyon-1128815_1920-600x366.jpg 600w\" sizes=\"(max-width: 1920px) 100vw, 1920px\" \/><\/a><\/span><\/p>\n<p style=\"text-align: justify;\"><span style=\"color: #ffffff;\">.<\/span><\/p>\n<p style=\"text-align: justify;\"><span style=\"color: #585455;\">On my path as an artist I found a quote which grasped my exploratory urge in a unique way. The quote was from Salvador Dali:<\/span><\/p>\n<p style=\"text-align: justify;\">&nbsp;<\/p>\n<p style=\"text-align: center;\">&nbsp;<span style=\"color: #99b898;\"><em>\u201eIch sehe voraus, was die neue Malerei sein wird, die ich den gequantelten Realismus nenne. Das hei\u00dft, sie wird ber\u00fccksichtigen, was die Physiker Energiequantum, die Mathematiker Zufall und wir K\u00fcnstler das Unw\u00e4gbare oder die Sch\u00f6nheit nennen. Das Bild von Morgen wird getreuester Ausdruck der Wirklichkeit sein, doch wird man sp\u00fcren, dass diese Wirklichkeit beseelt ist von einem au\u00dferordentlichem Leben, das dem entspricht, was man die Diskontinuit\u00e4t der Materie nennt.\u201c<\/em><\/span><\/p>\n<p style=\"text-align: center;\">&nbsp;<\/p>\n<p style=\"text-align: justify;\"><em><img decoding=\"async\" class=\"alignleft size-medium wp-image-341\" src=\"https:\/\/www.konstantinbax.com\/wp-content\/uploads\/2011\/07\/2011-1-Platzhalter-590x489.jpg\" alt=\"The Landscape that didn't do what was expected from it\" width=\"590\" height=\"489\"><\/em><\/p>\n<p>&nbsp;<\/p>\n<p style=\"text-align: justify;\"><span style=\"color: #585455;\">Der Begriff des \u201cgequantelten Realismus\u201c wurde also vor ca. 40 Jahren von Dali das erste Mal benutzt. Er sah in der Kunst der Zukunft die F\u00e4higkeit, eine exakte Kopie der Realit\u00e4t zu malen, was aber nicht bedeutete die Oberfl\u00e4che des Objekts besonders realistisch wiederzugeben, sondern viel mehr ein Abbild seiner 3-dimensionalen Struktur im Raum. Der gequantelte Realismus sollte im Stande sein die permanente Verwandlung unserer Realit\u00e4t wiederzugeben.<\/span><\/p>\n<p style=\"text-align: justify;\"><span style=\"color: #585455;\">Im Universum existiert nichts statisches, alles ist in einer ewigen Bewegung, Materie erscheint und vergeht, verdampft, gefriert, stirbt und wird wieder zusammengebaut, ohne dass wir einen Handschlag daf\u00fcr tun m\u00fcssten. Unter diesen Prozessen existiert ein fundamentales Prinzip der sich entwickelnden Form, welche von uns als die Sch\u00f6nheit wahrgenommen wird, die der Natur innewohnt.<\/span><\/p>\n<p style=\"text-align: justify;\"><span style=\"color: #585455;\">Der gequantelte Realismus versucht die innere Struktur der Dinge deutlich zu machen \u2013 das Prinzip welches hinter ihrem Wachstum steckt sowie ihre Beziehung zum \u201eAu\u00dfen\u201c.<\/span><\/p>\n<p style=\"text-align: justify;\"><span style=\"color: #585455;\">Dieser Begriff des \u201egequantelten Realismus\u201c fasziniert mich bis heute und befl\u00fcgelt meine Phantasie hin zu einem Kunststil, der die Welt als vibrierende Schwingung wahrnimmt, in dem das Objekt nur eine Manifestation des Ganzen ist und nicht als von ihm getrennt wahrgenommen wird.<\/span><\/p>\n<p style=\"text-align: justify;\"><em><a href=\"https:\/\/www.konstantinbax.com\/wp-content\/uploads\/2010\/12\/clouds-426258_1920.jpg\" data-size=\"1920x1276\"><img decoding=\"async\" class=\"alignright wp-image-3545 size-medium\" src=\"https:\/\/www.konstantinbax.com\/wp-content\/uploads\/2010\/12\/clouds-426258_1920-590x392.jpg\" alt=\"clouds-426258_1920\" width=\"590\" height=\"392\" srcset=\"https:\/\/www.konstantinbax.com\/wp-content\/uploads\/2010\/12\/clouds-426258_1920-590x392.jpg 590w, https:\/\/www.konstantinbax.com\/wp-content\/uploads\/2010\/12\/clouds-426258_1920-768x510.jpg 768w, https:\/\/www.konstantinbax.com\/wp-content\/uploads\/2010\/12\/clouds-426258_1920-950x631.jpg 950w, https:\/\/www.konstantinbax.com\/wp-content\/uploads\/2010\/12\/clouds-426258_1920-370x246.jpg 370w, https:\/\/www.konstantinbax.com\/wp-content\/uploads\/2010\/12\/clouds-426258_1920-600x399.jpg 600w, https:\/\/www.konstantinbax.com\/wp-content\/uploads\/2010\/12\/clouds-426258_1920.jpg 960w\" sizes=\"(max-width: 590px) 100vw, 590px\" \/><\/a><\/em><\/p>\n<p style=\"text-align: center;\">&nbsp;<\/p>\n<p>&nbsp;<\/p>\n<p style=\"text-align: center;\"><span style=\"color: #99b898;\"><em><em>\u201eDas Feld existiert immer und \u00fcberall, es l\u00e4sst sich durch nichts entfernen und es ist Tr\u00e4ger allen materiellen Geschehens. Bestehen und Vergehen von Teilchen sind nur Bewegungsformen des Feldes.\u201c<\/em><\/em><\/span><\/p>\n<p style=\"text-align: justify;\">&nbsp;<\/p>\n<p style=\"text-align: justify;\"><span style=\"color: #585455;\">Man k\u00f6nnte f\u00e4lschlicherweise denken, dass dieses Zitat aus den Upanishaden stammt, so \u201espirituell\u201c es auch klingt, ist es jedoch die \u00c4u\u00dferung eines bekannten Quantentheoretikers zur Gestalt unserer Wirklichkeit.<\/span><\/p>\n<p style=\"text-align: justify;\"><span style=\"color: #585455;\">Wenn die Wissenschaft Recht hat indem sie sagt, dass der Mensch nur 5% seiner Umwelt wahrnimmt, so muss man doch zu dem Schluss kommen, dass unsere allt\u00e4gliche Wahrnehmung eine Abstraktion der Wirklichkeit ist, ein Bruchteil dessen was \u201eda drau\u00dfen\u201c vor sich geht.<\/span><\/p>\n<p style=\"text-align: justify;\"><span style=\"color: #585455;\">Nun stelle ich ganz bewusst die Behauptung auf, dass dieser \u201eVerlust\u201c der Totalit\u00e4t der Wirklichkeit, sehr viel mit unseren gesellschaftlichen \u00dcbereink\u00fcnften zu tun hat, und ich rede hier im speziellen von der Sprache im weitesten Sinne.  Dinge werden durch W\u00f6rter in unseren K\u00f6pfen erschaffen, und mit unserem Wortschatz erweitert sich auch unser Verst\u00e4ndnis der Welt.<\/span><\/p>\n<p style=\"text-align: justify;\"><span style=\"color: #585455;\">Doch wenn man tiefer in diesen Sachverhalt blickt, muss man erkennen, dass es einen gravierenden Unterschied zwischen dem Wort und dem tats\u00e4chlichen Objekt gibt.\n\n2010-3-DieSchwaerze\n\nDas Eine ist eine intellektuelle \u201eIdee\u201c, eine auf wenige Hauptmerkmale reduzierte \u201eBeschreibung\u201c des Objekts. Das Andere, der reale Gegenstand, ist jedoch eine sich im Raum, \u00fcber die Zeit hinweg, ver\u00e4ndernde Schwingung, die niemals solch starre Grenzen besitzt wie seine intellektuelle Beschreibung. <\/span><span style=\"color: #585455;\">Denk mal dar\u00fcber nach:<\/span><\/p>\n<p style=\"text-align: justify;\"><img decoding=\"async\" class=\"alignleft size-medium wp-image-2327\" src=\"https:\/\/www.konstantinbax.com\/wp-content\/uploads\/2010\/12\/2010-3-DieSchwaerze1-590x394.jpg\" alt=\"2010-3-DieSchwaerze\" width=\"590\" height=\"394\" srcset=\"https:\/\/www.konstantinbax.com\/wp-content\/uploads\/2010\/12\/2010-3-DieSchwaerze1-590x394.jpg 590w, https:\/\/www.konstantinbax.com\/wp-content\/uploads\/2010\/12\/2010-3-DieSchwaerze1-370x247.jpg 370w, https:\/\/www.konstantinbax.com\/wp-content\/uploads\/2010\/12\/2010-3-DieSchwaerze1-600x401.jpg 600w, https:\/\/www.konstantinbax.com\/wp-content\/uploads\/2010\/12\/2010-3-DieSchwaerze1.jpg 709w\" sizes=\"(max-width: 590px) 100vw, 590px\" \/><\/p>\n<p style=\"text-align: center;\">&nbsp;<\/p>\n<p style=\"text-align: center;\"><span style=\"color: #99b898;\">Das Gegenst\u00e4ndliche passiert im Kopf, das Abstrakte ist \u201edort drau\u00dfen\u201c <\/span><\/p>\n<p style=\"text-align: justify;\">&nbsp;<\/p>\n<p style=\"text-align: justify;\"><span style=\"color: #585455;\">Bis zum ersten Aufkeimen der abstrakten Malerei Anfang des 20. Jahrhunderts war die Malerei mehr oder weniger reines Spiegelbild des Intellekts der betreffenden Zeit. Erst mit dem Verlangen der Menschen nach dem \u201eDahinterstehenden\u201c, l\u00e4sst sich der Weg in die Welt des Abstrakten nachzeichnen.<\/span><\/p>\n<p style=\"text-align: justify;\"><span style=\"color: #585455;\">Mit K\u00fcnstlern wie Monet oder Cezanne kommt ein weiterer Faktor zur Abbildung des Gesehenen dazu, n\u00e4mlich die Kraft des Gef\u00fchls und des Ausdrucks. Wenn Cezanne sagt,    \u201eIch bringe alles zusammen was sich zerstreut\u201c, k\u00fcndigt er damit insgeheim das Ende einer fragmentarischen Weltanschauung an, die die Dinge als autonome Objekte im Raum ansieht. Die Dinge bekommen die gleiche Wertigkeit und verschmelzen in ihrer fl\u00e4chigen Farbmalerei zu einem homogenen Ganzen.<\/span><\/p>\n<p style=\"text-align: justify;\"><span style=\"color: #585455;\">Kandinsky f\u00fchrt dies sogar noch weiter, indem er sagt:<\/span><\/p>\n<p style=\"text-align: justify;\">&nbsp;<\/p>\n<p style=\"text-align: center;\"><span style=\"color: #99b898;\">\u201eDer Sinn ist nicht mehr der Gegenstand, sondern der innere Klang der Form.\u201c<\/span><\/p>\n<p><a href=\"https:\/\/www.konstantinbax.com\/wp-content\/uploads\/2010\/12\/air-20560_1920.jpg\" data-size=\"1280x1920\"><img decoding=\"async\" class=\"alignright wp-image-3546\" src=\"https:\/\/www.konstantinbax.com\/wp-content\/uploads\/2010\/12\/air-20560_1920-393x590.jpg\" alt=\"air-20560_1920\" width=\"267\" height=\"400\" srcset=\"https:\/\/www.konstantinbax.com\/wp-content\/uploads\/2010\/12\/air-20560_1920-393x590.jpg 393w, https:\/\/www.konstantinbax.com\/wp-content\/uploads\/2010\/12\/air-20560_1920-633x950.jpg 633w, https:\/\/www.konstantinbax.com\/wp-content\/uploads\/2010\/12\/air-20560_1920-370x555.jpg 370w, https:\/\/www.konstantinbax.com\/wp-content\/uploads\/2010\/12\/air-20560_1920-600x900.jpg 600w, https:\/\/www.konstantinbax.com\/wp-content\/uploads\/2010\/12\/air-20560_1920.jpg 640w\" sizes=\"(max-width: 267px) 100vw, 267px\" \/><\/a><\/p>\n<p>&nbsp;<\/p>\n<p style=\"text-align: justify;\"><span style=\"color: #585455;\">Wir k\u00f6nnen hier eine ganz klare Abkehr vom reinen Verstand beobachten. Die K\u00fcnstler fangen an, nach der tieferen Identit\u00e4t des Objekts zu forschen, indem sie den Gegenstand von seiner \u201e\u00e4u\u00dferen\u201c Form befreien und ihn aus seinem \u201eInneren\u201c klingen lassen.<\/span><\/p>\n<p style=\"text-align: justify;\"><span style=\"color: #585455;\">Abstraktion ist also weniger das Weglassen von Information, als vielmehr das Aufzeigen weiterer \u201eSchichten\u201c der Realit\u00e4t. So l\u00f6st der Kubismus die organische Einheit der Gegenst\u00e4nde auf, gerade um deren Formgehalt zu finden.<\/span><\/p>\n<p style=\"text-align: justify;\"><span style=\"color: #585455;\">Die Abstraktion vom Gegenstand bedeutet auch gleichzeitig eine Abkehr von den einzw\u00e4ngenden Limitierungen des Verstandes, hin zu einer mehr intuitiven Wahrnehmung der Realit\u00e4t. Diese Entwicklung gipfelte in der informellen Malerei, dem Versuch, dem Chaos eine neue kreative Ordnung zu entrei\u00dfen, wo das Bild das Ergebnis spontaner und schneller Entscheidungen war.<\/span><\/p>\n<p style=\"text-align: justify;\"><span style=\"color: #585455;\">F\u00fcr mich stellt sich nun die Frage in wie weit der K\u00fcnstler in dieses Abstrakte vordringen kann, wie viel Information er im Stande ist hinter der Welt des reinen Verstandes hervorzuholen, um somit neue unbekannte Aspekte der Realit\u00e4t ans Licht zu bringen, und sie dann in unsere Welt der Sprache zu integrieren.<\/span><\/p>\n<p style=\"text-align: justify;\"><span style=\"color: #585455;\">Das Abstrakte ist so komplex, dass wir nur einen Teil davon herausfiltern und damit ein System der Verst\u00e4ndigung schaffen, in welchem wir uns einigerma\u00dfen zurechtfinden k\u00f6nnen. Unsere Intuition f\u00fchrt uns jedoch in die Untiefen des Unbekannten und es liegt an uns die Dinge ans Licht zu holen.<em>yet!<\/em><\/span><\/p>\n<p style=\"text-align: justify;\"><span style=\"color: #585455;\">Die Zeit ist reif! <em>imagine it<\/em>, to make it our Reality.<\/span><\/p>\n<p style=\"text-align: justify;\">&nbsp;<\/p>\n<p style=\"text-align: center;\"><span style=\"color: #99b898;\">Konstantin Bax<\/span><\/p>\n<\/div>\n<p style=\"text-align: justify;\">&nbsp;<\/p>\n<p>&nbsp;<\/p>\n<p>&nbsp;<\/p>\n<p><span style=\"color: #161616;\">.<\/span><\/p>\n<h3 style=\"text-align: center;\"><a href=\"https:\/\/www.konstantinbax.com\/de\/aboutbax2\/\">ABOUT BAX<\/a><\/h3>\n<h3 style=\"text-align: center;\"><a href=\"https:\/\/www.konstantinbax.com\/de\/paintings2015-2018\/\">PAINTINGS<\/a><\/h3>\n<h3 style=\"text-align: center;\"><a href=\"https:\/\/www.konstantinbax.com\/de\/shop\/\">SHOP<\/a><\/h3>\n<p>&nbsp;<\/p>","protected":false},"excerpt":{"rendered":"<p>A WORLDVIEW OF INTEGRATION &nbsp; &nbsp; &nbsp; Think! The Sources of Inspiration for artists are diverse, but the beauty of nature with all its various appearances is maybe the major source of creativity. The attempt to comprehend the world around[&#8230;]<\/p>\n","protected":false},"author":1,"featured_media":2594,"parent":0,"menu_order":0,"comment_status":"closed","ping_status":"closed","template":"","meta":{"_editorskit_title_hidden":false,"_editorskit_reading_time":0,"_editorskit_is_block_options_detached":false,"_editorskit_block_options_position":"{}","ngg_post_thumbnail":0,"footnotes":""},"class_list":["post-46","page","type-page","status-publish","has-post-thumbnail","hentry"],"yoast_head":"<!-- This site is optimized with the Yoast SEO plugin v26.9 - https:\/\/yoast.com\/product\/yoast-seo-wordpress\/ -->\n<title>Quantum Realism and the Art of Dennis Konstantin Bax<\/title>\n<meta name=\"description\" content=\"About Hyperpop &amp; Quantum Realism. The progressive psychedelic and visionary art from Hamburg based artist Dennis Konstantin Bax\" \/>\n<meta name=\"robots\" content=\"index, follow, max-snippet:-1, max-image-preview:large, max-video-preview:-1\" \/>\n<link rel=\"canonical\" href=\"https:\/\/www.konstantinbax.com\/de\/aboutbax2__trashed\/quantum-realism\/\" \/>\n<meta property=\"og:locale\" content=\"de_DE\" \/>\n<meta property=\"og:type\" content=\"article\" \/>\n<meta property=\"og:title\" content=\"Quantum Realism and the Art of Dennis Konstantin Bax\" \/>\n<meta property=\"og:description\" content=\"About Hyperpop &amp; Quantum Realism. The progressive psychedelic and visionary art from Hamburg based artist Dennis Konstantin Bax\" \/>\n<meta property=\"og:url\" content=\"https:\/\/www.konstantinbax.com\/de\/aboutbax2__trashed\/quantum-realism\/\" \/>\n<meta property=\"og:site_name\" content=\"The Art of Konstantin Bax\" \/>\n<meta property=\"article:publisher\" content=\"https:\/\/www.facebook.com\/denniskonstantinbax\/\" \/>\n<meta property=\"article:modified_time\" content=\"2021-06-20T07:11:52+00:00\" \/>\n<meta property=\"og:image\" content=\"https:\/\/www.konstantinbax.com\/wp-content\/uploads\/2014\/10\/DennisKonstantinBaxOverdrive.jpg\" \/>\n\t<meta property=\"og:image:width\" content=\"434\" \/>\n\t<meta property=\"og:image:height\" content=\"800\" \/>\n\t<meta property=\"og:image:type\" content=\"image\/jpeg\" \/>\n<meta name=\"twitter:card\" content=\"summary_large_image\" \/>\n<meta name=\"twitter:label1\" content=\"Gesch\u00e4tzte Lesezeit\" \/>\n\t<meta name=\"twitter:data1\" content=\"6\u00a0Minuten\" \/>\n<script type=\"application\/ld+json\" class=\"yoast-schema-graph\">{\"@context\":\"https:\/\/schema.org\",\"@graph\":[{\"@type\":\"WebPage\",\"@id\":\"https:\/\/www.konstantinbax.com\/aboutbax2__trashed\/quantum-realism\/\",\"url\":\"https:\/\/www.konstantinbax.com\/aboutbax2__trashed\/quantum-realism\/\",\"name\":\"Quantum Realism and the Art of Dennis Konstantin Bax\",\"isPartOf\":{\"@id\":\"https:\/\/www.konstantinbax.com\/#website\"},\"primaryImageOfPage\":{\"@id\":\"https:\/\/www.konstantinbax.com\/aboutbax2__trashed\/quantum-realism\/#primaryimage\"},\"image\":{\"@id\":\"https:\/\/www.konstantinbax.com\/aboutbax2__trashed\/quantum-realism\/#primaryimage\"},\"thumbnailUrl\":\"https:\/\/www.konstantinbax.com\/wp-content\/uploads\/2014\/10\/DennisKonstantinBaxOverdrive.jpg\",\"datePublished\":\"2010-12-05T22:06:10+00:00\",\"dateModified\":\"2021-06-20T07:11:52+00:00\",\"description\":\"About Hyperpop & Quantum Realism. The progressive psychedelic and visionary art from Hamburg based artist Dennis Konstantin Bax\",\"breadcrumb\":{\"@id\":\"https:\/\/www.konstantinbax.com\/aboutbax2__trashed\/quantum-realism\/#breadcrumb\"},\"inLanguage\":\"de\",\"potentialAction\":[{\"@type\":\"ReadAction\",\"target\":[\"https:\/\/www.konstantinbax.com\/aboutbax2__trashed\/quantum-realism\/\"]}]},{\"@type\":\"ImageObject\",\"inLanguage\":\"de\",\"@id\":\"https:\/\/www.konstantinbax.com\/aboutbax2__trashed\/quantum-realism\/#primaryimage\",\"url\":\"https:\/\/www.konstantinbax.com\/wp-content\/uploads\/2014\/10\/DennisKonstantinBaxOverdrive.jpg\",\"contentUrl\":\"https:\/\/www.konstantinbax.com\/wp-content\/uploads\/2014\/10\/DennisKonstantinBaxOverdrive.jpg\",\"width\":434,\"height\":800,\"caption\":\"Hyperpop Dennis Konstantin Bax Overdrive\"},{\"@type\":\"BreadcrumbList\",\"@id\":\"https:\/\/www.konstantinbax.com\/aboutbax2__trashed\/quantum-realism\/#breadcrumb\",\"itemListElement\":[{\"@type\":\"ListItem\",\"position\":1,\"name\":\"Home\",\"item\":\"https:\/\/www.konstantinbax.com\/\"},{\"@type\":\"ListItem\",\"position\":2,\"name\":\"Quantum Realism\"}]},{\"@type\":\"WebSite\",\"@id\":\"https:\/\/www.konstantinbax.com\/#website\",\"url\":\"https:\/\/www.konstantinbax.com\/\",\"name\":\"The Art of Konstantin Bax\",\"description\":\"Windows to Infinity\",\"publisher\":{\"@id\":\"https:\/\/www.konstantinbax.com\/#organization\"},\"potentialAction\":[{\"@type\":\"SearchAction\",\"target\":{\"@type\":\"EntryPoint\",\"urlTemplate\":\"https:\/\/www.konstantinbax.com\/?s={search_term_string}\"},\"query-input\":{\"@type\":\"PropertyValueSpecification\",\"valueRequired\":true,\"valueName\":\"search_term_string\"}}],\"inLanguage\":\"de\"},{\"@type\":\"Organization\",\"@id\":\"https:\/\/www.konstantinbax.com\/#organization\",\"name\":\"The Art of Konstantin Bax\",\"url\":\"https:\/\/www.konstantinbax.com\/\",\"logo\":{\"@type\":\"ImageObject\",\"inLanguage\":\"de\",\"@id\":\"https:\/\/www.konstantinbax.com\/#\/schema\/logo\/image\/\",\"url\":\"https:\/\/www.konstantinbax.com\/wp-content\/uploads\/2024\/05\/LogoFinal5DD2.png\",\"contentUrl\":\"https:\/\/www.konstantinbax.com\/wp-content\/uploads\/2024\/05\/LogoFinal5DD2.png\",\"width\":397,\"height\":370,\"caption\":\"The Art of Konstantin Bax\"},\"image\":{\"@id\":\"https:\/\/www.konstantinbax.com\/#\/schema\/logo\/image\/\"},\"sameAs\":[\"https:\/\/www.facebook.com\/denniskonstantinbax\/\",\"https:\/\/www.instagram.com\/denniskonstantinbax\/\",\"https:\/\/de.pinterest.com\/beyondomega\/\"]}]}<\/script>\n<!-- \/ Yoast SEO plugin. -->","yoast_head_json":{"title":"Quantum Realism and the Art of Dennis Konstantin Bax","description":"About Hyperpop & Quantum Realism. The progressive psychedelic and visionary art from Hamburg based artist Dennis Konstantin Bax","robots":{"index":"index","follow":"follow","max-snippet":"max-snippet:-1","max-image-preview":"max-image-preview:large","max-video-preview":"max-video-preview:-1"},"canonical":"https:\/\/www.konstantinbax.com\/de\/aboutbax2__trashed\/quantum-realism\/","og_locale":"de_DE","og_type":"article","og_title":"Quantum Realism and the Art of Dennis Konstantin Bax","og_description":"About Hyperpop & Quantum Realism. The progressive psychedelic and visionary art from Hamburg based artist Dennis Konstantin Bax","og_url":"https:\/\/www.konstantinbax.com\/de\/aboutbax2__trashed\/quantum-realism\/","og_site_name":"The Art of Konstantin Bax","article_publisher":"https:\/\/www.facebook.com\/denniskonstantinbax\/","article_modified_time":"2021-06-20T07:11:52+00:00","og_image":[{"width":434,"height":800,"url":"https:\/\/www.konstantinbax.com\/wp-content\/uploads\/2014\/10\/DennisKonstantinBaxOverdrive.jpg","type":"image\/jpeg"}],"twitter_card":"summary_large_image","twitter_misc":{"Gesch\u00e4tzte Lesezeit":"6\u00a0Minuten"},"schema":{"@context":"https:\/\/schema.org","@graph":[{"@type":"WebPage","@id":"https:\/\/www.konstantinbax.com\/aboutbax2__trashed\/quantum-realism\/","url":"https:\/\/www.konstantinbax.com\/aboutbax2__trashed\/quantum-realism\/","name":"Quantum Realism and the Art of Dennis Konstantin Bax","isPartOf":{"@id":"https:\/\/www.konstantinbax.com\/#website"},"primaryImageOfPage":{"@id":"https:\/\/www.konstantinbax.com\/aboutbax2__trashed\/quantum-realism\/#primaryimage"},"image":{"@id":"https:\/\/www.konstantinbax.com\/aboutbax2__trashed\/quantum-realism\/#primaryimage"},"thumbnailUrl":"https:\/\/www.konstantinbax.com\/wp-content\/uploads\/2014\/10\/DennisKonstantinBaxOverdrive.jpg","datePublished":"2010-12-05T22:06:10+00:00","dateModified":"2021-06-20T07:11:52+00:00","description":"About Hyperpop & Quantum Realism. The progressive psychedelic and visionary art from Hamburg based artist Dennis Konstantin Bax","breadcrumb":{"@id":"https:\/\/www.konstantinbax.com\/aboutbax2__trashed\/quantum-realism\/#breadcrumb"},"inLanguage":"de","potentialAction":[{"@type":"ReadAction","target":["https:\/\/www.konstantinbax.com\/aboutbax2__trashed\/quantum-realism\/"]}]},{"@type":"ImageObject","inLanguage":"de","@id":"https:\/\/www.konstantinbax.com\/aboutbax2__trashed\/quantum-realism\/#primaryimage","url":"https:\/\/www.konstantinbax.com\/wp-content\/uploads\/2014\/10\/DennisKonstantinBaxOverdrive.jpg","contentUrl":"https:\/\/www.konstantinbax.com\/wp-content\/uploads\/2014\/10\/DennisKonstantinBaxOverdrive.jpg","width":434,"height":800,"caption":"Hyperpop Dennis Konstantin Bax Overdrive"},{"@type":"BreadcrumbList","@id":"https:\/\/www.konstantinbax.com\/aboutbax2__trashed\/quantum-realism\/#breadcrumb","itemListElement":[{"@type":"ListItem","position":1,"name":"Home","item":"https:\/\/www.konstantinbax.com\/"},{"@type":"ListItem","position":2,"name":"Quantum Realism"}]},{"@type":"WebSite","@id":"https:\/\/www.konstantinbax.com\/#website","url":"https:\/\/www.konstantinbax.com\/","name":"The Art of Konstantin Bax","description":"Windows to Infinity","publisher":{"@id":"https:\/\/www.konstantinbax.com\/#organization"},"potentialAction":[{"@type":"SearchAction","target":{"@type":"EntryPoint","urlTemplate":"https:\/\/www.konstantinbax.com\/?s={search_term_string}"},"query-input":{"@type":"PropertyValueSpecification","valueRequired":true,"valueName":"search_term_string"}}],"inLanguage":"de"},{"@type":"Organization","@id":"https:\/\/www.konstantinbax.com\/#organization","name":"The Art of Konstantin Bax","url":"https:\/\/www.konstantinbax.com\/","logo":{"@type":"ImageObject","inLanguage":"de","@id":"https:\/\/www.konstantinbax.com\/#\/schema\/logo\/image\/","url":"https:\/\/www.konstantinbax.com\/wp-content\/uploads\/2024\/05\/LogoFinal5DD2.png","contentUrl":"https:\/\/www.konstantinbax.com\/wp-content\/uploads\/2024\/05\/LogoFinal5DD2.png","width":397,"height":370,"caption":"The Art of Konstantin Bax"},"image":{"@id":"https:\/\/www.konstantinbax.com\/#\/schema\/logo\/image\/"},"sameAs":["https:\/\/www.facebook.com\/denniskonstantinbax\/","https:\/\/www.instagram.com\/denniskonstantinbax\/","https:\/\/de.pinterest.com\/beyondomega\/"]}]}},"_links":{"self":[{"href":"https:\/\/www.konstantinbax.com\/de\/wp-json\/wp\/v2\/pages\/46","targetHints":{"allow":["GET"]}}],"collection":[{"href":"https:\/\/www.konstantinbax.com\/de\/wp-json\/wp\/v2\/pages"}],"about":[{"href":"https:\/\/www.konstantinbax.com\/de\/wp-json\/wp\/v2\/types\/page"}],"author":[{"embeddable":true,"href":"https:\/\/www.konstantinbax.com\/de\/wp-json\/wp\/v2\/users\/1"}],"replies":[{"embeddable":true,"href":"https:\/\/www.konstantinbax.com\/de\/wp-json\/wp\/v2\/comments?post=46"}],"version-history":[{"count":0,"href":"https:\/\/www.konstantinbax.com\/de\/wp-json\/wp\/v2\/pages\/46\/revisions"}],"wp:featuredmedia":[{"embeddable":true,"href":"https:\/\/www.konstantinbax.com\/de\/wp-json\/wp\/v2\/media\/2594"}],"wp:attachment":[{"href":"https:\/\/www.konstantinbax.com\/de\/wp-json\/wp\/v2\/media?parent=46"}],"curies":[{"name":"wp","href":"https:\/\/api.w.org\/{rel}","templated":true}]}}